{"id":8276,"date":"2022-11-09T15:06:50","date_gmt":"2022-11-09T15:06:50","guid":{"rendered":"https:\/\/shop.axiell.com\/?post_type=product&#038;p=8276"},"modified":"2022-11-09T15:08:08","modified_gmt":"2022-11-09T15:08:08","slug":"streckkodsetiketter-neutral-code128-200","status":"publish","type":"product","link":"https:\/\/shop.axiell.com\/sv\/produkt\/streckkodsetiketter-neutral-code128-200\/","title":{"rendered":"Streckkodsetiketter neutral Code128 -200"},"content":{"rendered":"<table>\n<tbody>\n<tr>\n<td><strong>Streckkodsetiketter<\/strong><\/td>\n<\/tr>\n<tr>\n<td>\n<table border=\"0\" cellspacing=\"0\" cellpadding=\"0\">\n<tbody>\n<tr>\n<td><\/td>\n<td align=\"left\" valign=\"top\">\n<table border=\"0\" cellspacing=\"0\" cellpadding=\"0\">\n<tbody>\n<tr>\n<td class=\"HEADING O546190c0\" valign=\"top\">\n<div class=\"HEADING\"><strong>Streckkodsetikett neutral Code128<br \/>\n<\/strong><\/div>\n<\/td>\n<\/tr>\n<tr>\n<td class=\"NORMAL Ocd68c17a\" valign=\"top\">&nbsp;<\/p>\n<p><span class=\"NORMAL\">Detta \u00e4r streckkodsetiketter som man klistrar p\u00e5 bokens baksida.<br \/>\nAlla etiketter har ett unikt l\u00f6pnummer, som b\u00f6rjar p\u00e5 siffran 2.<br \/>\n<\/span><\/p>\n<p><strong>Kodtypen \u00e4r Code128. <\/strong><\/p>\n<p>Denna etikett levereras p\u00e5 rulle.<\/p>\n<p>Minsta volym \u00e4r 1000 etiketter, vilket \u00e4r 1 rulle.<\/p>\n<p><strong>\u00a0<\/strong><\/td>\n<\/tr>\n<\/tbody>\n<\/table>\n<\/td>\n<\/tr>\n<\/tbody>\n<\/table>\n<p>Vill du testa v\u00e5ra etiketter? Maila till <a href=\"mailto:kontakt@axielldirekt.com\">kontakt@axielldirekt.com<\/a> s\u00e5 skickar vi n\u00e5gra till dig utan kostnad.<\/td>\n<\/tr>\n<\/tbody>\n<\/table>\n","protected":false},"excerpt":{"rendered":"<p><span class=\"NORMAL\">Detta \u00e4r streckkodsetiketter som man klistrar p\u00e5 bokens baksida.<br \/>\n<\/span><strong>Kodtypen \u00e4r Code128. <\/strong><\/p>\n","protected":false},"featured_media":8290,"template":"","meta":[],"product_brand":[],"product_cat":[438,1283,439],"product_tag":[],"class_list":{"0":"post-8276","1":"product","2":"type-product","3":"status-publish","4":"has-post-thumbnail","6":"product_cat-etiketter","7":"product_cat-for-skolbibliotek","8":"product_cat-streckkodsetiketter","10":"first","11":"instock","12":"taxable","13":"shipping-taxable","14":"purchasable","15":"product-type-variable"},"yoast_head":"<!-- This site is optimized with the Yoast SEO Premium plugin v27.5 (Yoast SEO v27.5) - https:\/\/yoast.com\/product\/yoast-seo-premium-wordpress\/ -->\n<title>Streckkodsetiketter neutral Code128 -200 | AxiellDirekt<\/title>\n<meta name=\"robots\" content=\"index, follow, max-snippet:-1, max-image-preview:large, max-video-preview:-1\" \/>\n<link rel=\"canonical\" href=\"https:\/\/shop.axiell.com\/sv\/produkt\/streckkodsetiketter-neutral-code128-200\/\" \/>\n<meta property=\"og:locale\" content=\"sv_SE\" \/>\n<meta property=\"og:type\" content=\"article\" \/>\n<meta property=\"og:title\" content=\"Streckkodsetiketter neutral Code128 -200\" \/>\n<meta property=\"og:description\" content=\"Detta \u00e4r streckkodsetiketter som man klistrar p\u00e5 bokens baksida. Kodtypen \u00e4r Code128.\" \/>\n<meta property=\"og:url\" content=\"https:\/\/shop.axiell.com\/sv\/produkt\/streckkodsetiketter-neutral-code128-200\/\" \/>\n<meta property=\"og:site_name\" content=\"AxiellDirekt\" \/>\n<meta property=\"article:modified_time\" content=\"2022-11-09T15:08:08+00:00\" \/>\n<meta property=\"og:image\" content=\"https:\/\/shop.axiell.com\/wp-content\/uploads\/2022\/11\/2681.jpg\" \/>\n\t<meta property=\"og:image:width\" content=\"245\" \/>\n\t<meta property=\"og:image:height\" content=\"85\" \/>\n\t<meta property=\"og:image:type\" content=\"image\/jpeg\" \/>\n<meta name=\"twitter:card\" content=\"summary_large_image\" \/>\n<script type=\"application\/ld+json\" class=\"yoast-schema-graph\">{\"@context\":\"https:\\\/\\\/schema.org\",\"@graph\":[{\"@type\":\"WebPage\",\"@id\":\"https:\\\/\\\/shop.axiell.com\\\/sv\\\/produkt\\\/streckkodsetiketter-neutral-code128-200\\\/\",\"url\":\"https:\\\/\\\/shop.axiell.com\\\/sv\\\/produkt\\\/streckkodsetiketter-neutral-code128-200\\\/\",\"name\":\"Streckkodsetiketter neutral Code128 -200 | AxiellDirekt\",\"isPartOf\":{\"@id\":\"https:\\\/\\\/shop.axiell.com\\\/#website\"},\"primaryImageOfPage\":{\"@id\":\"https:\\\/\\\/shop.axiell.com\\\/sv\\\/produkt\\\/streckkodsetiketter-neutral-code128-200\\\/#primaryimage\"},\"image\":{\"@id\":\"https:\\\/\\\/shop.axiell.com\\\/sv\\\/produkt\\\/streckkodsetiketter-neutral-code128-200\\\/#primaryimage\"},\"thumbnailUrl\":\"https:\\\/\\\/shop.axiell.com\\\/wp-content\\\/uploads\\\/2022\\\/11\\\/2681.jpg\",\"datePublished\":\"2022-11-09T15:06:50+00:00\",\"dateModified\":\"2022-11-09T15:08:08+00:00\",\"breadcrumb\":{\"@id\":\"https:\\\/\\\/shop.axiell.com\\\/sv\\\/produkt\\\/streckkodsetiketter-neutral-code128-200\\\/#breadcrumb\"},\"inLanguage\":\"sv-SE\",\"potentialAction\":[{\"@type\":\"ReadAction\",\"target\":[\"https:\\\/\\\/shop.axiell.com\\\/sv\\\/produkt\\\/streckkodsetiketter-neutral-code128-200\\\/\"]}]},{\"@type\":\"ImageObject\",\"inLanguage\":\"sv-SE\",\"@id\":\"https:\\\/\\\/shop.axiell.com\\\/sv\\\/produkt\\\/streckkodsetiketter-neutral-code128-200\\\/#primaryimage\",\"url\":\"https:\\\/\\\/shop.axiell.com\\\/wp-content\\\/uploads\\\/2022\\\/11\\\/2681.jpg\",\"contentUrl\":\"https:\\\/\\\/shop.axiell.com\\\/wp-content\\\/uploads\\\/2022\\\/11\\\/2681.jpg\",\"width\":245,\"height\":85},{\"@type\":\"BreadcrumbList\",\"@id\":\"https:\\\/\\\/shop.axiell.com\\\/sv\\\/produkt\\\/streckkodsetiketter-neutral-code128-200\\\/#breadcrumb\",\"itemListElement\":[{\"@type\":\"ListItem\",\"position\":1,\"name\":\"Home\",\"item\":\"https:\\\/\\\/shop.axiell.com\\\/sv\\\/\"},{\"@type\":\"ListItem\",\"position\":2,\"name\":\"Shop\",\"item\":\"https:\\\/\\\/shop.axiell.com\\\/sv\\\/shop\\\/\"},{\"@type\":\"ListItem\",\"position\":3,\"name\":\"Streckkodsetiketter neutral Code128 -200\"}]},{\"@type\":\"WebSite\",\"@id\":\"https:\\\/\\\/shop.axiell.com\\\/#website\",\"url\":\"https:\\\/\\\/shop.axiell.com\\\/\",\"name\":\"AxiellDirekt\",\"description\":\"Axiell webshop, dedicated to libraries\",\"publisher\":{\"@id\":\"https:\\\/\\\/shop.axiell.com\\\/#organization\"},\"potentialAction\":[{\"@type\":\"SearchAction\",\"target\":{\"@type\":\"EntryPoint\",\"urlTemplate\":\"https:\\\/\\\/shop.axiell.com\\\/?s={search_term_string}\"},\"query-input\":{\"@type\":\"PropertyValueSpecification\",\"valueRequired\":true,\"valueName\":\"search_term_string\"}}],\"inLanguage\":\"sv-SE\"},{\"@type\":\"Organization\",\"@id\":\"https:\\\/\\\/shop.axiell.com\\\/#organization\",\"name\":\"AxiellDirekt\",\"url\":\"https:\\\/\\\/shop.axiell.com\\\/\",\"logo\":{\"@type\":\"ImageObject\",\"inLanguage\":\"sv-SE\",\"@id\":\"https:\\\/\\\/shop.axiell.com\\\/#\\\/schema\\\/logo\\\/image\\\/\",\"url\":\"https:\\\/\\\/shop.axiell.com\\\/wp-content\\\/uploads\\\/2019\\\/05\\\/cropped-axiell-logo@2.png\",\"contentUrl\":\"https:\\\/\\\/shop.axiell.com\\\/wp-content\\\/uploads\\\/2019\\\/05\\\/cropped-axiell-logo@2.png\",\"width\":225,\"height\":60,\"caption\":\"AxiellDirekt\"},\"image\":{\"@id\":\"https:\\\/\\\/shop.axiell.com\\\/#\\\/schema\\\/logo\\\/image\\\/\"}}]}<\/script>\n<!-- \/ Yoast SEO Premium plugin. -->","yoast_head_json":{"title":"Streckkodsetiketter neutral Code128 -200 | AxiellDirekt","robots":{"index":"index","follow":"follow","max-snippet":"max-snippet:-1","max-image-preview":"max-image-preview:large","max-video-preview":"max-video-preview:-1"},"canonical":"https:\/\/shop.axiell.com\/sv\/produkt\/streckkodsetiketter-neutral-code128-200\/","og_locale":"sv_SE","og_type":"article","og_title":"Streckkodsetiketter neutral Code128 -200","og_description":"Detta \u00e4r streckkodsetiketter som man klistrar p\u00e5 bokens baksida. Kodtypen \u00e4r Code128.","og_url":"https:\/\/shop.axiell.com\/sv\/produkt\/streckkodsetiketter-neutral-code128-200\/","og_site_name":"AxiellDirekt","article_modified_time":"2022-11-09T15:08:08+00:00","og_image":[{"width":245,"height":85,"url":"https:\/\/shop.axiell.com\/wp-content\/uploads\/2022\/11\/2681.jpg","type":"image\/jpeg"}],"twitter_card":"summary_large_image","schema":{"@context":"https:\/\/schema.org","@graph":[{"@type":"WebPage","@id":"https:\/\/shop.axiell.com\/sv\/produkt\/streckkodsetiketter-neutral-code128-200\/","url":"https:\/\/shop.axiell.com\/sv\/produkt\/streckkodsetiketter-neutral-code128-200\/","name":"Streckkodsetiketter neutral Code128 -200 | AxiellDirekt","isPartOf":{"@id":"https:\/\/shop.axiell.com\/#website"},"primaryImageOfPage":{"@id":"https:\/\/shop.axiell.com\/sv\/produkt\/streckkodsetiketter-neutral-code128-200\/#primaryimage"},"image":{"@id":"https:\/\/shop.axiell.com\/sv\/produkt\/streckkodsetiketter-neutral-code128-200\/#primaryimage"},"thumbnailUrl":"https:\/\/shop.axiell.com\/wp-content\/uploads\/2022\/11\/2681.jpg","datePublished":"2022-11-09T15:06:50+00:00","dateModified":"2022-11-09T15:08:08+00:00","breadcrumb":{"@id":"https:\/\/shop.axiell.com\/sv\/produkt\/streckkodsetiketter-neutral-code128-200\/#breadcrumb"},"inLanguage":"sv-SE","potentialAction":[{"@type":"ReadAction","target":["https:\/\/shop.axiell.com\/sv\/produkt\/streckkodsetiketter-neutral-code128-200\/"]}]},{"@type":"ImageObject","inLanguage":"sv-SE","@id":"https:\/\/shop.axiell.com\/sv\/produkt\/streckkodsetiketter-neutral-code128-200\/#primaryimage","url":"https:\/\/shop.axiell.com\/wp-content\/uploads\/2022\/11\/2681.jpg","contentUrl":"https:\/\/shop.axiell.com\/wp-content\/uploads\/2022\/11\/2681.jpg","width":245,"height":85},{"@type":"BreadcrumbList","@id":"https:\/\/shop.axiell.com\/sv\/produkt\/streckkodsetiketter-neutral-code128-200\/#breadcrumb","itemListElement":[{"@type":"ListItem","position":1,"name":"Home","item":"https:\/\/shop.axiell.com\/sv\/"},{"@type":"ListItem","position":2,"name":"Shop","item":"https:\/\/shop.axiell.com\/sv\/shop\/"},{"@type":"ListItem","position":3,"name":"Streckkodsetiketter neutral Code128 -200"}]},{"@type":"WebSite","@id":"https:\/\/shop.axiell.com\/#website","url":"https:\/\/shop.axiell.com\/","name":"AxiellDirekt","description":"Axiell webshop, dedicated to libraries","publisher":{"@id":"https:\/\/shop.axiell.com\/#organization"},"potentialAction":[{"@type":"SearchAction","target":{"@type":"EntryPoint","urlTemplate":"https:\/\/shop.axiell.com\/?s={search_term_string}"},"query-input":{"@type":"PropertyValueSpecification","valueRequired":true,"valueName":"search_term_string"}}],"inLanguage":"sv-SE"},{"@type":"Organization","@id":"https:\/\/shop.axiell.com\/#organization","name":"AxiellDirekt","url":"https:\/\/shop.axiell.com\/","logo":{"@type":"ImageObject","inLanguage":"sv-SE","@id":"https:\/\/shop.axiell.com\/#\/schema\/logo\/image\/","url":"https:\/\/shop.axiell.com\/wp-content\/uploads\/2019\/05\/cropped-axiell-logo@2.png","contentUrl":"https:\/\/shop.axiell.com\/wp-content\/uploads\/2019\/05\/cropped-axiell-logo@2.png","width":225,"height":60,"caption":"AxiellDirekt"},"image":{"@id":"https:\/\/shop.axiell.com\/#\/schema\/logo\/image\/"}}]}},"_links":{"self":[{"href":"https:\/\/shop.axiell.com\/sv\/wp-json\/wp\/v2\/product\/8276","targetHints":{"allow":["GET"]}}],"collection":[{"href":"https:\/\/shop.axiell.com\/sv\/wp-json\/wp\/v2\/product"}],"about":[{"href":"https:\/\/shop.axiell.com\/sv\/wp-json\/wp\/v2\/types\/product"}],"wp:featuredmedia":[{"embeddable":true,"href":"https:\/\/shop.axiell.com\/sv\/wp-json\/wp\/v2\/media\/8290"}],"wp:attachment":[{"href":"https:\/\/shop.axiell.com\/sv\/wp-json\/wp\/v2\/media?parent=8276"}],"wp:term":[{"taxonomy":"product_brand","embeddable":true,"href":"https:\/\/shop.axiell.com\/sv\/wp-json\/wp\/v2\/product_brand?post=8276"},{"taxonomy":"product_cat","embeddable":true,"href":"https:\/\/shop.axiell.com\/sv\/wp-json\/wp\/v2\/product_cat?post=8276"},{"taxonomy":"product_tag","embeddable":true,"href":"https:\/\/shop.axiell.com\/sv\/wp-json\/wp\/v2\/product_tag?post=8276"}],"curies":[{"name":"wp","href":"https:\/\/api.w.org\/{rel}","templated":true}]}}