{"id":7823,"date":"2022-08-04T11:46:31","date_gmt":"2022-08-04T11:46:31","guid":{"rendered":"https:\/\/shop.axiell.com\/?post_type=product&#038;p=7823"},"modified":"2025-11-27T09:53:22","modified_gmt":"2025-11-27T09:53:22","slug":"pekskarm-10-med-stativ-och-handskanner","status":"publish","type":"product","link":"https:\/\/shop.axiell.com\/sv\/produkt\/pekskarm-10-med-stativ-och-handskanner\/","title":{"rendered":"Peksk\u00e4rm 10&#8243; med stativ och handskanner."},"content":{"rendered":"<p>En v\u00e4ldesignad och skarp 10\u201d peksk\u00e4rm som drivs av ett snabbt Androidsystem.<\/p>\n<p>Kiosken levereras med ett robust bordsstativ utav metall som man enkelt skruvar fast direkt i kioskens inbyggda VESA-f\u00e4ste.<\/p>\n<p>V\u00e5r popul\u00e4ra skolskanner fr\u00e5n Datalogic medf\u00f6ljer, programmerad och f\u00e4rdig att anv\u00e4ndas f\u00f6r WeLib\/Quria School, precis som alla skanners fr\u00e5n Axiell \u00e4r.<br \/>\nSkannern kopplas enkelt in p\u00e5 kioskens egna USB-port, kiosken \u00e4r sedan redo f\u00f6r att hantera elevens l\u00e5n och \u00e5terl\u00e4mning utav skolbibliotekets material.<\/p>\n<p>Kiosken \u00e4r gjord f\u00f6r kontinuerlig drift och har \u00e4ven en programvara ( utan extra licenskostnader ) som l\u00e5ser upp webbl\u00e4saren ( Chrome) till vald sida.<\/p>\n<p>Ur milj\u00f6aspekt s\u00e5 finns det inget batteri i kiosken, utan den drivs av medf\u00f6ljande str\u00f6madapter.<br \/>\nDetta inneb\u00e4r \u00e4ven att kiosken inte \u00e4r s\u00e5 st\u00f6ldbeg\u00e4rlig.<\/p>\n<p>Tillverkaren erbjuder 3-\u00e5rs garanti.<\/p>\n<p>Men anledning utav r\u00e5dande leveransproblem fr\u00e5n tillverkare s\u00e5 kan stativet skilja sig fr\u00e5n bilden.<\/p>\n<p>Notera att skolbibliotekssystemet (Welib \/ Quria School)\u00a0 och licens f\u00f6r sj\u00e4lvutl\u00e5ningsmodul k\u00f6pes separat, om det inte finns i befintligt avtal.<\/p>\n<p>F\u00f6r ytterligare information kontakta <a href=\"mailto:kontakt@axielldirekt.com\">kontakt@axielldirekt.com<\/a><\/p>\n","protected":false},"excerpt":{"rendered":"<p>En smidig l\u00f6sning f\u00f6r l\u00e5n och \u00e5terl\u00e4mning p\u00e5 ett skolbibliotek.<\/p>\n<p>&nbsp;<\/p>\n","protected":false},"featured_media":8537,"template":"","meta":[],"product_brand":[],"product_cat":[476,1283],"product_tag":[],"class_list":{"0":"post-7823","1":"product","2":"type-product","3":"status-publish","4":"has-post-thumbnail","6":"product_cat-datortillbehor","7":"product_cat-for-skolbibliotek","9":"first","10":"instock","11":"taxable","12":"shipping-taxable","13":"purchasable","14":"product-type-simple"},"yoast_head":"<!-- This site is optimized with the Yoast SEO Premium plugin v27.5 (Yoast SEO v27.5) - https:\/\/yoast.com\/product\/yoast-seo-premium-wordpress\/ -->\n<title>Peksk\u00e4rm 10&quot; med stativ och handskanner. | AxiellDirekt<\/title>\n<meta name=\"robots\" content=\"index, follow, max-snippet:-1, max-image-preview:large, max-video-preview:-1\" \/>\n<link rel=\"canonical\" href=\"https:\/\/shop.axiell.com\/sv\/produkt\/pekskarm-10-med-stativ-och-handskanner\/\" \/>\n<meta property=\"og:locale\" content=\"sv_SE\" \/>\n<meta property=\"og:type\" content=\"article\" \/>\n<meta property=\"og:title\" content=\"Peksk\u00e4rm 10&quot; med stativ och handskanner.\" \/>\n<meta property=\"og:description\" content=\"En smidig l\u00f6sning f\u00f6r l\u00e5n och \u00e5terl\u00e4mning p\u00e5 ett skolbibliotek.  &nbsp;\" \/>\n<meta property=\"og:url\" content=\"https:\/\/shop.axiell.com\/sv\/produkt\/pekskarm-10-med-stativ-och-handskanner\/\" \/>\n<meta property=\"og:site_name\" content=\"AxiellDirekt\" \/>\n<meta property=\"article:modified_time\" content=\"2025-11-27T09:53:22+00:00\" \/>\n<meta property=\"og:image\" content=\"https:\/\/shop.axiell.com\/wp-content\/uploads\/2022\/08\/Hoj-sank-skarm-med-bildskarm-staende-scaled.jpg\" \/>\n\t<meta property=\"og:image:width\" content=\"768\" \/>\n\t<meta property=\"og:image:height\" content=\"1024\" \/>\n\t<meta property=\"og:image:type\" content=\"image\/jpeg\" \/>\n<meta name=\"twitter:card\" content=\"summary_large_image\" \/>\n<meta name=\"twitter:label1\" content=\"Ber\u00e4knad l\u00e4stid\" \/>\n\t<meta name=\"twitter:data1\" content=\"1 minut\" \/>\n<script type=\"application\/ld+json\" class=\"yoast-schema-graph\">{\"@context\":\"https:\\\/\\\/schema.org\",\"@graph\":[{\"@type\":\"WebPage\",\"@id\":\"https:\\\/\\\/shop.axiell.com\\\/sv\\\/produkt\\\/pekskarm-10-med-stativ-och-handskanner\\\/\",\"url\":\"https:\\\/\\\/shop.axiell.com\\\/sv\\\/produkt\\\/pekskarm-10-med-stativ-och-handskanner\\\/\",\"name\":\"Peksk\u00e4rm 10\\\" med stativ och handskanner. | AxiellDirekt\",\"isPartOf\":{\"@id\":\"https:\\\/\\\/shop.axiell.com\\\/#website\"},\"primaryImageOfPage\":{\"@id\":\"https:\\\/\\\/shop.axiell.com\\\/sv\\\/produkt\\\/pekskarm-10-med-stativ-och-handskanner\\\/#primaryimage\"},\"image\":{\"@id\":\"https:\\\/\\\/shop.axiell.com\\\/sv\\\/produkt\\\/pekskarm-10-med-stativ-och-handskanner\\\/#primaryimage\"},\"thumbnailUrl\":\"https:\\\/\\\/shop.axiell.com\\\/wp-content\\\/uploads\\\/2022\\\/08\\\/Hoj-sank-skarm-med-bildskarm-staende-scaled.jpg\",\"datePublished\":\"2022-08-04T11:46:31+00:00\",\"dateModified\":\"2025-11-27T09:53:22+00:00\",\"breadcrumb\":{\"@id\":\"https:\\\/\\\/shop.axiell.com\\\/sv\\\/produkt\\\/pekskarm-10-med-stativ-och-handskanner\\\/#breadcrumb\"},\"inLanguage\":\"sv-SE\",\"potentialAction\":[{\"@type\":\"ReadAction\",\"target\":[\"https:\\\/\\\/shop.axiell.com\\\/sv\\\/produkt\\\/pekskarm-10-med-stativ-och-handskanner\\\/\"]}]},{\"@type\":\"ImageObject\",\"inLanguage\":\"sv-SE\",\"@id\":\"https:\\\/\\\/shop.axiell.com\\\/sv\\\/produkt\\\/pekskarm-10-med-stativ-och-handskanner\\\/#primaryimage\",\"url\":\"https:\\\/\\\/shop.axiell.com\\\/wp-content\\\/uploads\\\/2022\\\/08\\\/Hoj-sank-skarm-med-bildskarm-staende-scaled.jpg\",\"contentUrl\":\"https:\\\/\\\/shop.axiell.com\\\/wp-content\\\/uploads\\\/2022\\\/08\\\/Hoj-sank-skarm-med-bildskarm-staende-scaled.jpg\",\"width\":768,\"height\":1024},{\"@type\":\"BreadcrumbList\",\"@id\":\"https:\\\/\\\/shop.axiell.com\\\/sv\\\/produkt\\\/pekskarm-10-med-stativ-och-handskanner\\\/#breadcrumb\",\"itemListElement\":[{\"@type\":\"ListItem\",\"position\":1,\"name\":\"Home\",\"item\":\"https:\\\/\\\/shop.axiell.com\\\/sv\\\/\"},{\"@type\":\"ListItem\",\"position\":2,\"name\":\"Shop\",\"item\":\"https:\\\/\\\/shop.axiell.com\\\/sv\\\/shop\\\/\"},{\"@type\":\"ListItem\",\"position\":3,\"name\":\"Peksk\u00e4rm 10&#8243; med stativ och handskanner.\"}]},{\"@type\":\"WebSite\",\"@id\":\"https:\\\/\\\/shop.axiell.com\\\/#website\",\"url\":\"https:\\\/\\\/shop.axiell.com\\\/\",\"name\":\"AxiellDirekt\",\"description\":\"Axiell webshop, dedicated to libraries\",\"publisher\":{\"@id\":\"https:\\\/\\\/shop.axiell.com\\\/#organization\"},\"potentialAction\":[{\"@type\":\"SearchAction\",\"target\":{\"@type\":\"EntryPoint\",\"urlTemplate\":\"https:\\\/\\\/shop.axiell.com\\\/?s={search_term_string}\"},\"query-input\":{\"@type\":\"PropertyValueSpecification\",\"valueRequired\":true,\"valueName\":\"search_term_string\"}}],\"inLanguage\":\"sv-SE\"},{\"@type\":\"Organization\",\"@id\":\"https:\\\/\\\/shop.axiell.com\\\/#organization\",\"name\":\"AxiellDirekt\",\"url\":\"https:\\\/\\\/shop.axiell.com\\\/\",\"logo\":{\"@type\":\"ImageObject\",\"inLanguage\":\"sv-SE\",\"@id\":\"https:\\\/\\\/shop.axiell.com\\\/#\\\/schema\\\/logo\\\/image\\\/\",\"url\":\"https:\\\/\\\/shop.axiell.com\\\/wp-content\\\/uploads\\\/2019\\\/05\\\/cropped-axiell-logo@2.png\",\"contentUrl\":\"https:\\\/\\\/shop.axiell.com\\\/wp-content\\\/uploads\\\/2019\\\/05\\\/cropped-axiell-logo@2.png\",\"width\":225,\"height\":60,\"caption\":\"AxiellDirekt\"},\"image\":{\"@id\":\"https:\\\/\\\/shop.axiell.com\\\/#\\\/schema\\\/logo\\\/image\\\/\"}}]}<\/script>\n<!-- \/ Yoast SEO Premium plugin. -->","yoast_head_json":{"title":"Peksk\u00e4rm 10\" med stativ och handskanner. | AxiellDirekt","robots":{"index":"index","follow":"follow","max-snippet":"max-snippet:-1","max-image-preview":"max-image-preview:large","max-video-preview":"max-video-preview:-1"},"canonical":"https:\/\/shop.axiell.com\/sv\/produkt\/pekskarm-10-med-stativ-och-handskanner\/","og_locale":"sv_SE","og_type":"article","og_title":"Peksk\u00e4rm 10\" med stativ och handskanner.","og_description":"En smidig l\u00f6sning f\u00f6r l\u00e5n och \u00e5terl\u00e4mning p\u00e5 ett skolbibliotek.  &nbsp;","og_url":"https:\/\/shop.axiell.com\/sv\/produkt\/pekskarm-10-med-stativ-och-handskanner\/","og_site_name":"AxiellDirekt","article_modified_time":"2025-11-27T09:53:22+00:00","og_image":[{"width":768,"height":1024,"url":"https:\/\/shop.axiell.com\/wp-content\/uploads\/2022\/08\/Hoj-sank-skarm-med-bildskarm-staende-scaled.jpg","type":"image\/jpeg"}],"twitter_card":"summary_large_image","twitter_misc":{"Ber\u00e4knad l\u00e4stid":"1 minut"},"schema":{"@context":"https:\/\/schema.org","@graph":[{"@type":"WebPage","@id":"https:\/\/shop.axiell.com\/sv\/produkt\/pekskarm-10-med-stativ-och-handskanner\/","url":"https:\/\/shop.axiell.com\/sv\/produkt\/pekskarm-10-med-stativ-och-handskanner\/","name":"Peksk\u00e4rm 10\" med stativ och handskanner. | AxiellDirekt","isPartOf":{"@id":"https:\/\/shop.axiell.com\/#website"},"primaryImageOfPage":{"@id":"https:\/\/shop.axiell.com\/sv\/produkt\/pekskarm-10-med-stativ-och-handskanner\/#primaryimage"},"image":{"@id":"https:\/\/shop.axiell.com\/sv\/produkt\/pekskarm-10-med-stativ-och-handskanner\/#primaryimage"},"thumbnailUrl":"https:\/\/shop.axiell.com\/wp-content\/uploads\/2022\/08\/Hoj-sank-skarm-med-bildskarm-staende-scaled.jpg","datePublished":"2022-08-04T11:46:31+00:00","dateModified":"2025-11-27T09:53:22+00:00","breadcrumb":{"@id":"https:\/\/shop.axiell.com\/sv\/produkt\/pekskarm-10-med-stativ-och-handskanner\/#breadcrumb"},"inLanguage":"sv-SE","potentialAction":[{"@type":"ReadAction","target":["https:\/\/shop.axiell.com\/sv\/produkt\/pekskarm-10-med-stativ-och-handskanner\/"]}]},{"@type":"ImageObject","inLanguage":"sv-SE","@id":"https:\/\/shop.axiell.com\/sv\/produkt\/pekskarm-10-med-stativ-och-handskanner\/#primaryimage","url":"https:\/\/shop.axiell.com\/wp-content\/uploads\/2022\/08\/Hoj-sank-skarm-med-bildskarm-staende-scaled.jpg","contentUrl":"https:\/\/shop.axiell.com\/wp-content\/uploads\/2022\/08\/Hoj-sank-skarm-med-bildskarm-staende-scaled.jpg","width":768,"height":1024},{"@type":"BreadcrumbList","@id":"https:\/\/shop.axiell.com\/sv\/produkt\/pekskarm-10-med-stativ-och-handskanner\/#breadcrumb","itemListElement":[{"@type":"ListItem","position":1,"name":"Home","item":"https:\/\/shop.axiell.com\/sv\/"},{"@type":"ListItem","position":2,"name":"Shop","item":"https:\/\/shop.axiell.com\/sv\/shop\/"},{"@type":"ListItem","position":3,"name":"Peksk\u00e4rm 10&#8243; med stativ och handskanner."}]},{"@type":"WebSite","@id":"https:\/\/shop.axiell.com\/#website","url":"https:\/\/shop.axiell.com\/","name":"AxiellDirekt","description":"Axiell webshop, dedicated to libraries","publisher":{"@id":"https:\/\/shop.axiell.com\/#organization"},"potentialAction":[{"@type":"SearchAction","target":{"@type":"EntryPoint","urlTemplate":"https:\/\/shop.axiell.com\/?s={search_term_string}"},"query-input":{"@type":"PropertyValueSpecification","valueRequired":true,"valueName":"search_term_string"}}],"inLanguage":"sv-SE"},{"@type":"Organization","@id":"https:\/\/shop.axiell.com\/#organization","name":"AxiellDirekt","url":"https:\/\/shop.axiell.com\/","logo":{"@type":"ImageObject","inLanguage":"sv-SE","@id":"https:\/\/shop.axiell.com\/#\/schema\/logo\/image\/","url":"https:\/\/shop.axiell.com\/wp-content\/uploads\/2019\/05\/cropped-axiell-logo@2.png","contentUrl":"https:\/\/shop.axiell.com\/wp-content\/uploads\/2019\/05\/cropped-axiell-logo@2.png","width":225,"height":60,"caption":"AxiellDirekt"},"image":{"@id":"https:\/\/shop.axiell.com\/#\/schema\/logo\/image\/"}}]}},"_links":{"self":[{"href":"https:\/\/shop.axiell.com\/sv\/wp-json\/wp\/v2\/product\/7823","targetHints":{"allow":["GET"]}}],"collection":[{"href":"https:\/\/shop.axiell.com\/sv\/wp-json\/wp\/v2\/product"}],"about":[{"href":"https:\/\/shop.axiell.com\/sv\/wp-json\/wp\/v2\/types\/product"}],"wp:featuredmedia":[{"embeddable":true,"href":"https:\/\/shop.axiell.com\/sv\/wp-json\/wp\/v2\/media\/8537"}],"wp:attachment":[{"href":"https:\/\/shop.axiell.com\/sv\/wp-json\/wp\/v2\/media?parent=7823"}],"wp:term":[{"taxonomy":"product_brand","embeddable":true,"href":"https:\/\/shop.axiell.com\/sv\/wp-json\/wp\/v2\/product_brand?post=7823"},{"taxonomy":"product_cat","embeddable":true,"href":"https:\/\/shop.axiell.com\/sv\/wp-json\/wp\/v2\/product_cat?post=7823"},{"taxonomy":"product_tag","embeddable":true,"href":"https:\/\/shop.axiell.com\/sv\/wp-json\/wp\/v2\/product_tag?post=7823"}],"curies":[{"name":"wp","href":"https:\/\/api.w.org\/{rel}","templated":true}]}}