{"id":4687,"date":"2018-11-30T14:49:09","date_gmt":"2018-11-30T14:49:09","guid":{"rendered":"https:\/\/shop.axiell.com\/?post_type=product&#038;p=4687"},"modified":"2024-05-15T11:21:45","modified_gmt":"2024-05-15T11:21:45","slug":"gryphon-gd4520-premium","status":"publish","type":"product","link":"https:\/\/shop.axiell.com\/sv\/produkt\/gryphon-gd4520-premium\/","title":{"rendered":"Gryphon GD4520 Premium"},"content":{"rendered":"<p>Den klarar att l\u00e4sa vanliga linj\u00e4ra streckkoder p\u00e5 avst\u00e5nd mellan 0 &#8211; 20 cm, vilket g\u00f6r den l\u00e4mplig f\u00f6r placering i det medf\u00f6ljande st\u00e4llet, en hands-free l\u00f6sning.<br \/>\nPlacera bara streckkoden under ljusstr\u00e5len fr\u00e5n skannern f\u00f6r avl\u00e4sning.<\/p>\n<p>Skannern l\u00e4ser snabbt och korrekt redan vid f\u00f6rsta avl\u00e4sningsf\u00f6rs\u00f6ket. GD4520 kan sj\u00e4lvklart programmeras f\u00f6r alla de vanligaste streckkoderna som finns p\u00e5 biblioteken.<\/p>\n<p>Den \u00e4r sj\u00e4lvklart \u00e4ven f\u00f6rsedd med Datalogics uppskattade &#8221;gr\u00f6na punkt&#8221; f\u00f6r \u00e5terkoppling vid godk\u00e4nd l\u00e4sning, d\u00e4r anv\u00e4ndaren b\u00e5de ser och h\u00f6r att koden har avl\u00e4sts.<br \/>\nDetta m\u00f6jligg\u00f6r att man kan f\u00e5 bekr\u00e4ftelse trots att \u201dpip-ljudet\u201d p\u00e5 skannern \u00e4r avst\u00e4ngt.<\/p>\n<p>Levereras programmerad med kablage f\u00f6r inkoppling p\u00e5 datorns USB-port. Det medf\u00f6ljer \u00e4ven ett handsfree st\u00e4ll.<br \/>\nFungerar till bland annat QURIA, BOOK-IT, LIBRA , Micromark och WEELIB, men \u00e4ven andra bibliotekssystem.<\/p>\n","protected":false},"excerpt":{"rendered":"<p>Datalogic presenterar nu Gryphon GD4520. En ny Premiumskanner som kan l\u00e4sa b\u00e5de de \u00e4ldre streckkoderna, men \u00e4ven de nya 2D-koderna, som exempel finns p\u00e5 de nya k\u00f6rkorten.<\/p>\n","protected":false},"featured_media":4688,"template":"","meta":[],"product_brand":[],"product_cat":[278],"product_tag":[287],"class_list":{"0":"post-4687","1":"product","2":"type-product","3":"status-publish","4":"has-post-thumbnail","6":"product_cat-hand-scanner-sv","7":"product_tag-gryphon-sv","9":"first","10":"instock","11":"taxable","12":"shipping-taxable","13":"purchasable","14":"product-type-simple"},"yoast_head":"<!-- This site is optimized with the Yoast SEO Premium plugin v27.5 (Yoast SEO v27.5) - https:\/\/yoast.com\/product\/yoast-seo-premium-wordpress\/ -->\n<title>Gryphon GD4520 Premium | AxiellDirekt<\/title>\n<meta name=\"robots\" content=\"index, follow, max-snippet:-1, max-image-preview:large, max-video-preview:-1\" \/>\n<link rel=\"canonical\" href=\"https:\/\/shop.axiell.com\/sv\/produkt\/gryphon-gd4520-premium\/\" \/>\n<meta property=\"og:locale\" content=\"sv_SE\" \/>\n<meta property=\"og:type\" content=\"article\" \/>\n<meta property=\"og:title\" content=\"Gryphon GD4520 Premium\" \/>\n<meta property=\"og:description\" content=\"Datalogic presenterar nu Gryphon GD4520. En ny Premiumskanner som kan l\u00e4sa b\u00e5de de \u00e4ldre streckkoderna, men \u00e4ven de nya 2D-koderna, som exempel finns p\u00e5 de nya k\u00f6rkorten.\" \/>\n<meta property=\"og:url\" content=\"https:\/\/shop.axiell.com\/sv\/produkt\/gryphon-gd4520-premium\/\" \/>\n<meta property=\"og:site_name\" content=\"AxiellDirekt\" \/>\n<meta property=\"article:modified_time\" content=\"2024-05-15T11:21:45+00:00\" \/>\n<meta property=\"og:image\" content=\"https:\/\/shop.axiell.com\/wp-content\/uploads\/2018\/11\/bda8f1570809cfdede33af9df643ca5d.jpg\" \/>\n\t<meta property=\"og:image:width\" content=\"508\" \/>\n\t<meta property=\"og:image:height\" content=\"280\" \/>\n\t<meta property=\"og:image:type\" content=\"image\/jpeg\" \/>\n<meta name=\"twitter:card\" content=\"summary_large_image\" \/>\n<meta name=\"twitter:label1\" content=\"Ber\u00e4knad l\u00e4stid\" \/>\n\t<meta name=\"twitter:data1\" content=\"1 minut\" \/>\n<script type=\"application\/ld+json\" class=\"yoast-schema-graph\">{\"@context\":\"https:\\\/\\\/schema.org\",\"@graph\":[{\"@type\":\"WebPage\",\"@id\":\"https:\\\/\\\/shop.axiell.com\\\/sv\\\/produkt\\\/gryphon-gd4520-premium\\\/\",\"url\":\"https:\\\/\\\/shop.axiell.com\\\/sv\\\/produkt\\\/gryphon-gd4520-premium\\\/\",\"name\":\"Gryphon GD4520 Premium | AxiellDirekt\",\"isPartOf\":{\"@id\":\"https:\\\/\\\/shop.axiell.com\\\/#website\"},\"primaryImageOfPage\":{\"@id\":\"https:\\\/\\\/shop.axiell.com\\\/sv\\\/produkt\\\/gryphon-gd4520-premium\\\/#primaryimage\"},\"image\":{\"@id\":\"https:\\\/\\\/shop.axiell.com\\\/sv\\\/produkt\\\/gryphon-gd4520-premium\\\/#primaryimage\"},\"thumbnailUrl\":\"https:\\\/\\\/shop.axiell.com\\\/wp-content\\\/uploads\\\/2018\\\/11\\\/bda8f1570809cfdede33af9df643ca5d.jpg\",\"datePublished\":\"2018-11-30T14:49:09+00:00\",\"dateModified\":\"2024-05-15T11:21:45+00:00\",\"breadcrumb\":{\"@id\":\"https:\\\/\\\/shop.axiell.com\\\/sv\\\/produkt\\\/gryphon-gd4520-premium\\\/#breadcrumb\"},\"inLanguage\":\"sv-SE\",\"potentialAction\":[{\"@type\":\"ReadAction\",\"target\":[\"https:\\\/\\\/shop.axiell.com\\\/sv\\\/produkt\\\/gryphon-gd4520-premium\\\/\"]}]},{\"@type\":\"ImageObject\",\"inLanguage\":\"sv-SE\",\"@id\":\"https:\\\/\\\/shop.axiell.com\\\/sv\\\/produkt\\\/gryphon-gd4520-premium\\\/#primaryimage\",\"url\":\"https:\\\/\\\/shop.axiell.com\\\/wp-content\\\/uploads\\\/2018\\\/11\\\/bda8f1570809cfdede33af9df643ca5d.jpg\",\"contentUrl\":\"https:\\\/\\\/shop.axiell.com\\\/wp-content\\\/uploads\\\/2018\\\/11\\\/bda8f1570809cfdede33af9df643ca5d.jpg\",\"width\":508,\"height\":280},{\"@type\":\"BreadcrumbList\",\"@id\":\"https:\\\/\\\/shop.axiell.com\\\/sv\\\/produkt\\\/gryphon-gd4520-premium\\\/#breadcrumb\",\"itemListElement\":[{\"@type\":\"ListItem\",\"position\":1,\"name\":\"Home\",\"item\":\"https:\\\/\\\/shop.axiell.com\\\/sv\\\/\"},{\"@type\":\"ListItem\",\"position\":2,\"name\":\"Shop\",\"item\":\"https:\\\/\\\/shop.axiell.com\\\/sv\\\/shop\\\/\"},{\"@type\":\"ListItem\",\"position\":3,\"name\":\"Gryphon GD4520 Premium\"}]},{\"@type\":\"WebSite\",\"@id\":\"https:\\\/\\\/shop.axiell.com\\\/#website\",\"url\":\"https:\\\/\\\/shop.axiell.com\\\/\",\"name\":\"AxiellDirekt\",\"description\":\"Axiell webshop, dedicated to libraries\",\"publisher\":{\"@id\":\"https:\\\/\\\/shop.axiell.com\\\/#organization\"},\"potentialAction\":[{\"@type\":\"SearchAction\",\"target\":{\"@type\":\"EntryPoint\",\"urlTemplate\":\"https:\\\/\\\/shop.axiell.com\\\/?s={search_term_string}\"},\"query-input\":{\"@type\":\"PropertyValueSpecification\",\"valueRequired\":true,\"valueName\":\"search_term_string\"}}],\"inLanguage\":\"sv-SE\"},{\"@type\":\"Organization\",\"@id\":\"https:\\\/\\\/shop.axiell.com\\\/#organization\",\"name\":\"AxiellDirekt\",\"url\":\"https:\\\/\\\/shop.axiell.com\\\/\",\"logo\":{\"@type\":\"ImageObject\",\"inLanguage\":\"sv-SE\",\"@id\":\"https:\\\/\\\/shop.axiell.com\\\/#\\\/schema\\\/logo\\\/image\\\/\",\"url\":\"https:\\\/\\\/shop.axiell.com\\\/wp-content\\\/uploads\\\/2019\\\/05\\\/cropped-axiell-logo@2.png\",\"contentUrl\":\"https:\\\/\\\/shop.axiell.com\\\/wp-content\\\/uploads\\\/2019\\\/05\\\/cropped-axiell-logo@2.png\",\"width\":225,\"height\":60,\"caption\":\"AxiellDirekt\"},\"image\":{\"@id\":\"https:\\\/\\\/shop.axiell.com\\\/#\\\/schema\\\/logo\\\/image\\\/\"}}]}<\/script>\n<!-- \/ Yoast SEO Premium plugin. -->","yoast_head_json":{"title":"Gryphon GD4520 Premium | AxiellDirekt","robots":{"index":"index","follow":"follow","max-snippet":"max-snippet:-1","max-image-preview":"max-image-preview:large","max-video-preview":"max-video-preview:-1"},"canonical":"https:\/\/shop.axiell.com\/sv\/produkt\/gryphon-gd4520-premium\/","og_locale":"sv_SE","og_type":"article","og_title":"Gryphon GD4520 Premium","og_description":"Datalogic presenterar nu Gryphon GD4520. En ny Premiumskanner som kan l\u00e4sa b\u00e5de de \u00e4ldre streckkoderna, men \u00e4ven de nya 2D-koderna, som exempel finns p\u00e5 de nya k\u00f6rkorten.","og_url":"https:\/\/shop.axiell.com\/sv\/produkt\/gryphon-gd4520-premium\/","og_site_name":"AxiellDirekt","article_modified_time":"2024-05-15T11:21:45+00:00","og_image":[{"width":508,"height":280,"url":"https:\/\/shop.axiell.com\/wp-content\/uploads\/2018\/11\/bda8f1570809cfdede33af9df643ca5d.jpg","type":"image\/jpeg"}],"twitter_card":"summary_large_image","twitter_misc":{"Ber\u00e4knad l\u00e4stid":"1 minut"},"schema":{"@context":"https:\/\/schema.org","@graph":[{"@type":"WebPage","@id":"https:\/\/shop.axiell.com\/sv\/produkt\/gryphon-gd4520-premium\/","url":"https:\/\/shop.axiell.com\/sv\/produkt\/gryphon-gd4520-premium\/","name":"Gryphon GD4520 Premium | AxiellDirekt","isPartOf":{"@id":"https:\/\/shop.axiell.com\/#website"},"primaryImageOfPage":{"@id":"https:\/\/shop.axiell.com\/sv\/produkt\/gryphon-gd4520-premium\/#primaryimage"},"image":{"@id":"https:\/\/shop.axiell.com\/sv\/produkt\/gryphon-gd4520-premium\/#primaryimage"},"thumbnailUrl":"https:\/\/shop.axiell.com\/wp-content\/uploads\/2018\/11\/bda8f1570809cfdede33af9df643ca5d.jpg","datePublished":"2018-11-30T14:49:09+00:00","dateModified":"2024-05-15T11:21:45+00:00","breadcrumb":{"@id":"https:\/\/shop.axiell.com\/sv\/produkt\/gryphon-gd4520-premium\/#breadcrumb"},"inLanguage":"sv-SE","potentialAction":[{"@type":"ReadAction","target":["https:\/\/shop.axiell.com\/sv\/produkt\/gryphon-gd4520-premium\/"]}]},{"@type":"ImageObject","inLanguage":"sv-SE","@id":"https:\/\/shop.axiell.com\/sv\/produkt\/gryphon-gd4520-premium\/#primaryimage","url":"https:\/\/shop.axiell.com\/wp-content\/uploads\/2018\/11\/bda8f1570809cfdede33af9df643ca5d.jpg","contentUrl":"https:\/\/shop.axiell.com\/wp-content\/uploads\/2018\/11\/bda8f1570809cfdede33af9df643ca5d.jpg","width":508,"height":280},{"@type":"BreadcrumbList","@id":"https:\/\/shop.axiell.com\/sv\/produkt\/gryphon-gd4520-premium\/#breadcrumb","itemListElement":[{"@type":"ListItem","position":1,"name":"Home","item":"https:\/\/shop.axiell.com\/sv\/"},{"@type":"ListItem","position":2,"name":"Shop","item":"https:\/\/shop.axiell.com\/sv\/shop\/"},{"@type":"ListItem","position":3,"name":"Gryphon GD4520 Premium"}]},{"@type":"WebSite","@id":"https:\/\/shop.axiell.com\/#website","url":"https:\/\/shop.axiell.com\/","name":"AxiellDirekt","description":"Axiell webshop, dedicated to libraries","publisher":{"@id":"https:\/\/shop.axiell.com\/#organization"},"potentialAction":[{"@type":"SearchAction","target":{"@type":"EntryPoint","urlTemplate":"https:\/\/shop.axiell.com\/?s={search_term_string}"},"query-input":{"@type":"PropertyValueSpecification","valueRequired":true,"valueName":"search_term_string"}}],"inLanguage":"sv-SE"},{"@type":"Organization","@id":"https:\/\/shop.axiell.com\/#organization","name":"AxiellDirekt","url":"https:\/\/shop.axiell.com\/","logo":{"@type":"ImageObject","inLanguage":"sv-SE","@id":"https:\/\/shop.axiell.com\/#\/schema\/logo\/image\/","url":"https:\/\/shop.axiell.com\/wp-content\/uploads\/2019\/05\/cropped-axiell-logo@2.png","contentUrl":"https:\/\/shop.axiell.com\/wp-content\/uploads\/2019\/05\/cropped-axiell-logo@2.png","width":225,"height":60,"caption":"AxiellDirekt"},"image":{"@id":"https:\/\/shop.axiell.com\/#\/schema\/logo\/image\/"}}]}},"_links":{"self":[{"href":"https:\/\/shop.axiell.com\/sv\/wp-json\/wp\/v2\/product\/4687","targetHints":{"allow":["GET"]}}],"collection":[{"href":"https:\/\/shop.axiell.com\/sv\/wp-json\/wp\/v2\/product"}],"about":[{"href":"https:\/\/shop.axiell.com\/sv\/wp-json\/wp\/v2\/types\/product"}],"wp:featuredmedia":[{"embeddable":true,"href":"https:\/\/shop.axiell.com\/sv\/wp-json\/wp\/v2\/media\/4688"}],"wp:attachment":[{"href":"https:\/\/shop.axiell.com\/sv\/wp-json\/wp\/v2\/media?parent=4687"}],"wp:term":[{"taxonomy":"product_brand","embeddable":true,"href":"https:\/\/shop.axiell.com\/sv\/wp-json\/wp\/v2\/product_brand?post=4687"},{"taxonomy":"product_cat","embeddable":true,"href":"https:\/\/shop.axiell.com\/sv\/wp-json\/wp\/v2\/product_cat?post=4687"},{"taxonomy":"product_tag","embeddable":true,"href":"https:\/\/shop.axiell.com\/sv\/wp-json\/wp\/v2\/product_tag?post=4687"}],"curies":[{"name":"wp","href":"https:\/\/api.w.org\/{rel}","templated":true}]}}