{"id":4329,"date":"2018-02-28T13:43:13","date_gmt":"2018-02-28T13:43:13","guid":{"rendered":"https:\/\/shop.axiell.com\/product\/4329\/"},"modified":"2024-11-20T13:04:18","modified_gmt":"2024-11-20T13:04:18","slug":"princh-kiosk-standard","status":"publish","type":"product","link":"https:\/\/shop.axiell.com\/sv\/produkt\/princh-kiosk-standard\/","title":{"rendered":"Princh kiosk"},"content":{"rendered":"<p><span class=\"NORMAL\">Med Princh \u00e4r det enkelt f\u00f6r dina l\u00e5ntagare att skriva ut och kopiera p\u00e5 bibliotekets skrivare.<\/span><\/p>\n<p><span class=\"NORMAL\">Med en 10&#8243; sk\u00e4rm\u00a0 kommer dina l\u00e5ntagare p\u00e5 ett <\/span><span class=\"NORMAL\">smidigt och enkelt s\u00e4tt komma \u00e5t att kopiera och betala.<\/span><\/p>\n<p>10\u201d Android-kiosk med peksk\u00e4rm f\u00f6r kommersiellt bruk 24\/7.<br \/>\nKlarar \u201dPower On Ethernet\u201d vid fast n\u00e4tverksanslutning, \u00e4ven tr\u00e5dl\u00f6st n\u00e4tverkskort finns. Str\u00f6madapter medf\u00f6ljer f\u00f6r 220 v.<\/p>\n<p>Integrerade VESA-f\u00e4ste, ingen \u201dh\u00e5llare eller l\u00e5sbur\u201d beh\u00f6vs.<\/p>\n<p>Inget integrerat batteri ( milj\u00f6aspekt &amp; mindre st\u00f6ldbeg\u00e4rlig)<\/p>\n<p>Inklusive golvstativ.<\/p>\n<p><span class=\"NORMAL\">Paketet f\u00f6ruts\u00e4tter att Princh finns installerat p\u00e5 biblioteket.<\/span><\/p>\n","protected":false},"excerpt":{"rendered":"<p><span class=\"NORMAL\">Med Princh \u00e4r det enkelt f\u00f6r dina l\u00e5ntagare att skriva ut och kopiera p\u00e5 bibliotekets skrivare.Med en sk\u00e4rm laddad med Princh, placerad i st\u00e4ll kommer dina l\u00e5ntagare p\u00e5 ett <\/span><span class=\"NORMAL\">smidigt och enkelt s\u00e4tt komma \u00e5t att kopiera och betala.<\/span><\/p>\n","protected":false},"featured_media":8440,"template":"","meta":[],"product_brand":[],"product_cat":[1284,281],"product_tag":[1179],"class_list":{"0":"post-4329","1":"product","2":"type-product","3":"status-publish","4":"has-post-thumbnail","6":"product_cat-princh","7":"product_cat-printer-sv","8":"product_tag-princh-sv","10":"first","11":"instock","12":"taxable","13":"shipping-taxable","14":"purchasable","15":"product-type-simple"},"yoast_head":"<!-- This site is optimized with the Yoast SEO Premium plugin v27.3 (Yoast SEO v27.3) - https:\/\/yoast.com\/product\/yoast-seo-premium-wordpress\/ -->\n<title>Princh kiosk | AxiellDirekt<\/title>\n<meta name=\"robots\" content=\"index, follow, max-snippet:-1, max-image-preview:large, max-video-preview:-1\" \/>\n<link rel=\"canonical\" href=\"https:\/\/shop.axiell.com\/sv\/produkt\/princh-kiosk-standard\/\" \/>\n<meta property=\"og:locale\" content=\"sv_SE\" \/>\n<meta property=\"og:type\" content=\"article\" \/>\n<meta property=\"og:title\" content=\"Princh kiosk\" \/>\n<meta property=\"og:description\" content=\"Med Princh \u00e4r det enkelt f\u00f6r dina l\u00e5ntagare att skriva ut och kopiera p\u00e5 bibliotekets skrivare.Med en sk\u00e4rm laddad med Princh, placerad i st\u00e4ll kommer dina l\u00e5ntagare p\u00e5 ett smidigt och enkelt s\u00e4tt komma \u00e5t att kopiera och betala.\" \/>\n<meta property=\"og:url\" content=\"https:\/\/shop.axiell.com\/sv\/produkt\/princh-kiosk-standard\/\" \/>\n<meta property=\"og:site_name\" content=\"AxiellDirekt\" \/>\n<meta property=\"article:modified_time\" content=\"2024-11-20T13:04:18+00:00\" \/>\n<meta property=\"og:image\" content=\"https:\/\/shop.axiell.com\/wp-content\/uploads\/2018\/02\/10-tum-Kiosk-2.jpeg\" \/>\n\t<meta property=\"og:image:width\" content=\"706\" \/>\n\t<meta property=\"og:image:height\" content=\"941\" \/>\n\t<meta property=\"og:image:type\" content=\"image\/jpeg\" \/>\n<meta name=\"twitter:card\" content=\"summary_large_image\" \/>\n<meta name=\"twitter:label1\" content=\"Ber\u00e4knad l\u00e4stid\" \/>\n\t<meta name=\"twitter:data1\" content=\"1 minut\" \/>\n<script type=\"application\/ld+json\" class=\"yoast-schema-graph\">{\"@context\":\"https:\\\/\\\/schema.org\",\"@graph\":[{\"@type\":\"WebPage\",\"@id\":\"https:\\\/\\\/shop.axiell.com\\\/sv\\\/produkt\\\/princh-kiosk-standard\\\/\",\"url\":\"https:\\\/\\\/shop.axiell.com\\\/sv\\\/produkt\\\/princh-kiosk-standard\\\/\",\"name\":\"Princh kiosk | AxiellDirekt\",\"isPartOf\":{\"@id\":\"https:\\\/\\\/shop.axiell.com\\\/#website\"},\"primaryImageOfPage\":{\"@id\":\"https:\\\/\\\/shop.axiell.com\\\/sv\\\/produkt\\\/princh-kiosk-standard\\\/#primaryimage\"},\"image\":{\"@id\":\"https:\\\/\\\/shop.axiell.com\\\/sv\\\/produkt\\\/princh-kiosk-standard\\\/#primaryimage\"},\"thumbnailUrl\":\"https:\\\/\\\/shop.axiell.com\\\/wp-content\\\/uploads\\\/2018\\\/02\\\/10-tum-Kiosk-2.jpeg\",\"datePublished\":\"2018-02-28T13:43:13+00:00\",\"dateModified\":\"2024-11-20T13:04:18+00:00\",\"breadcrumb\":{\"@id\":\"https:\\\/\\\/shop.axiell.com\\\/sv\\\/produkt\\\/princh-kiosk-standard\\\/#breadcrumb\"},\"inLanguage\":\"sv-SE\",\"potentialAction\":[{\"@type\":\"ReadAction\",\"target\":[\"https:\\\/\\\/shop.axiell.com\\\/sv\\\/produkt\\\/princh-kiosk-standard\\\/\"]}]},{\"@type\":\"ImageObject\",\"inLanguage\":\"sv-SE\",\"@id\":\"https:\\\/\\\/shop.axiell.com\\\/sv\\\/produkt\\\/princh-kiosk-standard\\\/#primaryimage\",\"url\":\"https:\\\/\\\/shop.axiell.com\\\/wp-content\\\/uploads\\\/2018\\\/02\\\/10-tum-Kiosk-2.jpeg\",\"contentUrl\":\"https:\\\/\\\/shop.axiell.com\\\/wp-content\\\/uploads\\\/2018\\\/02\\\/10-tum-Kiosk-2.jpeg\",\"width\":706,\"height\":941},{\"@type\":\"BreadcrumbList\",\"@id\":\"https:\\\/\\\/shop.axiell.com\\\/sv\\\/produkt\\\/princh-kiosk-standard\\\/#breadcrumb\",\"itemListElement\":[{\"@type\":\"ListItem\",\"position\":1,\"name\":\"Home\",\"item\":\"https:\\\/\\\/shop.axiell.com\\\/sv\\\/\"},{\"@type\":\"ListItem\",\"position\":2,\"name\":\"Shop\",\"item\":\"https:\\\/\\\/shop.axiell.com\\\/sv\\\/shop\\\/\"},{\"@type\":\"ListItem\",\"position\":3,\"name\":\"Princh kiosk\"}]},{\"@type\":\"WebSite\",\"@id\":\"https:\\\/\\\/shop.axiell.com\\\/#website\",\"url\":\"https:\\\/\\\/shop.axiell.com\\\/\",\"name\":\"AxiellDirekt\",\"description\":\"Axiell webshop, dedicated to libraries\",\"publisher\":{\"@id\":\"https:\\\/\\\/shop.axiell.com\\\/#organization\"},\"potentialAction\":[{\"@type\":\"SearchAction\",\"target\":{\"@type\":\"EntryPoint\",\"urlTemplate\":\"https:\\\/\\\/shop.axiell.com\\\/?s={search_term_string}\"},\"query-input\":{\"@type\":\"PropertyValueSpecification\",\"valueRequired\":true,\"valueName\":\"search_term_string\"}}],\"inLanguage\":\"sv-SE\"},{\"@type\":\"Organization\",\"@id\":\"https:\\\/\\\/shop.axiell.com\\\/#organization\",\"name\":\"AxiellDirekt\",\"url\":\"https:\\\/\\\/shop.axiell.com\\\/\",\"logo\":{\"@type\":\"ImageObject\",\"inLanguage\":\"sv-SE\",\"@id\":\"https:\\\/\\\/shop.axiell.com\\\/#\\\/schema\\\/logo\\\/image\\\/\",\"url\":\"https:\\\/\\\/shop.axiell.com\\\/wp-content\\\/uploads\\\/2019\\\/05\\\/cropped-axiell-logo@2.png\",\"contentUrl\":\"https:\\\/\\\/shop.axiell.com\\\/wp-content\\\/uploads\\\/2019\\\/05\\\/cropped-axiell-logo@2.png\",\"width\":225,\"height\":60,\"caption\":\"AxiellDirekt\"},\"image\":{\"@id\":\"https:\\\/\\\/shop.axiell.com\\\/#\\\/schema\\\/logo\\\/image\\\/\"}}]}<\/script>\n<!-- \/ Yoast SEO Premium plugin. -->","yoast_head_json":{"title":"Princh kiosk | AxiellDirekt","robots":{"index":"index","follow":"follow","max-snippet":"max-snippet:-1","max-image-preview":"max-image-preview:large","max-video-preview":"max-video-preview:-1"},"canonical":"https:\/\/shop.axiell.com\/sv\/produkt\/princh-kiosk-standard\/","og_locale":"sv_SE","og_type":"article","og_title":"Princh kiosk","og_description":"Med Princh \u00e4r det enkelt f\u00f6r dina l\u00e5ntagare att skriva ut och kopiera p\u00e5 bibliotekets skrivare.Med en sk\u00e4rm laddad med Princh, placerad i st\u00e4ll kommer dina l\u00e5ntagare p\u00e5 ett smidigt och enkelt s\u00e4tt komma \u00e5t att kopiera och betala.","og_url":"https:\/\/shop.axiell.com\/sv\/produkt\/princh-kiosk-standard\/","og_site_name":"AxiellDirekt","article_modified_time":"2024-11-20T13:04:18+00:00","og_image":[{"width":706,"height":941,"url":"https:\/\/shop.axiell.com\/wp-content\/uploads\/2018\/02\/10-tum-Kiosk-2.jpeg","type":"image\/jpeg"}],"twitter_card":"summary_large_image","twitter_misc":{"Ber\u00e4knad l\u00e4stid":"1 minut"},"schema":{"@context":"https:\/\/schema.org","@graph":[{"@type":"WebPage","@id":"https:\/\/shop.axiell.com\/sv\/produkt\/princh-kiosk-standard\/","url":"https:\/\/shop.axiell.com\/sv\/produkt\/princh-kiosk-standard\/","name":"Princh kiosk | AxiellDirekt","isPartOf":{"@id":"https:\/\/shop.axiell.com\/#website"},"primaryImageOfPage":{"@id":"https:\/\/shop.axiell.com\/sv\/produkt\/princh-kiosk-standard\/#primaryimage"},"image":{"@id":"https:\/\/shop.axiell.com\/sv\/produkt\/princh-kiosk-standard\/#primaryimage"},"thumbnailUrl":"https:\/\/shop.axiell.com\/wp-content\/uploads\/2018\/02\/10-tum-Kiosk-2.jpeg","datePublished":"2018-02-28T13:43:13+00:00","dateModified":"2024-11-20T13:04:18+00:00","breadcrumb":{"@id":"https:\/\/shop.axiell.com\/sv\/produkt\/princh-kiosk-standard\/#breadcrumb"},"inLanguage":"sv-SE","potentialAction":[{"@type":"ReadAction","target":["https:\/\/shop.axiell.com\/sv\/produkt\/princh-kiosk-standard\/"]}]},{"@type":"ImageObject","inLanguage":"sv-SE","@id":"https:\/\/shop.axiell.com\/sv\/produkt\/princh-kiosk-standard\/#primaryimage","url":"https:\/\/shop.axiell.com\/wp-content\/uploads\/2018\/02\/10-tum-Kiosk-2.jpeg","contentUrl":"https:\/\/shop.axiell.com\/wp-content\/uploads\/2018\/02\/10-tum-Kiosk-2.jpeg","width":706,"height":941},{"@type":"BreadcrumbList","@id":"https:\/\/shop.axiell.com\/sv\/produkt\/princh-kiosk-standard\/#breadcrumb","itemListElement":[{"@type":"ListItem","position":1,"name":"Home","item":"https:\/\/shop.axiell.com\/sv\/"},{"@type":"ListItem","position":2,"name":"Shop","item":"https:\/\/shop.axiell.com\/sv\/shop\/"},{"@type":"ListItem","position":3,"name":"Princh kiosk"}]},{"@type":"WebSite","@id":"https:\/\/shop.axiell.com\/#website","url":"https:\/\/shop.axiell.com\/","name":"AxiellDirekt","description":"Axiell webshop, dedicated to libraries","publisher":{"@id":"https:\/\/shop.axiell.com\/#organization"},"potentialAction":[{"@type":"SearchAction","target":{"@type":"EntryPoint","urlTemplate":"https:\/\/shop.axiell.com\/?s={search_term_string}"},"query-input":{"@type":"PropertyValueSpecification","valueRequired":true,"valueName":"search_term_string"}}],"inLanguage":"sv-SE"},{"@type":"Organization","@id":"https:\/\/shop.axiell.com\/#organization","name":"AxiellDirekt","url":"https:\/\/shop.axiell.com\/","logo":{"@type":"ImageObject","inLanguage":"sv-SE","@id":"https:\/\/shop.axiell.com\/#\/schema\/logo\/image\/","url":"https:\/\/shop.axiell.com\/wp-content\/uploads\/2019\/05\/cropped-axiell-logo@2.png","contentUrl":"https:\/\/shop.axiell.com\/wp-content\/uploads\/2019\/05\/cropped-axiell-logo@2.png","width":225,"height":60,"caption":"AxiellDirekt"},"image":{"@id":"https:\/\/shop.axiell.com\/#\/schema\/logo\/image\/"}}]}},"_links":{"self":[{"href":"https:\/\/shop.axiell.com\/sv\/wp-json\/wp\/v2\/product\/4329","targetHints":{"allow":["GET"]}}],"collection":[{"href":"https:\/\/shop.axiell.com\/sv\/wp-json\/wp\/v2\/product"}],"about":[{"href":"https:\/\/shop.axiell.com\/sv\/wp-json\/wp\/v2\/types\/product"}],"wp:featuredmedia":[{"embeddable":true,"href":"https:\/\/shop.axiell.com\/sv\/wp-json\/wp\/v2\/media\/8440"}],"wp:attachment":[{"href":"https:\/\/shop.axiell.com\/sv\/wp-json\/wp\/v2\/media?parent=4329"}],"wp:term":[{"taxonomy":"product_brand","embeddable":true,"href":"https:\/\/shop.axiell.com\/sv\/wp-json\/wp\/v2\/product_brand?post=4329"},{"taxonomy":"product_cat","embeddable":true,"href":"https:\/\/shop.axiell.com\/sv\/wp-json\/wp\/v2\/product_cat?post=4329"},{"taxonomy":"product_tag","embeddable":true,"href":"https:\/\/shop.axiell.com\/sv\/wp-json\/wp\/v2\/product_tag?post=4329"}],"curies":[{"name":"wp","href":"https:\/\/api.w.org\/{rel}","templated":true}]}}