{"id":2351,"date":"2017-10-23T13:43:49","date_gmt":"2017-10-23T13:43:49","guid":{"rendered":"https:\/\/shop.axiell.com\/product\/barvaska-flex\/"},"modified":"2018-03-05T09:06:27","modified_gmt":"2018-03-05T09:06:27","slug":"barvaska-flex","status":"publish","type":"product","link":"https:\/\/shop.axiell.com\/sv\/produkt\/barvaska-flex\/","title":{"rendered":"B\u00e4rv\u00e4ska Flex"},"content":{"rendered":"<h1><strong>B\u00e4rv\u00e4ska Flex<\/strong><\/h1>\n<h3>V\u00e4ska f\u00f6r pop-up bibliotek<\/h3>\n<p>Anv\u00e4nder du BOOK-IT Flex eller annat webbaserat bibliotekssystem p\u00e5 en mobil enhet n\u00e4r du har verksamhet utanf\u00f6r biblioteket? D\u00e5 m\u00e4rker du s\u00e4kert att du ofta beh\u00f6ver b\u00e5da dina h\u00e4nder f\u00f6r att hantera b\u00e5de b\u00f6cker, surf\u00adplatta och eventuellt skanner. Med hj\u00e4lp av den h\u00e4r smidiga v\u00e4skan f\u00e5r du b\u00e5da h\u00e4nderna fria. V\u00e4skan \u00e4r anpassad f\u00f6r olika typer av surfplattor med en sk\u00e4rmstorlek 9-10\u201d.<\/p>\n","protected":false},"excerpt":{"rendered":"<p>Anv\u00e4nder du BOOK-IT Flex eller annat webbaserat bibliotekssystem p\u00e5 en mobil enhet n\u00e4r du har verksamhet utanf\u00f6r biblioteket? D\u00e5 m\u00e4rker du s\u00e4kert att du ofta beh\u00f6ver b\u00e5da dina h\u00e4nder f\u00f6r att hantera b\u00e5de b\u00f6cker, surf\u00adplatta och eventuellt skanner. Med hj\u00e4lp av den h\u00e4r smidiga v\u00e4skan f\u00e5r du b\u00e5da h\u00e4nderna fria. V\u00e4skan \u00e4r anpassad f\u00f6r olika typer av surfplattor med en sk\u00e4rmstorlek 9-10\u201d.<\/p>\n","protected":false},"featured_media":2350,"template":"","meta":[],"product_brand":[],"product_cat":[476],"product_tag":[],"class_list":{"0":"post-2351","1":"product","2":"type-product","3":"status-publish","4":"has-post-thumbnail","6":"product_cat-datortillbehor","8":"first","9":"instock","10":"taxable","11":"shipping-taxable","12":"purchasable","13":"product-type-simple"},"yoast_head":"<!-- This site is optimized with the Yoast SEO Premium plugin v27.5 (Yoast SEO v27.5) - https:\/\/yoast.com\/product\/yoast-seo-premium-wordpress\/ -->\n<title>B\u00e4rv\u00e4ska Flex | AxiellDirekt<\/title>\n<meta name=\"robots\" content=\"index, follow, max-snippet:-1, max-image-preview:large, max-video-preview:-1\" \/>\n<link rel=\"canonical\" href=\"https:\/\/shop.axiell.com\/sv\/produkt\/barvaska-flex\/\" \/>\n<meta property=\"og:locale\" content=\"sv_SE\" \/>\n<meta property=\"og:type\" content=\"article\" \/>\n<meta property=\"og:title\" content=\"B\u00e4rv\u00e4ska Flex\" \/>\n<meta property=\"og:description\" content=\"Anv\u00e4nder du BOOK-IT Flex eller annat webbaserat bibliotekssystem p\u00e5 en mobil enhet n\u00e4r du har verksamhet utanf\u00f6r biblioteket? D\u00e5 m\u00e4rker du s\u00e4kert att du ofta beh\u00f6ver b\u00e5da dina h\u00e4nder f\u00f6r att hantera b\u00e5de b\u00f6cker, surf\u00adplatta och eventuellt skanner. Med hj\u00e4lp av den h\u00e4r smidiga v\u00e4skan f\u00e5r du b\u00e5da h\u00e4nderna fria. V\u00e4skan \u00e4r anpassad f\u00f6r olika typer av surfplattor med en sk\u00e4rmstorlek 9-10\u201d.\" \/>\n<meta property=\"og:url\" content=\"https:\/\/shop.axiell.com\/sv\/produkt\/barvaska-flex\/\" \/>\n<meta property=\"og:site_name\" content=\"AxiellDirekt\" \/>\n<meta property=\"article:modified_time\" content=\"2018-03-05T09:06:27+00:00\" \/>\n<meta property=\"og:image\" content=\"https:\/\/shop.axiell.com\/wp-content\/uploads\/2017\/10\/Flex-BookIt-Bag.jpg\" \/>\n\t<meta property=\"og:image:width\" content=\"400\" \/>\n\t<meta property=\"og:image:height\" content=\"400\" \/>\n\t<meta property=\"og:image:type\" content=\"image\/jpeg\" \/>\n<meta name=\"twitter:card\" content=\"summary_large_image\" \/>\n<script type=\"application\/ld+json\" class=\"yoast-schema-graph\">{\"@context\":\"https:\\\/\\\/schema.org\",\"@graph\":[{\"@type\":\"WebPage\",\"@id\":\"https:\\\/\\\/shop.axiell.com\\\/sv\\\/produkt\\\/barvaska-flex\\\/\",\"url\":\"https:\\\/\\\/shop.axiell.com\\\/sv\\\/produkt\\\/barvaska-flex\\\/\",\"name\":\"B\u00e4rv\u00e4ska Flex | AxiellDirekt\",\"isPartOf\":{\"@id\":\"https:\\\/\\\/shop.axiell.com\\\/#website\"},\"primaryImageOfPage\":{\"@id\":\"https:\\\/\\\/shop.axiell.com\\\/sv\\\/produkt\\\/barvaska-flex\\\/#primaryimage\"},\"image\":{\"@id\":\"https:\\\/\\\/shop.axiell.com\\\/sv\\\/produkt\\\/barvaska-flex\\\/#primaryimage\"},\"thumbnailUrl\":\"https:\\\/\\\/shop.axiell.com\\\/wp-content\\\/uploads\\\/2017\\\/10\\\/Flex-BookIt-Bag.jpg\",\"datePublished\":\"2017-10-23T13:43:49+00:00\",\"dateModified\":\"2018-03-05T09:06:27+00:00\",\"breadcrumb\":{\"@id\":\"https:\\\/\\\/shop.axiell.com\\\/sv\\\/produkt\\\/barvaska-flex\\\/#breadcrumb\"},\"inLanguage\":\"sv-SE\",\"potentialAction\":[{\"@type\":\"ReadAction\",\"target\":[\"https:\\\/\\\/shop.axiell.com\\\/sv\\\/produkt\\\/barvaska-flex\\\/\"]}]},{\"@type\":\"ImageObject\",\"inLanguage\":\"sv-SE\",\"@id\":\"https:\\\/\\\/shop.axiell.com\\\/sv\\\/produkt\\\/barvaska-flex\\\/#primaryimage\",\"url\":\"https:\\\/\\\/shop.axiell.com\\\/wp-content\\\/uploads\\\/2017\\\/10\\\/Flex-BookIt-Bag.jpg\",\"contentUrl\":\"https:\\\/\\\/shop.axiell.com\\\/wp-content\\\/uploads\\\/2017\\\/10\\\/Flex-BookIt-Bag.jpg\",\"width\":400,\"height\":400},{\"@type\":\"BreadcrumbList\",\"@id\":\"https:\\\/\\\/shop.axiell.com\\\/sv\\\/produkt\\\/barvaska-flex\\\/#breadcrumb\",\"itemListElement\":[{\"@type\":\"ListItem\",\"position\":1,\"name\":\"Home\",\"item\":\"https:\\\/\\\/shop.axiell.com\\\/sv\\\/\"},{\"@type\":\"ListItem\",\"position\":2,\"name\":\"Shop\",\"item\":\"https:\\\/\\\/shop.axiell.com\\\/sv\\\/shop\\\/\"},{\"@type\":\"ListItem\",\"position\":3,\"name\":\"B\u00e4rv\u00e4ska Flex\"}]},{\"@type\":\"WebSite\",\"@id\":\"https:\\\/\\\/shop.axiell.com\\\/#website\",\"url\":\"https:\\\/\\\/shop.axiell.com\\\/\",\"name\":\"AxiellDirekt\",\"description\":\"Axiell webshop, dedicated to libraries\",\"publisher\":{\"@id\":\"https:\\\/\\\/shop.axiell.com\\\/#organization\"},\"potentialAction\":[{\"@type\":\"SearchAction\",\"target\":{\"@type\":\"EntryPoint\",\"urlTemplate\":\"https:\\\/\\\/shop.axiell.com\\\/?s={search_term_string}\"},\"query-input\":{\"@type\":\"PropertyValueSpecification\",\"valueRequired\":true,\"valueName\":\"search_term_string\"}}],\"inLanguage\":\"sv-SE\"},{\"@type\":\"Organization\",\"@id\":\"https:\\\/\\\/shop.axiell.com\\\/#organization\",\"name\":\"AxiellDirekt\",\"url\":\"https:\\\/\\\/shop.axiell.com\\\/\",\"logo\":{\"@type\":\"ImageObject\",\"inLanguage\":\"sv-SE\",\"@id\":\"https:\\\/\\\/shop.axiell.com\\\/#\\\/schema\\\/logo\\\/image\\\/\",\"url\":\"https:\\\/\\\/shop.axiell.com\\\/wp-content\\\/uploads\\\/2019\\\/05\\\/cropped-axiell-logo@2.png\",\"contentUrl\":\"https:\\\/\\\/shop.axiell.com\\\/wp-content\\\/uploads\\\/2019\\\/05\\\/cropped-axiell-logo@2.png\",\"width\":225,\"height\":60,\"caption\":\"AxiellDirekt\"},\"image\":{\"@id\":\"https:\\\/\\\/shop.axiell.com\\\/#\\\/schema\\\/logo\\\/image\\\/\"}}]}<\/script>\n<!-- \/ Yoast SEO Premium plugin. -->","yoast_head_json":{"title":"B\u00e4rv\u00e4ska Flex | AxiellDirekt","robots":{"index":"index","follow":"follow","max-snippet":"max-snippet:-1","max-image-preview":"max-image-preview:large","max-video-preview":"max-video-preview:-1"},"canonical":"https:\/\/shop.axiell.com\/sv\/produkt\/barvaska-flex\/","og_locale":"sv_SE","og_type":"article","og_title":"B\u00e4rv\u00e4ska Flex","og_description":"Anv\u00e4nder du BOOK-IT Flex eller annat webbaserat bibliotekssystem p\u00e5 en mobil enhet n\u00e4r du har verksamhet utanf\u00f6r biblioteket? D\u00e5 m\u00e4rker du s\u00e4kert att du ofta beh\u00f6ver b\u00e5da dina h\u00e4nder f\u00f6r att hantera b\u00e5de b\u00f6cker, surf\u00adplatta och eventuellt skanner. Med hj\u00e4lp av den h\u00e4r smidiga v\u00e4skan f\u00e5r du b\u00e5da h\u00e4nderna fria. V\u00e4skan \u00e4r anpassad f\u00f6r olika typer av surfplattor med en sk\u00e4rmstorlek 9-10\u201d.","og_url":"https:\/\/shop.axiell.com\/sv\/produkt\/barvaska-flex\/","og_site_name":"AxiellDirekt","article_modified_time":"2018-03-05T09:06:27+00:00","og_image":[{"width":400,"height":400,"url":"https:\/\/shop.axiell.com\/wp-content\/uploads\/2017\/10\/Flex-BookIt-Bag.jpg","type":"image\/jpeg"}],"twitter_card":"summary_large_image","schema":{"@context":"https:\/\/schema.org","@graph":[{"@type":"WebPage","@id":"https:\/\/shop.axiell.com\/sv\/produkt\/barvaska-flex\/","url":"https:\/\/shop.axiell.com\/sv\/produkt\/barvaska-flex\/","name":"B\u00e4rv\u00e4ska Flex | AxiellDirekt","isPartOf":{"@id":"https:\/\/shop.axiell.com\/#website"},"primaryImageOfPage":{"@id":"https:\/\/shop.axiell.com\/sv\/produkt\/barvaska-flex\/#primaryimage"},"image":{"@id":"https:\/\/shop.axiell.com\/sv\/produkt\/barvaska-flex\/#primaryimage"},"thumbnailUrl":"https:\/\/shop.axiell.com\/wp-content\/uploads\/2017\/10\/Flex-BookIt-Bag.jpg","datePublished":"2017-10-23T13:43:49+00:00","dateModified":"2018-03-05T09:06:27+00:00","breadcrumb":{"@id":"https:\/\/shop.axiell.com\/sv\/produkt\/barvaska-flex\/#breadcrumb"},"inLanguage":"sv-SE","potentialAction":[{"@type":"ReadAction","target":["https:\/\/shop.axiell.com\/sv\/produkt\/barvaska-flex\/"]}]},{"@type":"ImageObject","inLanguage":"sv-SE","@id":"https:\/\/shop.axiell.com\/sv\/produkt\/barvaska-flex\/#primaryimage","url":"https:\/\/shop.axiell.com\/wp-content\/uploads\/2017\/10\/Flex-BookIt-Bag.jpg","contentUrl":"https:\/\/shop.axiell.com\/wp-content\/uploads\/2017\/10\/Flex-BookIt-Bag.jpg","width":400,"height":400},{"@type":"BreadcrumbList","@id":"https:\/\/shop.axiell.com\/sv\/produkt\/barvaska-flex\/#breadcrumb","itemListElement":[{"@type":"ListItem","position":1,"name":"Home","item":"https:\/\/shop.axiell.com\/sv\/"},{"@type":"ListItem","position":2,"name":"Shop","item":"https:\/\/shop.axiell.com\/sv\/shop\/"},{"@type":"ListItem","position":3,"name":"B\u00e4rv\u00e4ska Flex"}]},{"@type":"WebSite","@id":"https:\/\/shop.axiell.com\/#website","url":"https:\/\/shop.axiell.com\/","name":"AxiellDirekt","description":"Axiell webshop, dedicated to libraries","publisher":{"@id":"https:\/\/shop.axiell.com\/#organization"},"potentialAction":[{"@type":"SearchAction","target":{"@type":"EntryPoint","urlTemplate":"https:\/\/shop.axiell.com\/?s={search_term_string}"},"query-input":{"@type":"PropertyValueSpecification","valueRequired":true,"valueName":"search_term_string"}}],"inLanguage":"sv-SE"},{"@type":"Organization","@id":"https:\/\/shop.axiell.com\/#organization","name":"AxiellDirekt","url":"https:\/\/shop.axiell.com\/","logo":{"@type":"ImageObject","inLanguage":"sv-SE","@id":"https:\/\/shop.axiell.com\/#\/schema\/logo\/image\/","url":"https:\/\/shop.axiell.com\/wp-content\/uploads\/2019\/05\/cropped-axiell-logo@2.png","contentUrl":"https:\/\/shop.axiell.com\/wp-content\/uploads\/2019\/05\/cropped-axiell-logo@2.png","width":225,"height":60,"caption":"AxiellDirekt"},"image":{"@id":"https:\/\/shop.axiell.com\/#\/schema\/logo\/image\/"}}]}},"_links":{"self":[{"href":"https:\/\/shop.axiell.com\/sv\/wp-json\/wp\/v2\/product\/2351","targetHints":{"allow":["GET"]}}],"collection":[{"href":"https:\/\/shop.axiell.com\/sv\/wp-json\/wp\/v2\/product"}],"about":[{"href":"https:\/\/shop.axiell.com\/sv\/wp-json\/wp\/v2\/types\/product"}],"wp:featuredmedia":[{"embeddable":true,"href":"https:\/\/shop.axiell.com\/sv\/wp-json\/wp\/v2\/media\/2350"}],"wp:attachment":[{"href":"https:\/\/shop.axiell.com\/sv\/wp-json\/wp\/v2\/media?parent=2351"}],"wp:term":[{"taxonomy":"product_brand","embeddable":true,"href":"https:\/\/shop.axiell.com\/sv\/wp-json\/wp\/v2\/product_brand?post=2351"},{"taxonomy":"product_cat","embeddable":true,"href":"https:\/\/shop.axiell.com\/sv\/wp-json\/wp\/v2\/product_cat?post=2351"},{"taxonomy":"product_tag","embeddable":true,"href":"https:\/\/shop.axiell.com\/sv\/wp-json\/wp\/v2\/product_tag?post=2351"}],"curies":[{"name":"wp","href":"https:\/\/api.w.org\/{rel}","templated":true}]}}