{"id":2259,"date":"2017-05-12T07:09:47","date_gmt":"2017-05-12T07:09:47","guid":{"rendered":"https:\/\/shop.axiell.com\/product\/quickscan-mobile-ii-2d-qm2430\/"},"modified":"2025-05-23T08:04:24","modified_gmt":"2025-05-23T08:04:24","slug":"quickscan-mobile-qm2500","status":"publish","type":"product","link":"https:\/\/shop.axiell.com\/sv\/produkt\/quickscan-mobile-qm2500\/","title":{"rendered":"QuickScan Mobile 1D\/2D  QM2500"},"content":{"rendered":"<p><strong>Snygg och smart tr\u00e5dl\u00f6s handskanner fr\u00e5n Datalogic<br \/>\nF\u00e4rdigkonfigurerat paket med enkel inkoppling via USB f\u00f6r just ert bibliotekssystemet.<\/strong><\/p>\n<p><strong>433Mhz tr\u00e5dl\u00f6s teknik med upp till 30 meters r\u00e4ckvidd<\/strong><\/p>\n<p><strong>Datalogic QM2500 \u00e4r en otroligt snabb och p\u00e5litlig \u00a0handskanner fr\u00e5n Datalogic. <\/strong><\/p>\n<p><strong>F\u00f6r att QM2500 ska klara dagen och leverera kontinuerlig topprestanda \u00e4r den utrustad med ett nytt 3.250 mAh litiumjonbatteri. N\u00e4r batteriet \u00e4r fulladdat klarar skannern upp till 100.000 scanningar p\u00e5 en enda laddning. <\/strong><strong>Den praktiska designen och den h\u00f6ga kvaliteten p\u00e5 komponenterna s\u00e4kerst\u00e4ller dessutom en h\u00f6g grad av robusthet och l\u00e5ng framtida anv\u00e4ndning.<br \/>\n<\/strong><strong>Scannern g\u00e5r \u00e4ven att anv\u00e4nda som presentationsscanner n\u00e4r den befinner sig i stativet: dra helt enkelt en streckkod f\u00f6rbi avl\u00e4sningsf\u00e4ltet s\u00e5 aktiveras skanningen.<\/strong><\/p>\n<p><strong> Fungerar som exempel till bland annat QURIA, BOOK-IT, LIBRA men \u00e4ven andra bibliotekssystem.<\/strong><\/p>\n<ul>\n<li><strong>F\u00e4rdig f\u00f6r anv\u00e4ndning vid leverans och ett enkelt handhavande vid anv\u00e4ndning.<\/strong><\/li>\n<li><strong>L\u00e4ser de \u00e4ldre 1D-streckkoder med \u00e4ven de nya\u00a0 2D-streckkoder ( QR)<\/strong><\/li>\n<li><strong>Litium-jon-batteri med l\u00e5ng drifttid (3250 mAh)<\/strong><\/li>\n<li><strong>Anv\u00e4ndarv\u00e4nlig teknik med 433 MHz radio-teknologi ( slipper Bluetooth kopplande)<\/strong><\/li>\n<li><strong>Datalogic popul\u00e4ra Green Spot f\u00f6r tydlig l\u00e4sbekr\u00e4ftelse (m\u00f6jligt att st\u00e4nga av ljudet)<\/strong><\/li>\n<li><strong>Med en kraftfull radior\u00e4ckvidd p\u00e5 upp till 30 m fr\u00e5n basstationen \u00f6kar den b\u00e5de ergonomin och effektiviteten i arbetet.<br \/>\n<\/strong><\/li>\n<li><strong>5 \u00e5rs garanti ( ej batteri som \u00e4r f\u00f6rbrukning )<\/strong><\/li>\n<\/ul>\n<p>&nbsp;<\/p>\n","protected":false},"excerpt":{"rendered":"<p class=\"page-title1\"><strong><span class=\"NORMAL\">Denna QuickScan modellen fr\u00e5n Datalogic \u00e4r den mest kostnadseffektiva l\u00f6sningen f\u00f6r bibliotek som s\u00f6ker en tr\u00e5dl\u00f6s 2D handskanner. ( Denna skanner l\u00e4ser b\u00e5de 1D och de nya 2D koderna ).<\/span><\/strong><\/p>\n<p class=\"page-title1\"><strong><span class=\"NORMAL\">Sj\u00e4lvklart s\u00e5 har \u00e4ven denna skanner Datalogic\u00b4s uppskattade \u00a0gr\u00f6na punkt f\u00f6r l\u00e4s-bekr\u00e4ftelse<\/span><\/strong><\/p>\n","protected":false},"featured_media":11308,"template":"","meta":[],"product_brand":[],"product_cat":[279,286],"product_tag":[280],"class_list":{"0":"post-2259","1":"product","2":"type-product","3":"status-publish","4":"has-post-thumbnail","6":"product_cat-scanners-sv","7":"product_cat-wireless-scanner-sv","8":"product_tag-datalogic-sv","10":"first","11":"instock","12":"taxable","13":"shipping-taxable","14":"purchasable","15":"product-type-simple"},"yoast_head":"<!-- This site is optimized with the Yoast SEO Premium plugin v27.5 (Yoast SEO v27.5) - https:\/\/yoast.com\/product\/yoast-seo-premium-wordpress\/ -->\n<title>QuickScan Mobile 1D\/2D QM2500 | AxiellDirekt<\/title>\n<meta name=\"robots\" content=\"index, follow, max-snippet:-1, max-image-preview:large, max-video-preview:-1\" \/>\n<link rel=\"canonical\" href=\"https:\/\/shop.axiell.com\/sv\/produkt\/quickscan-mobile-qm2500\/\" \/>\n<meta property=\"og:locale\" content=\"sv_SE\" \/>\n<meta property=\"og:type\" content=\"article\" \/>\n<meta property=\"og:title\" content=\"QuickScan Mobile 1D\/2D QM2500\" \/>\n<meta property=\"og:description\" content=\"Denna QuickScan modellen fr\u00e5n Datalogic \u00e4r den mest kostnadseffektiva l\u00f6sningen f\u00f6r bibliotek som s\u00f6ker en tr\u00e5dl\u00f6s 2D handskanner. ( Denna skanner l\u00e4ser b\u00e5de 1D och de nya 2D koderna ). Sj\u00e4lvklart s\u00e5 har \u00e4ven denna skanner Datalogic\u00b4s uppskattade \u00a0gr\u00f6na punkt f\u00f6r l\u00e4s-bekr\u00e4ftelse\" \/>\n<meta property=\"og:url\" content=\"https:\/\/shop.axiell.com\/sv\/produkt\/quickscan-mobile-qm2500\/\" \/>\n<meta property=\"og:site_name\" content=\"AxiellDirekt\" \/>\n<meta property=\"article:modified_time\" content=\"2025-05-23T08:04:24+00:00\" \/>\n<meta property=\"og:image\" content=\"https:\/\/shop.axiell.com\/wp-content\/uploads\/2017\/05\/Datalogic-QBT2500-BK-BTK-30375037-01.jpg\" \/>\n\t<meta property=\"og:image:width\" content=\"1020\" \/>\n\t<meta property=\"og:image:height\" content=\"570\" \/>\n\t<meta property=\"og:image:type\" content=\"image\/jpeg\" \/>\n<meta name=\"twitter:card\" content=\"summary_large_image\" \/>\n<meta name=\"twitter:label1\" content=\"Ber\u00e4knad l\u00e4stid\" \/>\n\t<meta name=\"twitter:data1\" content=\"1 minut\" \/>\n<script type=\"application\/ld+json\" class=\"yoast-schema-graph\">{\"@context\":\"https:\\\/\\\/schema.org\",\"@graph\":[{\"@type\":\"WebPage\",\"@id\":\"https:\\\/\\\/shop.axiell.com\\\/sv\\\/produkt\\\/quickscan-mobile-qm2500\\\/\",\"url\":\"https:\\\/\\\/shop.axiell.com\\\/sv\\\/produkt\\\/quickscan-mobile-qm2500\\\/\",\"name\":\"QuickScan Mobile 1D\\\/2D QM2500 | AxiellDirekt\",\"isPartOf\":{\"@id\":\"https:\\\/\\\/shop.axiell.com\\\/#website\"},\"primaryImageOfPage\":{\"@id\":\"https:\\\/\\\/shop.axiell.com\\\/sv\\\/produkt\\\/quickscan-mobile-qm2500\\\/#primaryimage\"},\"image\":{\"@id\":\"https:\\\/\\\/shop.axiell.com\\\/sv\\\/produkt\\\/quickscan-mobile-qm2500\\\/#primaryimage\"},\"thumbnailUrl\":\"https:\\\/\\\/shop.axiell.com\\\/wp-content\\\/uploads\\\/2017\\\/05\\\/Datalogic-QBT2500-BK-BTK-30375037-01.jpg\",\"datePublished\":\"2017-05-12T07:09:47+00:00\",\"dateModified\":\"2025-05-23T08:04:24+00:00\",\"breadcrumb\":{\"@id\":\"https:\\\/\\\/shop.axiell.com\\\/sv\\\/produkt\\\/quickscan-mobile-qm2500\\\/#breadcrumb\"},\"inLanguage\":\"sv-SE\",\"potentialAction\":[{\"@type\":\"ReadAction\",\"target\":[\"https:\\\/\\\/shop.axiell.com\\\/sv\\\/produkt\\\/quickscan-mobile-qm2500\\\/\"]}]},{\"@type\":\"ImageObject\",\"inLanguage\":\"sv-SE\",\"@id\":\"https:\\\/\\\/shop.axiell.com\\\/sv\\\/produkt\\\/quickscan-mobile-qm2500\\\/#primaryimage\",\"url\":\"https:\\\/\\\/shop.axiell.com\\\/wp-content\\\/uploads\\\/2017\\\/05\\\/Datalogic-QBT2500-BK-BTK-30375037-01.jpg\",\"contentUrl\":\"https:\\\/\\\/shop.axiell.com\\\/wp-content\\\/uploads\\\/2017\\\/05\\\/Datalogic-QBT2500-BK-BTK-30375037-01.jpg\",\"width\":1020,\"height\":570},{\"@type\":\"BreadcrumbList\",\"@id\":\"https:\\\/\\\/shop.axiell.com\\\/sv\\\/produkt\\\/quickscan-mobile-qm2500\\\/#breadcrumb\",\"itemListElement\":[{\"@type\":\"ListItem\",\"position\":1,\"name\":\"Home\",\"item\":\"https:\\\/\\\/shop.axiell.com\\\/sv\\\/\"},{\"@type\":\"ListItem\",\"position\":2,\"name\":\"Shop\",\"item\":\"https:\\\/\\\/shop.axiell.com\\\/sv\\\/shop\\\/\"},{\"@type\":\"ListItem\",\"position\":3,\"name\":\"QuickScan Mobile 1D\\\/2D QM2500\"}]},{\"@type\":\"WebSite\",\"@id\":\"https:\\\/\\\/shop.axiell.com\\\/#website\",\"url\":\"https:\\\/\\\/shop.axiell.com\\\/\",\"name\":\"AxiellDirekt\",\"description\":\"Axiell webshop, dedicated to libraries\",\"publisher\":{\"@id\":\"https:\\\/\\\/shop.axiell.com\\\/#organization\"},\"potentialAction\":[{\"@type\":\"SearchAction\",\"target\":{\"@type\":\"EntryPoint\",\"urlTemplate\":\"https:\\\/\\\/shop.axiell.com\\\/?s={search_term_string}\"},\"query-input\":{\"@type\":\"PropertyValueSpecification\",\"valueRequired\":true,\"valueName\":\"search_term_string\"}}],\"inLanguage\":\"sv-SE\"},{\"@type\":\"Organization\",\"@id\":\"https:\\\/\\\/shop.axiell.com\\\/#organization\",\"name\":\"AxiellDirekt\",\"url\":\"https:\\\/\\\/shop.axiell.com\\\/\",\"logo\":{\"@type\":\"ImageObject\",\"inLanguage\":\"sv-SE\",\"@id\":\"https:\\\/\\\/shop.axiell.com\\\/#\\\/schema\\\/logo\\\/image\\\/\",\"url\":\"https:\\\/\\\/shop.axiell.com\\\/wp-content\\\/uploads\\\/2019\\\/05\\\/cropped-axiell-logo@2.png\",\"contentUrl\":\"https:\\\/\\\/shop.axiell.com\\\/wp-content\\\/uploads\\\/2019\\\/05\\\/cropped-axiell-logo@2.png\",\"width\":225,\"height\":60,\"caption\":\"AxiellDirekt\"},\"image\":{\"@id\":\"https:\\\/\\\/shop.axiell.com\\\/#\\\/schema\\\/logo\\\/image\\\/\"}}]}<\/script>\n<!-- \/ Yoast SEO Premium plugin. -->","yoast_head_json":{"title":"QuickScan Mobile 1D\/2D QM2500 | AxiellDirekt","robots":{"index":"index","follow":"follow","max-snippet":"max-snippet:-1","max-image-preview":"max-image-preview:large","max-video-preview":"max-video-preview:-1"},"canonical":"https:\/\/shop.axiell.com\/sv\/produkt\/quickscan-mobile-qm2500\/","og_locale":"sv_SE","og_type":"article","og_title":"QuickScan Mobile 1D\/2D QM2500","og_description":"Denna QuickScan modellen fr\u00e5n Datalogic \u00e4r den mest kostnadseffektiva l\u00f6sningen f\u00f6r bibliotek som s\u00f6ker en tr\u00e5dl\u00f6s 2D handskanner. ( Denna skanner l\u00e4ser b\u00e5de 1D och de nya 2D koderna ). Sj\u00e4lvklart s\u00e5 har \u00e4ven denna skanner Datalogic\u00b4s uppskattade \u00a0gr\u00f6na punkt f\u00f6r l\u00e4s-bekr\u00e4ftelse","og_url":"https:\/\/shop.axiell.com\/sv\/produkt\/quickscan-mobile-qm2500\/","og_site_name":"AxiellDirekt","article_modified_time":"2025-05-23T08:04:24+00:00","og_image":[{"width":1020,"height":570,"url":"https:\/\/shop.axiell.com\/wp-content\/uploads\/2017\/05\/Datalogic-QBT2500-BK-BTK-30375037-01.jpg","type":"image\/jpeg"}],"twitter_card":"summary_large_image","twitter_misc":{"Ber\u00e4knad l\u00e4stid":"1 minut"},"schema":{"@context":"https:\/\/schema.org","@graph":[{"@type":"WebPage","@id":"https:\/\/shop.axiell.com\/sv\/produkt\/quickscan-mobile-qm2500\/","url":"https:\/\/shop.axiell.com\/sv\/produkt\/quickscan-mobile-qm2500\/","name":"QuickScan Mobile 1D\/2D QM2500 | AxiellDirekt","isPartOf":{"@id":"https:\/\/shop.axiell.com\/#website"},"primaryImageOfPage":{"@id":"https:\/\/shop.axiell.com\/sv\/produkt\/quickscan-mobile-qm2500\/#primaryimage"},"image":{"@id":"https:\/\/shop.axiell.com\/sv\/produkt\/quickscan-mobile-qm2500\/#primaryimage"},"thumbnailUrl":"https:\/\/shop.axiell.com\/wp-content\/uploads\/2017\/05\/Datalogic-QBT2500-BK-BTK-30375037-01.jpg","datePublished":"2017-05-12T07:09:47+00:00","dateModified":"2025-05-23T08:04:24+00:00","breadcrumb":{"@id":"https:\/\/shop.axiell.com\/sv\/produkt\/quickscan-mobile-qm2500\/#breadcrumb"},"inLanguage":"sv-SE","potentialAction":[{"@type":"ReadAction","target":["https:\/\/shop.axiell.com\/sv\/produkt\/quickscan-mobile-qm2500\/"]}]},{"@type":"ImageObject","inLanguage":"sv-SE","@id":"https:\/\/shop.axiell.com\/sv\/produkt\/quickscan-mobile-qm2500\/#primaryimage","url":"https:\/\/shop.axiell.com\/wp-content\/uploads\/2017\/05\/Datalogic-QBT2500-BK-BTK-30375037-01.jpg","contentUrl":"https:\/\/shop.axiell.com\/wp-content\/uploads\/2017\/05\/Datalogic-QBT2500-BK-BTK-30375037-01.jpg","width":1020,"height":570},{"@type":"BreadcrumbList","@id":"https:\/\/shop.axiell.com\/sv\/produkt\/quickscan-mobile-qm2500\/#breadcrumb","itemListElement":[{"@type":"ListItem","position":1,"name":"Home","item":"https:\/\/shop.axiell.com\/sv\/"},{"@type":"ListItem","position":2,"name":"Shop","item":"https:\/\/shop.axiell.com\/sv\/shop\/"},{"@type":"ListItem","position":3,"name":"QuickScan Mobile 1D\/2D QM2500"}]},{"@type":"WebSite","@id":"https:\/\/shop.axiell.com\/#website","url":"https:\/\/shop.axiell.com\/","name":"AxiellDirekt","description":"Axiell webshop, dedicated to libraries","publisher":{"@id":"https:\/\/shop.axiell.com\/#organization"},"potentialAction":[{"@type":"SearchAction","target":{"@type":"EntryPoint","urlTemplate":"https:\/\/shop.axiell.com\/?s={search_term_string}"},"query-input":{"@type":"PropertyValueSpecification","valueRequired":true,"valueName":"search_term_string"}}],"inLanguage":"sv-SE"},{"@type":"Organization","@id":"https:\/\/shop.axiell.com\/#organization","name":"AxiellDirekt","url":"https:\/\/shop.axiell.com\/","logo":{"@type":"ImageObject","inLanguage":"sv-SE","@id":"https:\/\/shop.axiell.com\/#\/schema\/logo\/image\/","url":"https:\/\/shop.axiell.com\/wp-content\/uploads\/2019\/05\/cropped-axiell-logo@2.png","contentUrl":"https:\/\/shop.axiell.com\/wp-content\/uploads\/2019\/05\/cropped-axiell-logo@2.png","width":225,"height":60,"caption":"AxiellDirekt"},"image":{"@id":"https:\/\/shop.axiell.com\/#\/schema\/logo\/image\/"}}]}},"_links":{"self":[{"href":"https:\/\/shop.axiell.com\/sv\/wp-json\/wp\/v2\/product\/2259","targetHints":{"allow":["GET"]}}],"collection":[{"href":"https:\/\/shop.axiell.com\/sv\/wp-json\/wp\/v2\/product"}],"about":[{"href":"https:\/\/shop.axiell.com\/sv\/wp-json\/wp\/v2\/types\/product"}],"wp:featuredmedia":[{"embeddable":true,"href":"https:\/\/shop.axiell.com\/sv\/wp-json\/wp\/v2\/media\/11308"}],"wp:attachment":[{"href":"https:\/\/shop.axiell.com\/sv\/wp-json\/wp\/v2\/media?parent=2259"}],"wp:term":[{"taxonomy":"product_brand","embeddable":true,"href":"https:\/\/shop.axiell.com\/sv\/wp-json\/wp\/v2\/product_brand?post=2259"},{"taxonomy":"product_cat","embeddable":true,"href":"https:\/\/shop.axiell.com\/sv\/wp-json\/wp\/v2\/product_cat?post=2259"},{"taxonomy":"product_tag","embeddable":true,"href":"https:\/\/shop.axiell.com\/sv\/wp-json\/wp\/v2\/product_tag?post=2259"}],"curies":[{"name":"wp","href":"https:\/\/api.w.org\/{rel}","templated":true}]}}