{"id":2200,"date":"2017-10-20T07:14:03","date_gmt":"2017-10-20T07:14:03","guid":{"rendered":"https:\/\/shop.axiell.com\/product\/lanekort\/"},"modified":"2019-09-09T08:05:56","modified_gmt":"2019-09-09T08:05:56","slug":"lanekort","status":"publish","type":"product","link":"https:\/\/shop.axiell.com\/sv\/produkt\/lanekort\/","title":{"rendered":"L\u00e5nekort"},"content":{"rendered":"<p>V\u00e5rt vanliga l\u00e5nekort som kommer i tre olika utf\u00f6randen. Vi ordnar med bibliotekets unika motiv, namn och den viktiga nummerserien i streckkoden.\u00a0Finns befintligt motiv s\u00e5 anv\u00e4nds detta.<\/p>\n<p>Varje paket inneh\u00e5ller 1000 l\u00e5nekort.<\/p>\n","protected":false},"excerpt":{"rendered":"<div class=\"woocommerce-tabs wc-tabs-wrapper\">\n<div id=\"tab-description\" class=\"woocommerce-Tabs-panel woocommerce-Tabs-panel--description panel entry-content wc-tab\" role=\"tabpanel\" aria-labelledby=\"tab-title-description\">\n<h2>Beskrivning<\/h2>\n<p>Har du t\u00e4nkt p\u00e5 att l\u00e5nekortet \u00e4r ett av <b>bibliotekets ansikten ut\u00e5t<\/b>? D\u00e4rf\u00f6r kan det vara all id\u00e9 att skapa ett l\u00e5nekort som skapar positiv uppm\u00e4rksamhet kring ditt bibliotek.<\/p>\n<p>Ta vilken id\u00e9 du vill och g\u00f6r den verklig. Antingen desingar du l\u00e5nekortet sj\u00e4lv eller s\u00e5 hj\u00e4lper vi dig. Och vi hj\u00e4lper dig med original och tryck, fr\u00e5n sm\u00e5 lokala upplagor till stora f\u00f6r stadsbibliotek och l\u00e4nssamarbeten, <b>oavsett vilket bibliotekssystem du jobbar med<\/b>.<\/p>\n<p>N\u00e4r vi trycker v\u00e5ra l\u00e5nekort samarbetar vi med ett tryckeri som trycker p\u00e5 s\u00e5 milj\u00f6v\u00e4nlig plast som m\u00f6jligt, och som ligger n\u00e4ra oss s\u00e5 vi p\u00e5 s\u00e5 s\u00e4tt minimerar frakt och d\u00e4rmed milj\u00f6p\u00e5verkan. Alla v\u00e5ra l\u00e5nerkort \u00e4r <b>\u00e5tervinningbara<\/b>. Du kastar dem bara i beh\u00e5llaren f\u00f6r h\u00e5rdplats.<\/p>\n<p>Vi har <b>tjugo \u00e5rs erfarenhet<\/b> av att producera och trycka l\u00e5nekort och kan garantera dig att v\u00e5ra l\u00e5nekort h\u00e5ller en h\u00f6g kvalitet.<\/p>\n<\/div>\n<\/div>\n","protected":false},"featured_media":4297,"template":"","meta":[],"product_brand":[],"product_cat":[441,447],"product_tag":[],"class_list":{"0":"post-2200","1":"product","2":"type-product","3":"status-publish","4":"has-post-thumbnail","6":"product_cat-lanekort","7":"product_cat-standardlanekort","9":"first","10":"instock","11":"taxable","12":"shipping-taxable","13":"purchasable","14":"product-type-variable"},"yoast_head":"<!-- This site is optimized with the Yoast SEO Premium plugin v27.3 (Yoast SEO v27.3) - https:\/\/yoast.com\/product\/yoast-seo-premium-wordpress\/ -->\n<title>L\u00e5nekort | AxiellDirekt<\/title>\n<meta name=\"robots\" content=\"index, follow, max-snippet:-1, max-image-preview:large, max-video-preview:-1\" \/>\n<link rel=\"canonical\" href=\"https:\/\/shop.axiell.com\/sv\/produkt\/lanekort\/\" \/>\n<meta property=\"og:locale\" content=\"sv_SE\" \/>\n<meta property=\"og:type\" content=\"article\" \/>\n<meta property=\"og:title\" content=\"L\u00e5nekort\" \/>\n<meta property=\"og:description\" content=\"Beskrivning Har du t\u00e4nkt p\u00e5 att l\u00e5nekortet \u00e4r ett av bibliotekets ansikten ut\u00e5t? D\u00e4rf\u00f6r kan det vara all id\u00e9 att skapa ett l\u00e5nekort som skapar positiv uppm\u00e4rksamhet kring ditt bibliotek.  Ta vilken id\u00e9 du vill och g\u00f6r den verklig. Antingen desingar du l\u00e5nekortet sj\u00e4lv eller s\u00e5 hj\u00e4lper vi dig. Och vi hj\u00e4lper dig med original och tryck, fr\u00e5n sm\u00e5 lokala upplagor till stora f\u00f6r stadsbibliotek och l\u00e4nssamarbeten, oavsett vilket bibliotekssystem du jobbar med.  N\u00e4r vi trycker v\u00e5ra l\u00e5nekort samarbetar vi med ett tryckeri som trycker p\u00e5 s\u00e5 milj\u00f6v\u00e4nlig plast som m\u00f6jligt, och som ligger n\u00e4ra oss s\u00e5 vi p\u00e5 s\u00e5 s\u00e4tt minimerar frakt och d\u00e4rmed milj\u00f6p\u00e5verkan. Alla v\u00e5ra l\u00e5nerkort \u00e4r \u00e5tervinningbara. Du kastar dem bara i beh\u00e5llaren f\u00f6r h\u00e5rdplats.  Vi har tjugo \u00e5rs erfarenhet av att producera och trycka l\u00e5nekort och kan garantera dig att v\u00e5ra l\u00e5nekort h\u00e5ller en h\u00f6g kvalitet.\" \/>\n<meta property=\"og:url\" content=\"https:\/\/shop.axiell.com\/sv\/produkt\/lanekort\/\" \/>\n<meta property=\"og:site_name\" content=\"AxiellDirekt\" \/>\n<meta property=\"article:modified_time\" content=\"2019-09-09T08:05:56+00:00\" \/>\n<meta property=\"og:image\" content=\"https:\/\/shop.axiell.com\/wp-content\/uploads\/2017\/10\/L\u00e5nekort-bl\u00e5vit.jpg\" \/>\n\t<meta property=\"og:image:width\" content=\"400\" \/>\n\t<meta property=\"og:image:height\" content=\"400\" \/>\n\t<meta property=\"og:image:type\" content=\"image\/jpeg\" \/>\n<meta name=\"twitter:card\" content=\"summary_large_image\" \/>\n<script type=\"application\/ld+json\" class=\"yoast-schema-graph\">{\"@context\":\"https:\\\/\\\/schema.org\",\"@graph\":[{\"@type\":\"WebPage\",\"@id\":\"https:\\\/\\\/shop.axiell.com\\\/sv\\\/produkt\\\/lanekort\\\/\",\"url\":\"https:\\\/\\\/shop.axiell.com\\\/sv\\\/produkt\\\/lanekort\\\/\",\"name\":\"L\u00e5nekort | AxiellDirekt\",\"isPartOf\":{\"@id\":\"https:\\\/\\\/shop.axiell.com\\\/#website\"},\"primaryImageOfPage\":{\"@id\":\"https:\\\/\\\/shop.axiell.com\\\/sv\\\/produkt\\\/lanekort\\\/#primaryimage\"},\"image\":{\"@id\":\"https:\\\/\\\/shop.axiell.com\\\/sv\\\/produkt\\\/lanekort\\\/#primaryimage\"},\"thumbnailUrl\":\"https:\\\/\\\/shop.axiell.com\\\/wp-content\\\/uploads\\\/2017\\\/10\\\/L\u00e5nekort-bl\u00e5vit.jpg\",\"datePublished\":\"2017-10-20T07:14:03+00:00\",\"dateModified\":\"2019-09-09T08:05:56+00:00\",\"breadcrumb\":{\"@id\":\"https:\\\/\\\/shop.axiell.com\\\/sv\\\/produkt\\\/lanekort\\\/#breadcrumb\"},\"inLanguage\":\"sv-SE\",\"potentialAction\":[{\"@type\":\"ReadAction\",\"target\":[\"https:\\\/\\\/shop.axiell.com\\\/sv\\\/produkt\\\/lanekort\\\/\"]}]},{\"@type\":\"ImageObject\",\"inLanguage\":\"sv-SE\",\"@id\":\"https:\\\/\\\/shop.axiell.com\\\/sv\\\/produkt\\\/lanekort\\\/#primaryimage\",\"url\":\"https:\\\/\\\/shop.axiell.com\\\/wp-content\\\/uploads\\\/2017\\\/10\\\/L\u00e5nekort-bl\u00e5vit.jpg\",\"contentUrl\":\"https:\\\/\\\/shop.axiell.com\\\/wp-content\\\/uploads\\\/2017\\\/10\\\/L\u00e5nekort-bl\u00e5vit.jpg\",\"width\":400,\"height\":400},{\"@type\":\"BreadcrumbList\",\"@id\":\"https:\\\/\\\/shop.axiell.com\\\/sv\\\/produkt\\\/lanekort\\\/#breadcrumb\",\"itemListElement\":[{\"@type\":\"ListItem\",\"position\":1,\"name\":\"Home\",\"item\":\"https:\\\/\\\/shop.axiell.com\\\/sv\\\/\"},{\"@type\":\"ListItem\",\"position\":2,\"name\":\"Shop\",\"item\":\"https:\\\/\\\/shop.axiell.com\\\/sv\\\/shop\\\/\"},{\"@type\":\"ListItem\",\"position\":3,\"name\":\"L\u00e5nekort\"}]},{\"@type\":\"WebSite\",\"@id\":\"https:\\\/\\\/shop.axiell.com\\\/#website\",\"url\":\"https:\\\/\\\/shop.axiell.com\\\/\",\"name\":\"AxiellDirekt\",\"description\":\"Axiell webshop, dedicated to libraries\",\"publisher\":{\"@id\":\"https:\\\/\\\/shop.axiell.com\\\/#organization\"},\"potentialAction\":[{\"@type\":\"SearchAction\",\"target\":{\"@type\":\"EntryPoint\",\"urlTemplate\":\"https:\\\/\\\/shop.axiell.com\\\/?s={search_term_string}\"},\"query-input\":{\"@type\":\"PropertyValueSpecification\",\"valueRequired\":true,\"valueName\":\"search_term_string\"}}],\"inLanguage\":\"sv-SE\"},{\"@type\":\"Organization\",\"@id\":\"https:\\\/\\\/shop.axiell.com\\\/#organization\",\"name\":\"AxiellDirekt\",\"url\":\"https:\\\/\\\/shop.axiell.com\\\/\",\"logo\":{\"@type\":\"ImageObject\",\"inLanguage\":\"sv-SE\",\"@id\":\"https:\\\/\\\/shop.axiell.com\\\/#\\\/schema\\\/logo\\\/image\\\/\",\"url\":\"https:\\\/\\\/shop.axiell.com\\\/wp-content\\\/uploads\\\/2019\\\/05\\\/cropped-axiell-logo@2.png\",\"contentUrl\":\"https:\\\/\\\/shop.axiell.com\\\/wp-content\\\/uploads\\\/2019\\\/05\\\/cropped-axiell-logo@2.png\",\"width\":225,\"height\":60,\"caption\":\"AxiellDirekt\"},\"image\":{\"@id\":\"https:\\\/\\\/shop.axiell.com\\\/#\\\/schema\\\/logo\\\/image\\\/\"}}]}<\/script>\n<!-- \/ Yoast SEO Premium plugin. -->","yoast_head_json":{"title":"L\u00e5nekort | AxiellDirekt","robots":{"index":"index","follow":"follow","max-snippet":"max-snippet:-1","max-image-preview":"max-image-preview:large","max-video-preview":"max-video-preview:-1"},"canonical":"https:\/\/shop.axiell.com\/sv\/produkt\/lanekort\/","og_locale":"sv_SE","og_type":"article","og_title":"L\u00e5nekort","og_description":"Beskrivning Har du t\u00e4nkt p\u00e5 att l\u00e5nekortet \u00e4r ett av bibliotekets ansikten ut\u00e5t? D\u00e4rf\u00f6r kan det vara all id\u00e9 att skapa ett l\u00e5nekort som skapar positiv uppm\u00e4rksamhet kring ditt bibliotek.  Ta vilken id\u00e9 du vill och g\u00f6r den verklig. Antingen desingar du l\u00e5nekortet sj\u00e4lv eller s\u00e5 hj\u00e4lper vi dig. Och vi hj\u00e4lper dig med original och tryck, fr\u00e5n sm\u00e5 lokala upplagor till stora f\u00f6r stadsbibliotek och l\u00e4nssamarbeten, oavsett vilket bibliotekssystem du jobbar med.  N\u00e4r vi trycker v\u00e5ra l\u00e5nekort samarbetar vi med ett tryckeri som trycker p\u00e5 s\u00e5 milj\u00f6v\u00e4nlig plast som m\u00f6jligt, och som ligger n\u00e4ra oss s\u00e5 vi p\u00e5 s\u00e5 s\u00e4tt minimerar frakt och d\u00e4rmed milj\u00f6p\u00e5verkan. Alla v\u00e5ra l\u00e5nerkort \u00e4r \u00e5tervinningbara. Du kastar dem bara i beh\u00e5llaren f\u00f6r h\u00e5rdplats.  Vi har tjugo \u00e5rs erfarenhet av att producera och trycka l\u00e5nekort och kan garantera dig att v\u00e5ra l\u00e5nekort h\u00e5ller en h\u00f6g kvalitet.","og_url":"https:\/\/shop.axiell.com\/sv\/produkt\/lanekort\/","og_site_name":"AxiellDirekt","article_modified_time":"2019-09-09T08:05:56+00:00","og_image":[{"width":400,"height":400,"url":"https:\/\/shop.axiell.com\/wp-content\/uploads\/2017\/10\/L\u00e5nekort-bl\u00e5vit.jpg","type":"image\/jpeg"}],"twitter_card":"summary_large_image","schema":{"@context":"https:\/\/schema.org","@graph":[{"@type":"WebPage","@id":"https:\/\/shop.axiell.com\/sv\/produkt\/lanekort\/","url":"https:\/\/shop.axiell.com\/sv\/produkt\/lanekort\/","name":"L\u00e5nekort | AxiellDirekt","isPartOf":{"@id":"https:\/\/shop.axiell.com\/#website"},"primaryImageOfPage":{"@id":"https:\/\/shop.axiell.com\/sv\/produkt\/lanekort\/#primaryimage"},"image":{"@id":"https:\/\/shop.axiell.com\/sv\/produkt\/lanekort\/#primaryimage"},"thumbnailUrl":"https:\/\/shop.axiell.com\/wp-content\/uploads\/2017\/10\/L\u00e5nekort-bl\u00e5vit.jpg","datePublished":"2017-10-20T07:14:03+00:00","dateModified":"2019-09-09T08:05:56+00:00","breadcrumb":{"@id":"https:\/\/shop.axiell.com\/sv\/produkt\/lanekort\/#breadcrumb"},"inLanguage":"sv-SE","potentialAction":[{"@type":"ReadAction","target":["https:\/\/shop.axiell.com\/sv\/produkt\/lanekort\/"]}]},{"@type":"ImageObject","inLanguage":"sv-SE","@id":"https:\/\/shop.axiell.com\/sv\/produkt\/lanekort\/#primaryimage","url":"https:\/\/shop.axiell.com\/wp-content\/uploads\/2017\/10\/L\u00e5nekort-bl\u00e5vit.jpg","contentUrl":"https:\/\/shop.axiell.com\/wp-content\/uploads\/2017\/10\/L\u00e5nekort-bl\u00e5vit.jpg","width":400,"height":400},{"@type":"BreadcrumbList","@id":"https:\/\/shop.axiell.com\/sv\/produkt\/lanekort\/#breadcrumb","itemListElement":[{"@type":"ListItem","position":1,"name":"Home","item":"https:\/\/shop.axiell.com\/sv\/"},{"@type":"ListItem","position":2,"name":"Shop","item":"https:\/\/shop.axiell.com\/sv\/shop\/"},{"@type":"ListItem","position":3,"name":"L\u00e5nekort"}]},{"@type":"WebSite","@id":"https:\/\/shop.axiell.com\/#website","url":"https:\/\/shop.axiell.com\/","name":"AxiellDirekt","description":"Axiell webshop, dedicated to libraries","publisher":{"@id":"https:\/\/shop.axiell.com\/#organization"},"potentialAction":[{"@type":"SearchAction","target":{"@type":"EntryPoint","urlTemplate":"https:\/\/shop.axiell.com\/?s={search_term_string}"},"query-input":{"@type":"PropertyValueSpecification","valueRequired":true,"valueName":"search_term_string"}}],"inLanguage":"sv-SE"},{"@type":"Organization","@id":"https:\/\/shop.axiell.com\/#organization","name":"AxiellDirekt","url":"https:\/\/shop.axiell.com\/","logo":{"@type":"ImageObject","inLanguage":"sv-SE","@id":"https:\/\/shop.axiell.com\/#\/schema\/logo\/image\/","url":"https:\/\/shop.axiell.com\/wp-content\/uploads\/2019\/05\/cropped-axiell-logo@2.png","contentUrl":"https:\/\/shop.axiell.com\/wp-content\/uploads\/2019\/05\/cropped-axiell-logo@2.png","width":225,"height":60,"caption":"AxiellDirekt"},"image":{"@id":"https:\/\/shop.axiell.com\/#\/schema\/logo\/image\/"}}]}},"_links":{"self":[{"href":"https:\/\/shop.axiell.com\/sv\/wp-json\/wp\/v2\/product\/2200","targetHints":{"allow":["GET"]}}],"collection":[{"href":"https:\/\/shop.axiell.com\/sv\/wp-json\/wp\/v2\/product"}],"about":[{"href":"https:\/\/shop.axiell.com\/sv\/wp-json\/wp\/v2\/types\/product"}],"wp:featuredmedia":[{"embeddable":true,"href":"https:\/\/shop.axiell.com\/sv\/wp-json\/wp\/v2\/media\/4297"}],"wp:attachment":[{"href":"https:\/\/shop.axiell.com\/sv\/wp-json\/wp\/v2\/media?parent=2200"}],"wp:term":[{"taxonomy":"product_brand","embeddable":true,"href":"https:\/\/shop.axiell.com\/sv\/wp-json\/wp\/v2\/product_brand?post=2200"},{"taxonomy":"product_cat","embeddable":true,"href":"https:\/\/shop.axiell.com\/sv\/wp-json\/wp\/v2\/product_cat?post=2200"},{"taxonomy":"product_tag","embeddable":true,"href":"https:\/\/shop.axiell.com\/sv\/wp-json\/wp\/v2\/product_tag?post=2200"}],"curies":[{"name":"wp","href":"https:\/\/api.w.org\/{rel}","templated":true}]}}