{"id":2168,"date":"2017-10-20T06:34:43","date_gmt":"2017-10-20T06:34:43","guid":{"rendered":"https:\/\/shop.axiell.com\/product\/streckkodsetikett-1000st\/"},"modified":"2025-04-02T09:59:32","modified_gmt":"2025-04-02T09:59:32","slug":"streckkodsetiketter","status":"publish","type":"product","link":"https:\/\/shop.axiell.com\/sv\/produkt\/streckkodsetiketter\/","title":{"rendered":"Streckkodsetiketter neutral -800 Plessy"},"content":{"rendered":"<table>\n<tbody>\n<tr>\n<td><strong>Streckkodsetiketter<\/strong><\/td>\n<\/tr>\n<tr>\n<td>Detta \u00e4r de vanliga etiketterna som man klistrar p\u00e5 bokens baksida. \u00c4ven kallade &#8221;800-etiketter&#8221;, d\u00e5 de alltid b\u00f6rjar p\u00e5 800 i nummerserien.<\/p>\n<p>Varje etikett har ett unikt nummer. Levereras i rulle om 1000 etiketter.<\/p>\n<p>Kodtypen p\u00e5 dessa etiketter heter Plessy.<\/p>\n<p><strong>Milj\u00f6enliga etiketter med h\u00f6g kvalitet<\/strong><br \/>\nN\u00e4r vi trycker v\u00e5ra etiketter samarbetar vi med ett tryckeri som trycker p\u00e5 milj\u00f6v\u00e4nligt tr\u00e4fritt papper, \u00e4r milj\u00f6certifierade enligt ISO 14001 och som ligger n\u00e4ra oss s\u00e5 vi p\u00e5 s\u00e5 s\u00e4tt minimerar frakt och d\u00e4rmed milj\u00f6p\u00e5verkan.<\/p>\n<p>Vi har tjugo \u00e5rs erfarenhet av streckkodsproducering och kan garantera dig att v\u00e5ra etiketter h\u00e5ller en h\u00f6g kvalitet. F\u00f6rutom att de \u00e4r specialdesignade f\u00f6r sitt \u00e4ndam\u00e5l har de utm\u00e4rkt l\u00e4sbarhet och god klisterf\u00f6rm\u00e5ga. Dessutom \u00e4r etiketterna UV-best\u00e4ndiga och vattenresistenta sedan de har blivit p\u00e5klistrade. De st\u00e5r ocks\u00e5 emot v\u00e4rme, smuts och slitage.<\/p>\n<p>Brukar du k\u00f6pa m\u00e5nga etiketter till biblioteket? Du vet v\u00e4l att ju st\u00f6rre best\u00e4llning du g\u00f6r hos oss, desto b\u00e4ttre pris f\u00e5r du och dessutom sparar vi p\u00e5 milj\u00f6n tillsammans.<\/p>\n<p>Vill du testa v\u00e5ra etiketter? Maila till <a href=\"mailto:kontakt@axielldirekt.com\">kontakt@axielldirekt.com<\/a> s\u00e5 skickar vi n\u00e5gra till dig utan kostnad.<\/td>\n<\/tr>\n<\/tbody>\n<\/table>\n","protected":false},"excerpt":{"rendered":"<p>Detta \u00e4r de vanliga etiketterna som man klistrar p\u00e5 bokens baksida.<br \/>\n\u00c4ven kallade &#8221;800-etiketter&#8221;, d\u00e5 nummerserien alltid b\u00f6rjar p\u00e5 800.<\/p>\n<p>Varje etikett har ett unikt nummer. <strong>Levereras i rulle om 1000 etiketter per rulle.<\/strong><br \/>\n<strong>Kodtypen p\u00e5 dessa etiketter heter Plessy.<\/strong><\/p>\n<p>&nbsp;<\/p>\n<p>&nbsp;<\/p>\n","protected":false},"featured_media":2174,"template":"","meta":[],"product_brand":[],"product_cat":[438,1283,439],"product_tag":[],"class_list":{"0":"post-2168","1":"product","2":"type-product","3":"status-publish","4":"has-post-thumbnail","6":"product_cat-etiketter","7":"product_cat-for-skolbibliotek","8":"product_cat-streckkodsetiketter","10":"first","11":"instock","12":"taxable","13":"shipping-taxable","14":"purchasable","15":"product-type-variable"},"yoast_head":"<!-- This site is optimized with the Yoast SEO Premium plugin v27.3 (Yoast SEO v27.3) - https:\/\/yoast.com\/product\/yoast-seo-premium-wordpress\/ -->\n<title>Streckkodsetiketter neutral -800 Plessy | AxiellDirekt<\/title>\n<meta name=\"robots\" content=\"index, follow, max-snippet:-1, max-image-preview:large, max-video-preview:-1\" \/>\n<link rel=\"canonical\" href=\"https:\/\/shop.axiell.com\/sv\/produkt\/streckkodsetiketter\/\" \/>\n<meta property=\"og:locale\" content=\"sv_SE\" \/>\n<meta property=\"og:type\" content=\"article\" \/>\n<meta property=\"og:title\" content=\"Streckkodsetiketter neutral -800 Plessy\" \/>\n<meta property=\"og:description\" content=\"Detta \u00e4r de vanliga etiketterna som man klistrar p\u00e5 bokens baksida. \u00c4ven kallade &quot;800-etiketter&quot;, d\u00e5 nummerserien alltid b\u00f6rjar p\u00e5 800.  Varje etikett har ett unikt nummer. Levereras i rulle om 1000 etiketter per rulle. Kodtypen p\u00e5 dessa etiketter heter Plessy.  &nbsp;  &nbsp;\" \/>\n<meta property=\"og:url\" content=\"https:\/\/shop.axiell.com\/sv\/produkt\/streckkodsetiketter\/\" \/>\n<meta property=\"og:site_name\" content=\"AxiellDirekt\" \/>\n<meta property=\"article:modified_time\" content=\"2025-04-02T09:59:32+00:00\" \/>\n<meta property=\"og:image\" content=\"https:\/\/shop.axiell.com\/wp-content\/uploads\/2017\/10\/Barcode_Labels_Axiell.jpg\" \/>\n\t<meta property=\"og:image:width\" content=\"245\" \/>\n\t<meta property=\"og:image:height\" content=\"105\" \/>\n\t<meta property=\"og:image:type\" content=\"image\/jpeg\" \/>\n<meta name=\"twitter:card\" content=\"summary_large_image\" \/>\n<meta name=\"twitter:label1\" content=\"Ber\u00e4knad l\u00e4stid\" \/>\n\t<meta name=\"twitter:data1\" content=\"1 minut\" \/>\n<script type=\"application\/ld+json\" class=\"yoast-schema-graph\">{\"@context\":\"https:\\\/\\\/schema.org\",\"@graph\":[{\"@type\":\"WebPage\",\"@id\":\"https:\\\/\\\/shop.axiell.com\\\/sv\\\/produkt\\\/streckkodsetiketter\\\/\",\"url\":\"https:\\\/\\\/shop.axiell.com\\\/sv\\\/produkt\\\/streckkodsetiketter\\\/\",\"name\":\"Streckkodsetiketter neutral -800 Plessy | AxiellDirekt\",\"isPartOf\":{\"@id\":\"https:\\\/\\\/shop.axiell.com\\\/#website\"},\"primaryImageOfPage\":{\"@id\":\"https:\\\/\\\/shop.axiell.com\\\/sv\\\/produkt\\\/streckkodsetiketter\\\/#primaryimage\"},\"image\":{\"@id\":\"https:\\\/\\\/shop.axiell.com\\\/sv\\\/produkt\\\/streckkodsetiketter\\\/#primaryimage\"},\"thumbnailUrl\":\"https:\\\/\\\/shop.axiell.com\\\/wp-content\\\/uploads\\\/2017\\\/10\\\/Barcode_Labels_Axiell.jpg\",\"datePublished\":\"2017-10-20T06:34:43+00:00\",\"dateModified\":\"2025-04-02T09:59:32+00:00\",\"breadcrumb\":{\"@id\":\"https:\\\/\\\/shop.axiell.com\\\/sv\\\/produkt\\\/streckkodsetiketter\\\/#breadcrumb\"},\"inLanguage\":\"sv-SE\",\"potentialAction\":[{\"@type\":\"ReadAction\",\"target\":[\"https:\\\/\\\/shop.axiell.com\\\/sv\\\/produkt\\\/streckkodsetiketter\\\/\"]}]},{\"@type\":\"ImageObject\",\"inLanguage\":\"sv-SE\",\"@id\":\"https:\\\/\\\/shop.axiell.com\\\/sv\\\/produkt\\\/streckkodsetiketter\\\/#primaryimage\",\"url\":\"https:\\\/\\\/shop.axiell.com\\\/wp-content\\\/uploads\\\/2017\\\/10\\\/Barcode_Labels_Axiell.jpg\",\"contentUrl\":\"https:\\\/\\\/shop.axiell.com\\\/wp-content\\\/uploads\\\/2017\\\/10\\\/Barcode_Labels_Axiell.jpg\",\"width\":245,\"height\":105},{\"@type\":\"BreadcrumbList\",\"@id\":\"https:\\\/\\\/shop.axiell.com\\\/sv\\\/produkt\\\/streckkodsetiketter\\\/#breadcrumb\",\"itemListElement\":[{\"@type\":\"ListItem\",\"position\":1,\"name\":\"Home\",\"item\":\"https:\\\/\\\/shop.axiell.com\\\/sv\\\/\"},{\"@type\":\"ListItem\",\"position\":2,\"name\":\"Shop\",\"item\":\"https:\\\/\\\/shop.axiell.com\\\/sv\\\/shop\\\/\"},{\"@type\":\"ListItem\",\"position\":3,\"name\":\"Streckkodsetiketter neutral -800 Plessy\"}]},{\"@type\":\"WebSite\",\"@id\":\"https:\\\/\\\/shop.axiell.com\\\/#website\",\"url\":\"https:\\\/\\\/shop.axiell.com\\\/\",\"name\":\"AxiellDirekt\",\"description\":\"Axiell webshop, dedicated to libraries\",\"publisher\":{\"@id\":\"https:\\\/\\\/shop.axiell.com\\\/#organization\"},\"potentialAction\":[{\"@type\":\"SearchAction\",\"target\":{\"@type\":\"EntryPoint\",\"urlTemplate\":\"https:\\\/\\\/shop.axiell.com\\\/?s={search_term_string}\"},\"query-input\":{\"@type\":\"PropertyValueSpecification\",\"valueRequired\":true,\"valueName\":\"search_term_string\"}}],\"inLanguage\":\"sv-SE\"},{\"@type\":\"Organization\",\"@id\":\"https:\\\/\\\/shop.axiell.com\\\/#organization\",\"name\":\"AxiellDirekt\",\"url\":\"https:\\\/\\\/shop.axiell.com\\\/\",\"logo\":{\"@type\":\"ImageObject\",\"inLanguage\":\"sv-SE\",\"@id\":\"https:\\\/\\\/shop.axiell.com\\\/#\\\/schema\\\/logo\\\/image\\\/\",\"url\":\"https:\\\/\\\/shop.axiell.com\\\/wp-content\\\/uploads\\\/2019\\\/05\\\/cropped-axiell-logo@2.png\",\"contentUrl\":\"https:\\\/\\\/shop.axiell.com\\\/wp-content\\\/uploads\\\/2019\\\/05\\\/cropped-axiell-logo@2.png\",\"width\":225,\"height\":60,\"caption\":\"AxiellDirekt\"},\"image\":{\"@id\":\"https:\\\/\\\/shop.axiell.com\\\/#\\\/schema\\\/logo\\\/image\\\/\"}}]}<\/script>\n<!-- \/ Yoast SEO Premium plugin. -->","yoast_head_json":{"title":"Streckkodsetiketter neutral -800 Plessy | AxiellDirekt","robots":{"index":"index","follow":"follow","max-snippet":"max-snippet:-1","max-image-preview":"max-image-preview:large","max-video-preview":"max-video-preview:-1"},"canonical":"https:\/\/shop.axiell.com\/sv\/produkt\/streckkodsetiketter\/","og_locale":"sv_SE","og_type":"article","og_title":"Streckkodsetiketter neutral -800 Plessy","og_description":"Detta \u00e4r de vanliga etiketterna som man klistrar p\u00e5 bokens baksida. \u00c4ven kallade \"800-etiketter\", d\u00e5 nummerserien alltid b\u00f6rjar p\u00e5 800.  Varje etikett har ett unikt nummer. Levereras i rulle om 1000 etiketter per rulle. Kodtypen p\u00e5 dessa etiketter heter Plessy.  &nbsp;  &nbsp;","og_url":"https:\/\/shop.axiell.com\/sv\/produkt\/streckkodsetiketter\/","og_site_name":"AxiellDirekt","article_modified_time":"2025-04-02T09:59:32+00:00","og_image":[{"width":245,"height":105,"url":"https:\/\/shop.axiell.com\/wp-content\/uploads\/2017\/10\/Barcode_Labels_Axiell.jpg","type":"image\/jpeg"}],"twitter_card":"summary_large_image","twitter_misc":{"Ber\u00e4knad l\u00e4stid":"1 minut"},"schema":{"@context":"https:\/\/schema.org","@graph":[{"@type":"WebPage","@id":"https:\/\/shop.axiell.com\/sv\/produkt\/streckkodsetiketter\/","url":"https:\/\/shop.axiell.com\/sv\/produkt\/streckkodsetiketter\/","name":"Streckkodsetiketter neutral -800 Plessy | AxiellDirekt","isPartOf":{"@id":"https:\/\/shop.axiell.com\/#website"},"primaryImageOfPage":{"@id":"https:\/\/shop.axiell.com\/sv\/produkt\/streckkodsetiketter\/#primaryimage"},"image":{"@id":"https:\/\/shop.axiell.com\/sv\/produkt\/streckkodsetiketter\/#primaryimage"},"thumbnailUrl":"https:\/\/shop.axiell.com\/wp-content\/uploads\/2017\/10\/Barcode_Labels_Axiell.jpg","datePublished":"2017-10-20T06:34:43+00:00","dateModified":"2025-04-02T09:59:32+00:00","breadcrumb":{"@id":"https:\/\/shop.axiell.com\/sv\/produkt\/streckkodsetiketter\/#breadcrumb"},"inLanguage":"sv-SE","potentialAction":[{"@type":"ReadAction","target":["https:\/\/shop.axiell.com\/sv\/produkt\/streckkodsetiketter\/"]}]},{"@type":"ImageObject","inLanguage":"sv-SE","@id":"https:\/\/shop.axiell.com\/sv\/produkt\/streckkodsetiketter\/#primaryimage","url":"https:\/\/shop.axiell.com\/wp-content\/uploads\/2017\/10\/Barcode_Labels_Axiell.jpg","contentUrl":"https:\/\/shop.axiell.com\/wp-content\/uploads\/2017\/10\/Barcode_Labels_Axiell.jpg","width":245,"height":105},{"@type":"BreadcrumbList","@id":"https:\/\/shop.axiell.com\/sv\/produkt\/streckkodsetiketter\/#breadcrumb","itemListElement":[{"@type":"ListItem","position":1,"name":"Home","item":"https:\/\/shop.axiell.com\/sv\/"},{"@type":"ListItem","position":2,"name":"Shop","item":"https:\/\/shop.axiell.com\/sv\/shop\/"},{"@type":"ListItem","position":3,"name":"Streckkodsetiketter neutral -800 Plessy"}]},{"@type":"WebSite","@id":"https:\/\/shop.axiell.com\/#website","url":"https:\/\/shop.axiell.com\/","name":"AxiellDirekt","description":"Axiell webshop, dedicated to libraries","publisher":{"@id":"https:\/\/shop.axiell.com\/#organization"},"potentialAction":[{"@type":"SearchAction","target":{"@type":"EntryPoint","urlTemplate":"https:\/\/shop.axiell.com\/?s={search_term_string}"},"query-input":{"@type":"PropertyValueSpecification","valueRequired":true,"valueName":"search_term_string"}}],"inLanguage":"sv-SE"},{"@type":"Organization","@id":"https:\/\/shop.axiell.com\/#organization","name":"AxiellDirekt","url":"https:\/\/shop.axiell.com\/","logo":{"@type":"ImageObject","inLanguage":"sv-SE","@id":"https:\/\/shop.axiell.com\/#\/schema\/logo\/image\/","url":"https:\/\/shop.axiell.com\/wp-content\/uploads\/2019\/05\/cropped-axiell-logo@2.png","contentUrl":"https:\/\/shop.axiell.com\/wp-content\/uploads\/2019\/05\/cropped-axiell-logo@2.png","width":225,"height":60,"caption":"AxiellDirekt"},"image":{"@id":"https:\/\/shop.axiell.com\/#\/schema\/logo\/image\/"}}]}},"_links":{"self":[{"href":"https:\/\/shop.axiell.com\/sv\/wp-json\/wp\/v2\/product\/2168","targetHints":{"allow":["GET"]}}],"collection":[{"href":"https:\/\/shop.axiell.com\/sv\/wp-json\/wp\/v2\/product"}],"about":[{"href":"https:\/\/shop.axiell.com\/sv\/wp-json\/wp\/v2\/types\/product"}],"wp:featuredmedia":[{"embeddable":true,"href":"https:\/\/shop.axiell.com\/sv\/wp-json\/wp\/v2\/media\/2174"}],"wp:attachment":[{"href":"https:\/\/shop.axiell.com\/sv\/wp-json\/wp\/v2\/media?parent=2168"}],"wp:term":[{"taxonomy":"product_brand","embeddable":true,"href":"https:\/\/shop.axiell.com\/sv\/wp-json\/wp\/v2\/product_brand?post=2168"},{"taxonomy":"product_cat","embeddable":true,"href":"https:\/\/shop.axiell.com\/sv\/wp-json\/wp\/v2\/product_cat?post=2168"},{"taxonomy":"product_tag","embeddable":true,"href":"https:\/\/shop.axiell.com\/sv\/wp-json\/wp\/v2\/product_tag?post=2168"}],"curies":[{"name":"wp","href":"https:\/\/api.w.org\/{rel}","templated":true}]}}