{"id":1750,"date":"2017-08-01T12:34:30","date_gmt":"2017-10-20T07:05:10","guid":{"rendered":"https:\/\/shop.axiell.com\/?post_type=product&#038;p=1750\/"},"modified":"2018-02-28T13:19:20","modified_gmt":"2018-02-28T13:19:20","slug":"rfid-lanekort","status":"publish","type":"product","link":"https:\/\/shop.axiell.com\/sv\/produkt\/rfid-lanekort\/","title":{"rendered":"RFID l\u00e5nekort"},"content":{"rendered":"<p>Har du t\u00e4nkt p\u00e5 att l\u00e5nekortet \u00e4r ett av <b>bibliotekets ansikten ut\u00e5t<\/b>? D\u00e4rf\u00f6r kan det vara all id\u00e9 att skapa ett l\u00e5nekort som skapar positiv uppm\u00e4rksamhet kring ditt bibliotek.<\/p>\n<p>Ta vilken id\u00e9 du vill och g\u00f6r den verklig. Antingen desingar du l\u00e5nekortet sj\u00e4lv eller s\u00e5 hj\u00e4lper vi dig. Och vi hj\u00e4lper dig med original och tryck, fr\u00e5n sm\u00e5 lokala upplagor till stora f\u00f6r stadsbibliotek och l\u00e4nssamarbeten, <b>oavsett vilket bibliotekssystem du jobbar med<\/b>.<\/p>\n<p>N\u00e4r vi trycker v\u00e5ra l\u00e5nekort samarbetar vi med ett tryckeri som trycker p\u00e5 s\u00e5 milj\u00f6v\u00e4nlig plast som m\u00f6jligt, och som ligger n\u00e4ra oss s\u00e5 vi p\u00e5 s\u00e5 s\u00e4tt minimerar frakt och d\u00e4rmed milj\u00f6p\u00e5verkan. Alla v\u00e5ra l\u00e5nerkort \u00e4r <b>\u00e5tervinningbara<\/b>. Du kastar dem bara i beh\u00e5llaren f\u00f6r h\u00e5rdplats.<\/p>\n<p>Vi har <b>tjugo \u00e5rs erfarenhet<\/b> av att producera och trycka l\u00e5nekort och kan garantera dig att v\u00e5ra l\u00e5nekort h\u00e5ller en h\u00f6g kvalitet.<\/p>\n","protected":false},"excerpt":{"rendered":"<p>Axiell Direkt erbjuder RFID l\u00e5nekort. Precis som v\u00e5ra kundunika l\u00e5nekort kan man sj\u00e4lv v\u00e4lja vilken bild man vill ha p\u00e5 framsidan. H\u00e4r finns inga begr\u00e4nsningar mer \u00e4n fantasi!<\/p>\n<p>Priset best\u00e4ms per avtal. Kontakta d\u00e4rf\u00f6r Axiell f\u00f6r mer information.<\/p>\n","protected":false},"featured_media":3462,"template":"","meta":[],"product_brand":[],"product_cat":[441,442,443],"product_tag":[],"class_list":{"0":"post-1750","1":"product","2":"type-product","3":"status-publish","4":"has-post-thumbnail","6":"product_cat-lanekort","7":"product_cat-rfid-lanekort","8":"product_cat-rfid-produkter","9":"product_shipping_class-sv","11":"first","12":"instock","13":"taxable","14":"shipping-taxable","15":"purchasable","16":"product-type-simple"},"yoast_head":"<!-- This site is optimized with the Yoast SEO Premium plugin v27.3 (Yoast SEO v27.3) - https:\/\/yoast.com\/product\/yoast-seo-premium-wordpress\/ -->\n<title>RFID l\u00e5nekort | AxiellDirekt<\/title>\n<meta name=\"robots\" content=\"index, follow, max-snippet:-1, max-image-preview:large, max-video-preview:-1\" \/>\n<link rel=\"canonical\" href=\"https:\/\/shop.axiell.com\/sv\/produkt\/rfid-lanekort\/\" \/>\n<meta property=\"og:locale\" content=\"sv_SE\" \/>\n<meta property=\"og:type\" content=\"article\" \/>\n<meta property=\"og:title\" content=\"RFID l\u00e5nekort\" \/>\n<meta property=\"og:description\" content=\"Axiell Direkt erbjuder RFID l\u00e5nekort. Precis som v\u00e5ra kundunika l\u00e5nekort kan man sj\u00e4lv v\u00e4lja vilken bild man vill ha p\u00e5 framsidan. H\u00e4r finns inga begr\u00e4nsningar mer \u00e4n fantasi!  Priset best\u00e4ms per avtal. Kontakta d\u00e4rf\u00f6r Axiell f\u00f6r mer information.\" \/>\n<meta property=\"og:url\" content=\"https:\/\/shop.axiell.com\/sv\/produkt\/rfid-lanekort\/\" \/>\n<meta property=\"og:site_name\" content=\"AxiellDirekt\" \/>\n<meta property=\"article:modified_time\" content=\"2018-02-28T13:19:20+00:00\" \/>\n<meta property=\"og:image\" content=\"https:\/\/shop.axiell.com\/wp-content\/uploads\/2018\/01\/lanekort.jpg\" \/>\n\t<meta property=\"og:image:width\" content=\"2772\" \/>\n\t<meta property=\"og:image:height\" content=\"1886\" \/>\n\t<meta property=\"og:image:type\" content=\"image\/jpeg\" \/>\n<meta name=\"twitter:card\" content=\"summary_large_image\" \/>\n<meta name=\"twitter:label1\" content=\"Ber\u00e4knad l\u00e4stid\" \/>\n\t<meta name=\"twitter:data1\" content=\"1 minut\" \/>\n<script type=\"application\/ld+json\" class=\"yoast-schema-graph\">{\"@context\":\"https:\\\/\\\/schema.org\",\"@graph\":[{\"@type\":\"WebPage\",\"@id\":\"https:\\\/\\\/shop.axiell.com\\\/sv\\\/produkt\\\/rfid-lanekort\\\/\",\"url\":\"https:\\\/\\\/shop.axiell.com\\\/sv\\\/produkt\\\/rfid-lanekort\\\/\",\"name\":\"RFID l\u00e5nekort | AxiellDirekt\",\"isPartOf\":{\"@id\":\"https:\\\/\\\/shop.axiell.com\\\/#website\"},\"primaryImageOfPage\":{\"@id\":\"https:\\\/\\\/shop.axiell.com\\\/sv\\\/produkt\\\/rfid-lanekort\\\/#primaryimage\"},\"image\":{\"@id\":\"https:\\\/\\\/shop.axiell.com\\\/sv\\\/produkt\\\/rfid-lanekort\\\/#primaryimage\"},\"thumbnailUrl\":\"https:\\\/\\\/shop.axiell.com\\\/wp-content\\\/uploads\\\/2018\\\/01\\\/lanekort.jpg\",\"datePublished\":\"2017-10-20T07:05:10+00:00\",\"dateModified\":\"2018-02-28T13:19:20+00:00\",\"breadcrumb\":{\"@id\":\"https:\\\/\\\/shop.axiell.com\\\/sv\\\/produkt\\\/rfid-lanekort\\\/#breadcrumb\"},\"inLanguage\":\"sv-SE\",\"potentialAction\":[{\"@type\":\"ReadAction\",\"target\":[\"https:\\\/\\\/shop.axiell.com\\\/sv\\\/produkt\\\/rfid-lanekort\\\/\"]}]},{\"@type\":\"ImageObject\",\"inLanguage\":\"sv-SE\",\"@id\":\"https:\\\/\\\/shop.axiell.com\\\/sv\\\/produkt\\\/rfid-lanekort\\\/#primaryimage\",\"url\":\"https:\\\/\\\/shop.axiell.com\\\/wp-content\\\/uploads\\\/2018\\\/01\\\/lanekort.jpg\",\"contentUrl\":\"https:\\\/\\\/shop.axiell.com\\\/wp-content\\\/uploads\\\/2018\\\/01\\\/lanekort.jpg\",\"width\":2772,\"height\":1886},{\"@type\":\"BreadcrumbList\",\"@id\":\"https:\\\/\\\/shop.axiell.com\\\/sv\\\/produkt\\\/rfid-lanekort\\\/#breadcrumb\",\"itemListElement\":[{\"@type\":\"ListItem\",\"position\":1,\"name\":\"Home\",\"item\":\"https:\\\/\\\/shop.axiell.com\\\/sv\\\/\"},{\"@type\":\"ListItem\",\"position\":2,\"name\":\"Shop\",\"item\":\"https:\\\/\\\/shop.axiell.com\\\/sv\\\/shop\\\/\"},{\"@type\":\"ListItem\",\"position\":3,\"name\":\"RFID l\u00e5nekort\"}]},{\"@type\":\"WebSite\",\"@id\":\"https:\\\/\\\/shop.axiell.com\\\/#website\",\"url\":\"https:\\\/\\\/shop.axiell.com\\\/\",\"name\":\"AxiellDirekt\",\"description\":\"Axiell webshop, dedicated to libraries\",\"publisher\":{\"@id\":\"https:\\\/\\\/shop.axiell.com\\\/#organization\"},\"potentialAction\":[{\"@type\":\"SearchAction\",\"target\":{\"@type\":\"EntryPoint\",\"urlTemplate\":\"https:\\\/\\\/shop.axiell.com\\\/?s={search_term_string}\"},\"query-input\":{\"@type\":\"PropertyValueSpecification\",\"valueRequired\":true,\"valueName\":\"search_term_string\"}}],\"inLanguage\":\"sv-SE\"},{\"@type\":\"Organization\",\"@id\":\"https:\\\/\\\/shop.axiell.com\\\/#organization\",\"name\":\"AxiellDirekt\",\"url\":\"https:\\\/\\\/shop.axiell.com\\\/\",\"logo\":{\"@type\":\"ImageObject\",\"inLanguage\":\"sv-SE\",\"@id\":\"https:\\\/\\\/shop.axiell.com\\\/#\\\/schema\\\/logo\\\/image\\\/\",\"url\":\"https:\\\/\\\/shop.axiell.com\\\/wp-content\\\/uploads\\\/2019\\\/05\\\/cropped-axiell-logo@2.png\",\"contentUrl\":\"https:\\\/\\\/shop.axiell.com\\\/wp-content\\\/uploads\\\/2019\\\/05\\\/cropped-axiell-logo@2.png\",\"width\":225,\"height\":60,\"caption\":\"AxiellDirekt\"},\"image\":{\"@id\":\"https:\\\/\\\/shop.axiell.com\\\/#\\\/schema\\\/logo\\\/image\\\/\"}}]}<\/script>\n<!-- \/ Yoast SEO Premium plugin. -->","yoast_head_json":{"title":"RFID l\u00e5nekort | AxiellDirekt","robots":{"index":"index","follow":"follow","max-snippet":"max-snippet:-1","max-image-preview":"max-image-preview:large","max-video-preview":"max-video-preview:-1"},"canonical":"https:\/\/shop.axiell.com\/sv\/produkt\/rfid-lanekort\/","og_locale":"sv_SE","og_type":"article","og_title":"RFID l\u00e5nekort","og_description":"Axiell Direkt erbjuder RFID l\u00e5nekort. Precis som v\u00e5ra kundunika l\u00e5nekort kan man sj\u00e4lv v\u00e4lja vilken bild man vill ha p\u00e5 framsidan. H\u00e4r finns inga begr\u00e4nsningar mer \u00e4n fantasi!  Priset best\u00e4ms per avtal. Kontakta d\u00e4rf\u00f6r Axiell f\u00f6r mer information.","og_url":"https:\/\/shop.axiell.com\/sv\/produkt\/rfid-lanekort\/","og_site_name":"AxiellDirekt","article_modified_time":"2018-02-28T13:19:20+00:00","og_image":[{"width":2772,"height":1886,"url":"https:\/\/shop.axiell.com\/wp-content\/uploads\/2018\/01\/lanekort.jpg","type":"image\/jpeg"}],"twitter_card":"summary_large_image","twitter_misc":{"Ber\u00e4knad l\u00e4stid":"1 minut"},"schema":{"@context":"https:\/\/schema.org","@graph":[{"@type":"WebPage","@id":"https:\/\/shop.axiell.com\/sv\/produkt\/rfid-lanekort\/","url":"https:\/\/shop.axiell.com\/sv\/produkt\/rfid-lanekort\/","name":"RFID l\u00e5nekort | AxiellDirekt","isPartOf":{"@id":"https:\/\/shop.axiell.com\/#website"},"primaryImageOfPage":{"@id":"https:\/\/shop.axiell.com\/sv\/produkt\/rfid-lanekort\/#primaryimage"},"image":{"@id":"https:\/\/shop.axiell.com\/sv\/produkt\/rfid-lanekort\/#primaryimage"},"thumbnailUrl":"https:\/\/shop.axiell.com\/wp-content\/uploads\/2018\/01\/lanekort.jpg","datePublished":"2017-10-20T07:05:10+00:00","dateModified":"2018-02-28T13:19:20+00:00","breadcrumb":{"@id":"https:\/\/shop.axiell.com\/sv\/produkt\/rfid-lanekort\/#breadcrumb"},"inLanguage":"sv-SE","potentialAction":[{"@type":"ReadAction","target":["https:\/\/shop.axiell.com\/sv\/produkt\/rfid-lanekort\/"]}]},{"@type":"ImageObject","inLanguage":"sv-SE","@id":"https:\/\/shop.axiell.com\/sv\/produkt\/rfid-lanekort\/#primaryimage","url":"https:\/\/shop.axiell.com\/wp-content\/uploads\/2018\/01\/lanekort.jpg","contentUrl":"https:\/\/shop.axiell.com\/wp-content\/uploads\/2018\/01\/lanekort.jpg","width":2772,"height":1886},{"@type":"BreadcrumbList","@id":"https:\/\/shop.axiell.com\/sv\/produkt\/rfid-lanekort\/#breadcrumb","itemListElement":[{"@type":"ListItem","position":1,"name":"Home","item":"https:\/\/shop.axiell.com\/sv\/"},{"@type":"ListItem","position":2,"name":"Shop","item":"https:\/\/shop.axiell.com\/sv\/shop\/"},{"@type":"ListItem","position":3,"name":"RFID l\u00e5nekort"}]},{"@type":"WebSite","@id":"https:\/\/shop.axiell.com\/#website","url":"https:\/\/shop.axiell.com\/","name":"AxiellDirekt","description":"Axiell webshop, dedicated to libraries","publisher":{"@id":"https:\/\/shop.axiell.com\/#organization"},"potentialAction":[{"@type":"SearchAction","target":{"@type":"EntryPoint","urlTemplate":"https:\/\/shop.axiell.com\/?s={search_term_string}"},"query-input":{"@type":"PropertyValueSpecification","valueRequired":true,"valueName":"search_term_string"}}],"inLanguage":"sv-SE"},{"@type":"Organization","@id":"https:\/\/shop.axiell.com\/#organization","name":"AxiellDirekt","url":"https:\/\/shop.axiell.com\/","logo":{"@type":"ImageObject","inLanguage":"sv-SE","@id":"https:\/\/shop.axiell.com\/#\/schema\/logo\/image\/","url":"https:\/\/shop.axiell.com\/wp-content\/uploads\/2019\/05\/cropped-axiell-logo@2.png","contentUrl":"https:\/\/shop.axiell.com\/wp-content\/uploads\/2019\/05\/cropped-axiell-logo@2.png","width":225,"height":60,"caption":"AxiellDirekt"},"image":{"@id":"https:\/\/shop.axiell.com\/#\/schema\/logo\/image\/"}}]}},"_links":{"self":[{"href":"https:\/\/shop.axiell.com\/sv\/wp-json\/wp\/v2\/product\/1750","targetHints":{"allow":["GET"]}}],"collection":[{"href":"https:\/\/shop.axiell.com\/sv\/wp-json\/wp\/v2\/product"}],"about":[{"href":"https:\/\/shop.axiell.com\/sv\/wp-json\/wp\/v2\/types\/product"}],"wp:featuredmedia":[{"embeddable":true,"href":"https:\/\/shop.axiell.com\/sv\/wp-json\/wp\/v2\/media\/3462"}],"wp:attachment":[{"href":"https:\/\/shop.axiell.com\/sv\/wp-json\/wp\/v2\/media?parent=1750"}],"wp:term":[{"taxonomy":"product_brand","embeddable":true,"href":"https:\/\/shop.axiell.com\/sv\/wp-json\/wp\/v2\/product_brand?post=1750"},{"taxonomy":"product_cat","embeddable":true,"href":"https:\/\/shop.axiell.com\/sv\/wp-json\/wp\/v2\/product_cat?post=1750"},{"taxonomy":"product_tag","embeddable":true,"href":"https:\/\/shop.axiell.com\/sv\/wp-json\/wp\/v2\/product_tag?post=1750"}],"curies":[{"name":"wp","href":"https:\/\/api.w.org\/{rel}","templated":true}]}}