{"id":1717,"date":"2017-10-19T07:22:34","date_gmt":"2017-10-19T14:37:29","guid":{"rendered":"https:\/\/shop.axiell.com\/?post_type=product&#038;p=1717\/"},"modified":"2024-03-07T08:12:12","modified_gmt":"2024-03-07T08:12:12","slug":"zebra-gk420t-etikettskrivare","status":"publish","type":"product","link":"https:\/\/shop.axiell.com\/sv\/produkt\/zebra-gk420t-etikettskrivare\/","title":{"rendered":"ZEBRA ZD421 Etikettskrivare"},"content":{"rendered":"<h4>ZD421 \u2013 b\u00e4st prestanda till billigast pris.<\/h4>\n<p>ZD421 \u00e4r n\u00e5got ut\u00f6ver det vanliga. \u00c4ven om detta \u00e4r de billigare varianterna i Zebras G-serie, s\u00e5 levereras etikettskrivaren ZD421 med otrolig prestanda. H\u00e4r pratar vi verkligen om n\u00e4sta generations bordsskrivare f\u00f6r etikettutskrift.\u00a0 ZD421 bygger p\u00e5 arvet fr\u00e5n Zebras skrivare i GK-serien.<br \/>\nEnkel att koppla in via USB eller n\u00e4tverksanslutning.<\/p>\n<p>(Tillverkaren har \u00e4ven en annan modell med endast USB interface.)<\/p>\n<p>Skrivaren \u00e4r s\u00e5 l\u00e4tt att hantera att \u00e4ven nyb\u00f6rjare snabbt kan komma ig\u00e5ng med att skriva ut etiketter.<\/p>\n<p>T\u00e4nk p\u00e5 att komplettera med f\u00e4rgband och etiketter. Ta mig dit &gt;&gt;<\/p>\n<p>Art.nr: 5072<\/p>\n","protected":false},"excerpt":{"rendered":"<p>Skrivaren \u00e4r utformade f\u00f6r att vara s\u00e5 l\u00e4tta att hantera att \u00e4ven nyb\u00f6rjare snabbt kan komma ig\u00e5ng med att skriva ut etiketter.<\/p>\n","protected":false},"featured_media":2554,"template":"","meta":[],"product_brand":[],"product_cat":[312,281],"product_tag":[424],"class_list":{"0":"post-1717","1":"product","2":"type-product","3":"status-publish","4":"has-post-thumbnail","6":"product_cat-label-printer-sv","7":"product_cat-printer-sv","8":"product_tag-zebra-sv","10":"first","11":"instock","12":"taxable","13":"shipping-taxable","14":"purchasable","15":"product-type-simple"},"yoast_head":"<!-- This site is optimized with the Yoast SEO Premium plugin v27.5 (Yoast SEO v27.5) - https:\/\/yoast.com\/product\/yoast-seo-premium-wordpress\/ -->\n<title>ZEBRA ZD421 Etikettskrivare | AxiellDirekt<\/title>\n<meta name=\"robots\" content=\"index, follow, max-snippet:-1, max-image-preview:large, max-video-preview:-1\" \/>\n<link rel=\"canonical\" href=\"https:\/\/shop.axiell.com\/sv\/produkt\/zebra-gk420t-etikettskrivare\/\" \/>\n<meta property=\"og:locale\" content=\"sv_SE\" \/>\n<meta property=\"og:type\" content=\"article\" \/>\n<meta property=\"og:title\" content=\"ZEBRA ZD421 Etikettskrivare\" \/>\n<meta property=\"og:description\" content=\"Skrivaren \u00e4r utformade f\u00f6r att vara s\u00e5 l\u00e4tta att hantera att \u00e4ven nyb\u00f6rjare snabbt kan komma ig\u00e5ng med att skriva ut etiketter.\" \/>\n<meta property=\"og:url\" content=\"https:\/\/shop.axiell.com\/sv\/produkt\/zebra-gk420t-etikettskrivare\/\" \/>\n<meta property=\"og:site_name\" content=\"AxiellDirekt\" \/>\n<meta property=\"article:modified_time\" content=\"2024-03-07T08:12:12+00:00\" \/>\n<meta property=\"og:image\" content=\"https:\/\/shop.axiell.com\/wp-content\/uploads\/2017\/10\/gk420t-2.jpg\" \/>\n\t<meta property=\"og:image:width\" content=\"400\" \/>\n\t<meta property=\"og:image:height\" content=\"400\" \/>\n\t<meta property=\"og:image:type\" content=\"image\/jpeg\" \/>\n<meta name=\"twitter:card\" content=\"summary_large_image\" \/>\n<meta name=\"twitter:label1\" content=\"Ber\u00e4knad l\u00e4stid\" \/>\n\t<meta name=\"twitter:data1\" content=\"1 minut\" \/>\n<script type=\"application\/ld+json\" class=\"yoast-schema-graph\">{\"@context\":\"https:\\\/\\\/schema.org\",\"@graph\":[{\"@type\":\"WebPage\",\"@id\":\"https:\\\/\\\/shop.axiell.com\\\/sv\\\/produkt\\\/zebra-gk420t-etikettskrivare\\\/\",\"url\":\"https:\\\/\\\/shop.axiell.com\\\/sv\\\/produkt\\\/zebra-gk420t-etikettskrivare\\\/\",\"name\":\"ZEBRA ZD421 Etikettskrivare | AxiellDirekt\",\"isPartOf\":{\"@id\":\"https:\\\/\\\/shop.axiell.com\\\/#website\"},\"primaryImageOfPage\":{\"@id\":\"https:\\\/\\\/shop.axiell.com\\\/sv\\\/produkt\\\/zebra-gk420t-etikettskrivare\\\/#primaryimage\"},\"image\":{\"@id\":\"https:\\\/\\\/shop.axiell.com\\\/sv\\\/produkt\\\/zebra-gk420t-etikettskrivare\\\/#primaryimage\"},\"thumbnailUrl\":\"https:\\\/\\\/shop.axiell.com\\\/wp-content\\\/uploads\\\/2017\\\/10\\\/gk420t-2.jpg\",\"datePublished\":\"2017-10-19T14:37:29+00:00\",\"dateModified\":\"2024-03-07T08:12:12+00:00\",\"breadcrumb\":{\"@id\":\"https:\\\/\\\/shop.axiell.com\\\/sv\\\/produkt\\\/zebra-gk420t-etikettskrivare\\\/#breadcrumb\"},\"inLanguage\":\"sv-SE\",\"potentialAction\":[{\"@type\":\"ReadAction\",\"target\":[\"https:\\\/\\\/shop.axiell.com\\\/sv\\\/produkt\\\/zebra-gk420t-etikettskrivare\\\/\"]}]},{\"@type\":\"ImageObject\",\"inLanguage\":\"sv-SE\",\"@id\":\"https:\\\/\\\/shop.axiell.com\\\/sv\\\/produkt\\\/zebra-gk420t-etikettskrivare\\\/#primaryimage\",\"url\":\"https:\\\/\\\/shop.axiell.com\\\/wp-content\\\/uploads\\\/2017\\\/10\\\/gk420t-2.jpg\",\"contentUrl\":\"https:\\\/\\\/shop.axiell.com\\\/wp-content\\\/uploads\\\/2017\\\/10\\\/gk420t-2.jpg\",\"width\":400,\"height\":400},{\"@type\":\"BreadcrumbList\",\"@id\":\"https:\\\/\\\/shop.axiell.com\\\/sv\\\/produkt\\\/zebra-gk420t-etikettskrivare\\\/#breadcrumb\",\"itemListElement\":[{\"@type\":\"ListItem\",\"position\":1,\"name\":\"Home\",\"item\":\"https:\\\/\\\/shop.axiell.com\\\/sv\\\/\"},{\"@type\":\"ListItem\",\"position\":2,\"name\":\"Shop\",\"item\":\"https:\\\/\\\/shop.axiell.com\\\/sv\\\/shop\\\/\"},{\"@type\":\"ListItem\",\"position\":3,\"name\":\"ZEBRA ZD421 Etikettskrivare\"}]},{\"@type\":\"WebSite\",\"@id\":\"https:\\\/\\\/shop.axiell.com\\\/#website\",\"url\":\"https:\\\/\\\/shop.axiell.com\\\/\",\"name\":\"AxiellDirekt\",\"description\":\"Axiell webshop, dedicated to libraries\",\"publisher\":{\"@id\":\"https:\\\/\\\/shop.axiell.com\\\/#organization\"},\"potentialAction\":[{\"@type\":\"SearchAction\",\"target\":{\"@type\":\"EntryPoint\",\"urlTemplate\":\"https:\\\/\\\/shop.axiell.com\\\/?s={search_term_string}\"},\"query-input\":{\"@type\":\"PropertyValueSpecification\",\"valueRequired\":true,\"valueName\":\"search_term_string\"}}],\"inLanguage\":\"sv-SE\"},{\"@type\":\"Organization\",\"@id\":\"https:\\\/\\\/shop.axiell.com\\\/#organization\",\"name\":\"AxiellDirekt\",\"url\":\"https:\\\/\\\/shop.axiell.com\\\/\",\"logo\":{\"@type\":\"ImageObject\",\"inLanguage\":\"sv-SE\",\"@id\":\"https:\\\/\\\/shop.axiell.com\\\/#\\\/schema\\\/logo\\\/image\\\/\",\"url\":\"https:\\\/\\\/shop.axiell.com\\\/wp-content\\\/uploads\\\/2019\\\/05\\\/cropped-axiell-logo@2.png\",\"contentUrl\":\"https:\\\/\\\/shop.axiell.com\\\/wp-content\\\/uploads\\\/2019\\\/05\\\/cropped-axiell-logo@2.png\",\"width\":225,\"height\":60,\"caption\":\"AxiellDirekt\"},\"image\":{\"@id\":\"https:\\\/\\\/shop.axiell.com\\\/#\\\/schema\\\/logo\\\/image\\\/\"}}]}<\/script>\n<!-- \/ Yoast SEO Premium plugin. -->","yoast_head_json":{"title":"ZEBRA ZD421 Etikettskrivare | AxiellDirekt","robots":{"index":"index","follow":"follow","max-snippet":"max-snippet:-1","max-image-preview":"max-image-preview:large","max-video-preview":"max-video-preview:-1"},"canonical":"https:\/\/shop.axiell.com\/sv\/produkt\/zebra-gk420t-etikettskrivare\/","og_locale":"sv_SE","og_type":"article","og_title":"ZEBRA ZD421 Etikettskrivare","og_description":"Skrivaren \u00e4r utformade f\u00f6r att vara s\u00e5 l\u00e4tta att hantera att \u00e4ven nyb\u00f6rjare snabbt kan komma ig\u00e5ng med att skriva ut etiketter.","og_url":"https:\/\/shop.axiell.com\/sv\/produkt\/zebra-gk420t-etikettskrivare\/","og_site_name":"AxiellDirekt","article_modified_time":"2024-03-07T08:12:12+00:00","og_image":[{"width":400,"height":400,"url":"https:\/\/shop.axiell.com\/wp-content\/uploads\/2017\/10\/gk420t-2.jpg","type":"image\/jpeg"}],"twitter_card":"summary_large_image","twitter_misc":{"Ber\u00e4knad l\u00e4stid":"1 minut"},"schema":{"@context":"https:\/\/schema.org","@graph":[{"@type":"WebPage","@id":"https:\/\/shop.axiell.com\/sv\/produkt\/zebra-gk420t-etikettskrivare\/","url":"https:\/\/shop.axiell.com\/sv\/produkt\/zebra-gk420t-etikettskrivare\/","name":"ZEBRA ZD421 Etikettskrivare | AxiellDirekt","isPartOf":{"@id":"https:\/\/shop.axiell.com\/#website"},"primaryImageOfPage":{"@id":"https:\/\/shop.axiell.com\/sv\/produkt\/zebra-gk420t-etikettskrivare\/#primaryimage"},"image":{"@id":"https:\/\/shop.axiell.com\/sv\/produkt\/zebra-gk420t-etikettskrivare\/#primaryimage"},"thumbnailUrl":"https:\/\/shop.axiell.com\/wp-content\/uploads\/2017\/10\/gk420t-2.jpg","datePublished":"2017-10-19T14:37:29+00:00","dateModified":"2024-03-07T08:12:12+00:00","breadcrumb":{"@id":"https:\/\/shop.axiell.com\/sv\/produkt\/zebra-gk420t-etikettskrivare\/#breadcrumb"},"inLanguage":"sv-SE","potentialAction":[{"@type":"ReadAction","target":["https:\/\/shop.axiell.com\/sv\/produkt\/zebra-gk420t-etikettskrivare\/"]}]},{"@type":"ImageObject","inLanguage":"sv-SE","@id":"https:\/\/shop.axiell.com\/sv\/produkt\/zebra-gk420t-etikettskrivare\/#primaryimage","url":"https:\/\/shop.axiell.com\/wp-content\/uploads\/2017\/10\/gk420t-2.jpg","contentUrl":"https:\/\/shop.axiell.com\/wp-content\/uploads\/2017\/10\/gk420t-2.jpg","width":400,"height":400},{"@type":"BreadcrumbList","@id":"https:\/\/shop.axiell.com\/sv\/produkt\/zebra-gk420t-etikettskrivare\/#breadcrumb","itemListElement":[{"@type":"ListItem","position":1,"name":"Home","item":"https:\/\/shop.axiell.com\/sv\/"},{"@type":"ListItem","position":2,"name":"Shop","item":"https:\/\/shop.axiell.com\/sv\/shop\/"},{"@type":"ListItem","position":3,"name":"ZEBRA ZD421 Etikettskrivare"}]},{"@type":"WebSite","@id":"https:\/\/shop.axiell.com\/#website","url":"https:\/\/shop.axiell.com\/","name":"AxiellDirekt","description":"Axiell webshop, dedicated to libraries","publisher":{"@id":"https:\/\/shop.axiell.com\/#organization"},"potentialAction":[{"@type":"SearchAction","target":{"@type":"EntryPoint","urlTemplate":"https:\/\/shop.axiell.com\/?s={search_term_string}"},"query-input":{"@type":"PropertyValueSpecification","valueRequired":true,"valueName":"search_term_string"}}],"inLanguage":"sv-SE"},{"@type":"Organization","@id":"https:\/\/shop.axiell.com\/#organization","name":"AxiellDirekt","url":"https:\/\/shop.axiell.com\/","logo":{"@type":"ImageObject","inLanguage":"sv-SE","@id":"https:\/\/shop.axiell.com\/#\/schema\/logo\/image\/","url":"https:\/\/shop.axiell.com\/wp-content\/uploads\/2019\/05\/cropped-axiell-logo@2.png","contentUrl":"https:\/\/shop.axiell.com\/wp-content\/uploads\/2019\/05\/cropped-axiell-logo@2.png","width":225,"height":60,"caption":"AxiellDirekt"},"image":{"@id":"https:\/\/shop.axiell.com\/#\/schema\/logo\/image\/"}}]}},"_links":{"self":[{"href":"https:\/\/shop.axiell.com\/sv\/wp-json\/wp\/v2\/product\/1717","targetHints":{"allow":["GET"]}}],"collection":[{"href":"https:\/\/shop.axiell.com\/sv\/wp-json\/wp\/v2\/product"}],"about":[{"href":"https:\/\/shop.axiell.com\/sv\/wp-json\/wp\/v2\/types\/product"}],"wp:featuredmedia":[{"embeddable":true,"href":"https:\/\/shop.axiell.com\/sv\/wp-json\/wp\/v2\/media\/2554"}],"wp:attachment":[{"href":"https:\/\/shop.axiell.com\/sv\/wp-json\/wp\/v2\/media?parent=1717"}],"wp:term":[{"taxonomy":"product_brand","embeddable":true,"href":"https:\/\/shop.axiell.com\/sv\/wp-json\/wp\/v2\/product_brand?post=1717"},{"taxonomy":"product_cat","embeddable":true,"href":"https:\/\/shop.axiell.com\/sv\/wp-json\/wp\/v2\/product_cat?post=1717"},{"taxonomy":"product_tag","embeddable":true,"href":"https:\/\/shop.axiell.com\/sv\/wp-json\/wp\/v2\/product_tag?post=1717"}],"curies":[{"name":"wp","href":"https:\/\/api.w.org\/{rel}","templated":true}]}}