{"id":1648,"date":"2017-05-11T12:56:36","date_gmt":"2017-05-11T12:56:36","guid":{"rendered":"https:\/\/shop.axiell.com\/product\/datalogic-touch-td1100\/"},"modified":"2024-02-07T12:28:21","modified_gmt":"2024-02-07T12:28:21","slug":"datalogic-touch-td1100","status":"publish","type":"product","link":"https:\/\/shop.axiell.com\/sv\/produkt\/datalogic-touch-td1100\/","title":{"rendered":"Datalogic Touch TD1100"},"content":{"rendered":"<p id=\"tw-target-text\" class=\"tw-data-text tw-ta tw-text-small\" dir=\"ltr\" data-placeholder=\"\u00d6vers\u00e4ttning\"><span lang=\"sv\">Datalogic Touch TD1100-serien \u00e4r en serie av 1D streckkodsl\u00e4sare med \u201dlinj\u00e4r imaging\u201d teknik. Detta \u00e4r Datalogics l\u00f6sning f\u00f6r kunder som beh\u00f6ver en kostnadseffektiv l\u00f6sning f\u00f6r att l\u00e4sa streckkoder p\u00e5 n\u00e4ra h\u00e5ll utan avkall p\u00e5 kvalitet eller prestanda. Streckkodsl\u00e4saren \u00e4r fr\u00e4mst designad f\u00f6r mindre bibliotek och skolbibliotek. <\/span><\/p>\n<p>Touch TD1100 kontaktl\u00e4sarna ger en garanti p\u00e5 utm\u00e4rkt f\u00f6rm\u00e5ga att l\u00e4sa n\u00e4stan alla linj\u00e4ra streckkoder, inklusive skadade eller d\u00e5ligt tryckta streckkoder.<\/p>\n<p>Liten, l\u00e4tt och l\u00e5g energif\u00f6rbrukning \u00e4r utm\u00e4rkande f\u00f6r Touch TD1100 l\u00e4sare.<\/p>\n<p>Fungerar som exempel till bland annat QURIA, BOOK-IT, LIBRA men \u00e4ven andra bibliotekssystem.<\/p>\n<p class=\"tw-data-text tw-ta tw-text-small\" dir=\"ltr\" data-placeholder=\"\u00d6vers\u00e4ttning\"><span lang=\"sv\">TD1100-l\u00e4sarna finns tillg\u00e4ngliga i tv\u00e5 olika bredd p\u00e5 l\u00e4shuvudet: 6,5 cm\u00a0 (Touch 65) eller 9,0 cm (Touch 90), den breddare\u00a0 gynnar anv\u00e4ndaren n\u00e4r man inte beh\u00f6ver &#8221;sikta&#8221; s\u00e5 noga eller han har bredda\u00a0 streckkoder.<\/span><\/p>\n<p class=\"tw-data-text tw-ta tw-text-small\" dir=\"ltr\" data-placeholder=\"\u00d6vers\u00e4ttning\"><span lang=\"sv\"><strong>TD1100 65\/90-l\u00e4sarna levereras programmerad med ett USB-kablage.<\/strong><br \/>\nEn innovativ &#8221;read-thru&#8221; -h\u00e5llare ger TD1100-l\u00e4sarna handsfree l\u00e4sningsegenskaper p\u00e5 dokument eller sm\u00e5 saker<\/span><\/p>\n<p class=\"tw-data-text tw-ta tw-text-small\" dir=\"ltr\" data-placeholder=\"\u00d6vers\u00e4ttning\"><span lang=\"sv\">Funktioner: <\/span><\/p>\n<ul>\n<li class=\"tw-data-text tw-ta tw-text-small\" dir=\"ltr\" data-placeholder=\"\u00d6vers\u00e4ttning\"><span lang=\"sv\">Breda l\u00e4sf\u00f6nster: 65 mm\u00a0 och 90 mm\u00a0 <\/span><\/li>\n<li class=\"tw-data-text tw-ta tw-text-small\" dir=\"ltr\" data-placeholder=\"\u00d6vers\u00e4ttning\"><span lang=\"sv\">Utm\u00e4rkt l\u00e4sning p\u00e5 skadade eller d\u00e5ligt utskrivna streckkoder<\/span><\/li>\n<li class=\"tw-data-text tw-ta tw-text-small\" dir=\"ltr\" data-placeholder=\"\u00d6vers\u00e4ttning\"><span lang=\"sv\">Gr\u00e4nssnitt USB-kabel<\/span><\/li>\n<li class=\"tw-data-text tw-ta tw-text-small\" dir=\"ltr\" data-placeholder=\"\u00d6vers\u00e4ttning\"><span lang=\"sv\">St\u00f6der GS1 DataBar \u2122 linj\u00e4ra koder <\/span><\/li>\n<li class=\"tw-data-text tw-ta tw-text-small\" dir=\"ltr\" data-placeholder=\"\u00d6vers\u00e4ttning\"><span lang=\"sv\">Kompakt och innovativ &#8221;read-thru&#8221; -h\u00e5llare f\u00f6r handsfree l\u00e4sfunktion <\/span><\/li>\n<li class=\"tw-data-text tw-ta tw-text-small\" dir=\"ltr\" data-placeholder=\"\u00d6vers\u00e4ttning\"><span lang=\"sv\">Sl\u00e4ppmotst\u00e5nd till 1,5 m \/ 5,0 ft<\/span><\/li>\n<\/ul>\n","protected":false},"excerpt":{"rendered":"<p><span lang=\"sv\">Datalogic Touch TD1100-serien \u00e4r en serie av 1D streckkodsl\u00e4sare med \u201dlinj\u00e4r imaging\u201d teknik. Detta \u00e4r Datalogics l\u00f6sning f\u00f6r kunder som beh\u00f6ver en kostnadseffektiv l\u00f6sning f\u00f6r att l\u00e4sa streckkoder p\u00e5 n\u00e4ra h\u00e5ll utan avkall p\u00e5 kvalitet eller prestanda. Streckkodsl\u00e4saren \u00e4r fr\u00e4mst designad f\u00f6r mindre bibliotek och skolbibliotek. <\/span><\/p>\n","protected":false},"featured_media":1649,"template":"","meta":[],"product_brand":[],"product_cat":[1283,290,279],"product_tag":[280],"class_list":{"0":"post-1648","1":"product","2":"type-product","3":"status-publish","4":"has-post-thumbnail","6":"product_cat-for-skolbibliotek","7":"product_cat-contact-scanners-sv","8":"product_cat-scanners-sv","9":"product_tag-datalogic-sv","11":"first","12":"instock","13":"taxable","14":"shipping-taxable","15":"purchasable","16":"product-type-variable","17":"has-default-attributes"},"yoast_head":"<!-- This site is optimized with the Yoast SEO Premium plugin v27.5 (Yoast SEO v27.5) - https:\/\/yoast.com\/product\/yoast-seo-premium-wordpress\/ -->\n<title>Datalogic Touch TD1100 | AxiellDirekt<\/title>\n<meta name=\"robots\" content=\"index, follow, max-snippet:-1, max-image-preview:large, max-video-preview:-1\" \/>\n<link rel=\"canonical\" href=\"https:\/\/shop.axiell.com\/sv\/produkt\/datalogic-touch-td1100\/\" \/>\n<meta property=\"og:locale\" content=\"sv_SE\" \/>\n<meta property=\"og:type\" content=\"article\" \/>\n<meta property=\"og:title\" content=\"Datalogic Touch TD1100\" \/>\n<meta property=\"og:description\" content=\"Datalogic Touch TD1100-serien \u00e4r en serie av 1D streckkodsl\u00e4sare med \u201dlinj\u00e4r imaging\u201d teknik. Detta \u00e4r Datalogics l\u00f6sning f\u00f6r kunder som beh\u00f6ver en kostnadseffektiv l\u00f6sning f\u00f6r att l\u00e4sa streckkoder p\u00e5 n\u00e4ra h\u00e5ll utan avkall p\u00e5 kvalitet eller prestanda. Streckkodsl\u00e4saren \u00e4r fr\u00e4mst designad f\u00f6r mindre bibliotek och skolbibliotek.\" \/>\n<meta property=\"og:url\" content=\"https:\/\/shop.axiell.com\/sv\/produkt\/datalogic-touch-td1100\/\" \/>\n<meta property=\"og:site_name\" content=\"AxiellDirekt\" \/>\n<meta property=\"article:modified_time\" content=\"2024-02-07T12:28:21+00:00\" \/>\n<meta property=\"og:image\" content=\"https:\/\/shop.axiell.com\/wp-content\/uploads\/2017\/05\/TD1100.png\" \/>\n\t<meta property=\"og:image:width\" content=\"756\" \/>\n\t<meta property=\"og:image:height\" content=\"756\" \/>\n\t<meta property=\"og:image:type\" content=\"image\/png\" \/>\n<meta name=\"twitter:card\" content=\"summary_large_image\" \/>\n<meta name=\"twitter:label1\" content=\"Ber\u00e4knad l\u00e4stid\" \/>\n\t<meta name=\"twitter:data1\" content=\"1 minut\" \/>\n<script type=\"application\/ld+json\" class=\"yoast-schema-graph\">{\"@context\":\"https:\\\/\\\/schema.org\",\"@graph\":[{\"@type\":\"WebPage\",\"@id\":\"https:\\\/\\\/shop.axiell.com\\\/sv\\\/produkt\\\/datalogic-touch-td1100\\\/\",\"url\":\"https:\\\/\\\/shop.axiell.com\\\/sv\\\/produkt\\\/datalogic-touch-td1100\\\/\",\"name\":\"Datalogic Touch TD1100 | AxiellDirekt\",\"isPartOf\":{\"@id\":\"https:\\\/\\\/shop.axiell.com\\\/#website\"},\"primaryImageOfPage\":{\"@id\":\"https:\\\/\\\/shop.axiell.com\\\/sv\\\/produkt\\\/datalogic-touch-td1100\\\/#primaryimage\"},\"image\":{\"@id\":\"https:\\\/\\\/shop.axiell.com\\\/sv\\\/produkt\\\/datalogic-touch-td1100\\\/#primaryimage\"},\"thumbnailUrl\":\"https:\\\/\\\/shop.axiell.com\\\/wp-content\\\/uploads\\\/2017\\\/05\\\/TD1100.png\",\"datePublished\":\"2017-05-11T12:56:36+00:00\",\"dateModified\":\"2024-02-07T12:28:21+00:00\",\"breadcrumb\":{\"@id\":\"https:\\\/\\\/shop.axiell.com\\\/sv\\\/produkt\\\/datalogic-touch-td1100\\\/#breadcrumb\"},\"inLanguage\":\"sv-SE\",\"potentialAction\":[{\"@type\":\"ReadAction\",\"target\":[\"https:\\\/\\\/shop.axiell.com\\\/sv\\\/produkt\\\/datalogic-touch-td1100\\\/\"]}]},{\"@type\":\"ImageObject\",\"inLanguage\":\"sv-SE\",\"@id\":\"https:\\\/\\\/shop.axiell.com\\\/sv\\\/produkt\\\/datalogic-touch-td1100\\\/#primaryimage\",\"url\":\"https:\\\/\\\/shop.axiell.com\\\/wp-content\\\/uploads\\\/2017\\\/05\\\/TD1100.png\",\"contentUrl\":\"https:\\\/\\\/shop.axiell.com\\\/wp-content\\\/uploads\\\/2017\\\/05\\\/TD1100.png\",\"width\":756,\"height\":756},{\"@type\":\"BreadcrumbList\",\"@id\":\"https:\\\/\\\/shop.axiell.com\\\/sv\\\/produkt\\\/datalogic-touch-td1100\\\/#breadcrumb\",\"itemListElement\":[{\"@type\":\"ListItem\",\"position\":1,\"name\":\"Home\",\"item\":\"https:\\\/\\\/shop.axiell.com\\\/sv\\\/\"},{\"@type\":\"ListItem\",\"position\":2,\"name\":\"Shop\",\"item\":\"https:\\\/\\\/shop.axiell.com\\\/sv\\\/shop\\\/\"},{\"@type\":\"ListItem\",\"position\":3,\"name\":\"Datalogic Touch TD1100\"}]},{\"@type\":\"WebSite\",\"@id\":\"https:\\\/\\\/shop.axiell.com\\\/#website\",\"url\":\"https:\\\/\\\/shop.axiell.com\\\/\",\"name\":\"AxiellDirekt\",\"description\":\"Axiell webshop, dedicated to libraries\",\"publisher\":{\"@id\":\"https:\\\/\\\/shop.axiell.com\\\/#organization\"},\"potentialAction\":[{\"@type\":\"SearchAction\",\"target\":{\"@type\":\"EntryPoint\",\"urlTemplate\":\"https:\\\/\\\/shop.axiell.com\\\/?s={search_term_string}\"},\"query-input\":{\"@type\":\"PropertyValueSpecification\",\"valueRequired\":true,\"valueName\":\"search_term_string\"}}],\"inLanguage\":\"sv-SE\"},{\"@type\":\"Organization\",\"@id\":\"https:\\\/\\\/shop.axiell.com\\\/#organization\",\"name\":\"AxiellDirekt\",\"url\":\"https:\\\/\\\/shop.axiell.com\\\/\",\"logo\":{\"@type\":\"ImageObject\",\"inLanguage\":\"sv-SE\",\"@id\":\"https:\\\/\\\/shop.axiell.com\\\/#\\\/schema\\\/logo\\\/image\\\/\",\"url\":\"https:\\\/\\\/shop.axiell.com\\\/wp-content\\\/uploads\\\/2019\\\/05\\\/cropped-axiell-logo@2.png\",\"contentUrl\":\"https:\\\/\\\/shop.axiell.com\\\/wp-content\\\/uploads\\\/2019\\\/05\\\/cropped-axiell-logo@2.png\",\"width\":225,\"height\":60,\"caption\":\"AxiellDirekt\"},\"image\":{\"@id\":\"https:\\\/\\\/shop.axiell.com\\\/#\\\/schema\\\/logo\\\/image\\\/\"}}]}<\/script>\n<!-- \/ Yoast SEO Premium plugin. -->","yoast_head_json":{"title":"Datalogic Touch TD1100 | AxiellDirekt","robots":{"index":"index","follow":"follow","max-snippet":"max-snippet:-1","max-image-preview":"max-image-preview:large","max-video-preview":"max-video-preview:-1"},"canonical":"https:\/\/shop.axiell.com\/sv\/produkt\/datalogic-touch-td1100\/","og_locale":"sv_SE","og_type":"article","og_title":"Datalogic Touch TD1100","og_description":"Datalogic Touch TD1100-serien \u00e4r en serie av 1D streckkodsl\u00e4sare med \u201dlinj\u00e4r imaging\u201d teknik. Detta \u00e4r Datalogics l\u00f6sning f\u00f6r kunder som beh\u00f6ver en kostnadseffektiv l\u00f6sning f\u00f6r att l\u00e4sa streckkoder p\u00e5 n\u00e4ra h\u00e5ll utan avkall p\u00e5 kvalitet eller prestanda. Streckkodsl\u00e4saren \u00e4r fr\u00e4mst designad f\u00f6r mindre bibliotek och skolbibliotek.","og_url":"https:\/\/shop.axiell.com\/sv\/produkt\/datalogic-touch-td1100\/","og_site_name":"AxiellDirekt","article_modified_time":"2024-02-07T12:28:21+00:00","og_image":[{"width":756,"height":756,"url":"https:\/\/shop.axiell.com\/wp-content\/uploads\/2017\/05\/TD1100.png","type":"image\/png"}],"twitter_card":"summary_large_image","twitter_misc":{"Ber\u00e4knad l\u00e4stid":"1 minut"},"schema":{"@context":"https:\/\/schema.org","@graph":[{"@type":"WebPage","@id":"https:\/\/shop.axiell.com\/sv\/produkt\/datalogic-touch-td1100\/","url":"https:\/\/shop.axiell.com\/sv\/produkt\/datalogic-touch-td1100\/","name":"Datalogic Touch TD1100 | AxiellDirekt","isPartOf":{"@id":"https:\/\/shop.axiell.com\/#website"},"primaryImageOfPage":{"@id":"https:\/\/shop.axiell.com\/sv\/produkt\/datalogic-touch-td1100\/#primaryimage"},"image":{"@id":"https:\/\/shop.axiell.com\/sv\/produkt\/datalogic-touch-td1100\/#primaryimage"},"thumbnailUrl":"https:\/\/shop.axiell.com\/wp-content\/uploads\/2017\/05\/TD1100.png","datePublished":"2017-05-11T12:56:36+00:00","dateModified":"2024-02-07T12:28:21+00:00","breadcrumb":{"@id":"https:\/\/shop.axiell.com\/sv\/produkt\/datalogic-touch-td1100\/#breadcrumb"},"inLanguage":"sv-SE","potentialAction":[{"@type":"ReadAction","target":["https:\/\/shop.axiell.com\/sv\/produkt\/datalogic-touch-td1100\/"]}]},{"@type":"ImageObject","inLanguage":"sv-SE","@id":"https:\/\/shop.axiell.com\/sv\/produkt\/datalogic-touch-td1100\/#primaryimage","url":"https:\/\/shop.axiell.com\/wp-content\/uploads\/2017\/05\/TD1100.png","contentUrl":"https:\/\/shop.axiell.com\/wp-content\/uploads\/2017\/05\/TD1100.png","width":756,"height":756},{"@type":"BreadcrumbList","@id":"https:\/\/shop.axiell.com\/sv\/produkt\/datalogic-touch-td1100\/#breadcrumb","itemListElement":[{"@type":"ListItem","position":1,"name":"Home","item":"https:\/\/shop.axiell.com\/sv\/"},{"@type":"ListItem","position":2,"name":"Shop","item":"https:\/\/shop.axiell.com\/sv\/shop\/"},{"@type":"ListItem","position":3,"name":"Datalogic Touch TD1100"}]},{"@type":"WebSite","@id":"https:\/\/shop.axiell.com\/#website","url":"https:\/\/shop.axiell.com\/","name":"AxiellDirekt","description":"Axiell webshop, dedicated to libraries","publisher":{"@id":"https:\/\/shop.axiell.com\/#organization"},"potentialAction":[{"@type":"SearchAction","target":{"@type":"EntryPoint","urlTemplate":"https:\/\/shop.axiell.com\/?s={search_term_string}"},"query-input":{"@type":"PropertyValueSpecification","valueRequired":true,"valueName":"search_term_string"}}],"inLanguage":"sv-SE"},{"@type":"Organization","@id":"https:\/\/shop.axiell.com\/#organization","name":"AxiellDirekt","url":"https:\/\/shop.axiell.com\/","logo":{"@type":"ImageObject","inLanguage":"sv-SE","@id":"https:\/\/shop.axiell.com\/#\/schema\/logo\/image\/","url":"https:\/\/shop.axiell.com\/wp-content\/uploads\/2019\/05\/cropped-axiell-logo@2.png","contentUrl":"https:\/\/shop.axiell.com\/wp-content\/uploads\/2019\/05\/cropped-axiell-logo@2.png","width":225,"height":60,"caption":"AxiellDirekt"},"image":{"@id":"https:\/\/shop.axiell.com\/#\/schema\/logo\/image\/"}}]}},"_links":{"self":[{"href":"https:\/\/shop.axiell.com\/sv\/wp-json\/wp\/v2\/product\/1648","targetHints":{"allow":["GET"]}}],"collection":[{"href":"https:\/\/shop.axiell.com\/sv\/wp-json\/wp\/v2\/product"}],"about":[{"href":"https:\/\/shop.axiell.com\/sv\/wp-json\/wp\/v2\/types\/product"}],"wp:featuredmedia":[{"embeddable":true,"href":"https:\/\/shop.axiell.com\/sv\/wp-json\/wp\/v2\/media\/1649"}],"wp:attachment":[{"href":"https:\/\/shop.axiell.com\/sv\/wp-json\/wp\/v2\/media?parent=1648"}],"wp:term":[{"taxonomy":"product_brand","embeddable":true,"href":"https:\/\/shop.axiell.com\/sv\/wp-json\/wp\/v2\/product_brand?post=1648"},{"taxonomy":"product_cat","embeddable":true,"href":"https:\/\/shop.axiell.com\/sv\/wp-json\/wp\/v2\/product_cat?post=1648"},{"taxonomy":"product_tag","embeddable":true,"href":"https:\/\/shop.axiell.com\/sv\/wp-json\/wp\/v2\/product_tag?post=1648"}],"curies":[{"name":"wp","href":"https:\/\/api.w.org\/{rel}","templated":true}]}}