{"id":1642,"date":"2017-05-12T07:03:48","date_gmt":"2017-05-12T07:03:48","guid":{"rendered":"https:\/\/shop.axiell.com\/product\/datalogic-rida-dbt6400-portable-scanner\/"},"modified":"2023-04-21T05:42:32","modified_gmt":"2023-04-21T05:42:32","slug":"datalogic-rida-dbt6400-portable-scanner","status":"publish","type":"product","link":"https:\/\/shop.axiell.com\/sv\/produkt\/datalogic-rida-dbt6400-portable-scanner\/","title":{"rendered":"Datalogic RIDA DBT6400 Portable Scanner"},"content":{"rendered":"<p>&nbsp;<\/p>\n<p>Datalogic RIDA \u00e4r en ny kompakt Bluetooth skanner fr\u00e5n Datalogic som l\u00e4ser b\u00e5de traditionella 1D koder men \u00e4ven de nya 2D koderna som QR-kod.<\/p>\n<p>Den kan anslutas till alla mobila enheter \u00a0baserade p\u00e5 Windows, Android eller iOS via Bluetooth HID.<\/p>\n<p>RIDA \u00e4r en mycket liten och l\u00e4tt skanner som l\u00e4tt ligger i handen vilket g\u00f6r den enkel att anv\u00e4nda med endast tre knappar: L\u00e4sning, \u00c5ngra och Tangentbord.<\/p>\n<p>Man laddar den enkelt med en vanlig micro-USB kabel (laddstation finns som tillbeh\u00f6r).\u00a0En laddning klarar upp till 5000 l\u00e4sningar.<\/p>\n<p>Datalogic\u00b4s ber\u00f6mda \u201dgr\u00f6na punkten\u201d vid godk\u00e4nd l\u00e4sning.\u00a0Fungerar tr\u00e5dl\u00f6st via Bluetooth med Apple iOS, Android, Windows Mobile och b\u00e4rbara datorer.<\/p>\n<p>V\u00e4ger bara 85 gram och \u00e4r IP54 klassad.\u00a0Endast USB-kabel f\u00f6ljer med som standard f\u00f6r laddning.\u00a0Tillval : Laddningsdocka finns att k\u00f6pa till som extra tillbeh\u00f6r, kontakta oss f\u00f6r mer info och pris.<\/p>\n<p>Fungerar som exempel till bland annat QURIA, BOOK-IT, LIBRA men \u00e4ven andra bibliotekssystem.<\/p>\n","protected":false},"excerpt":{"rendered":"<p>Datalogic RIDA \u00e4r en ny kompakt Bluetooth skanner fr\u00e5n Datalogic som l\u00e4ser b\u00e5de traditionella 1D koder men \u00e4ven de nya 2D koderna som QR-kod.<\/p>\n","protected":false},"featured_media":1646,"template":"","meta":[],"product_brand":[],"product_cat":[279,286],"product_tag":[280],"class_list":{"0":"post-1642","1":"product","2":"type-product","3":"status-publish","4":"has-post-thumbnail","6":"product_cat-scanners-sv","7":"product_cat-wireless-scanner-sv","8":"product_tag-datalogic-sv","10":"first","11":"instock","12":"taxable","13":"shipping-taxable","14":"purchasable","15":"product-type-simple"},"yoast_head":"<!-- This site is optimized with the Yoast SEO Premium plugin v27.3 (Yoast SEO v27.3) - https:\/\/yoast.com\/product\/yoast-seo-premium-wordpress\/ -->\n<title>Datalogic RIDA DBT6400 Portable Scanner | AxiellDirekt<\/title>\n<meta name=\"robots\" content=\"index, follow, max-snippet:-1, max-image-preview:large, max-video-preview:-1\" \/>\n<link rel=\"canonical\" href=\"https:\/\/shop.axiell.com\/sv\/produkt\/datalogic-rida-dbt6400-portable-scanner\/\" \/>\n<meta property=\"og:locale\" content=\"sv_SE\" \/>\n<meta property=\"og:type\" content=\"article\" \/>\n<meta property=\"og:title\" content=\"Datalogic RIDA DBT6400 Portable Scanner\" \/>\n<meta property=\"og:description\" content=\"Datalogic RIDA \u00e4r en ny kompakt Bluetooth skanner fr\u00e5n Datalogic som l\u00e4ser b\u00e5de traditionella 1D koder men \u00e4ven de nya 2D koderna som QR-kod.\" \/>\n<meta property=\"og:url\" content=\"https:\/\/shop.axiell.com\/sv\/produkt\/datalogic-rida-dbt6400-portable-scanner\/\" \/>\n<meta property=\"og:site_name\" content=\"AxiellDirekt\" \/>\n<meta property=\"article:modified_time\" content=\"2023-04-21T05:42:32+00:00\" \/>\n<meta property=\"og:image\" content=\"https:\/\/shop.axiell.com\/wp-content\/uploads\/2017\/05\/PLP-RIDA-LF.jpg\" \/>\n\t<meta property=\"og:image:width\" content=\"450\" \/>\n\t<meta property=\"og:image:height\" content=\"450\" \/>\n\t<meta property=\"og:image:type\" content=\"image\/jpeg\" \/>\n<meta name=\"twitter:card\" content=\"summary_large_image\" \/>\n<meta name=\"twitter:label1\" content=\"Ber\u00e4knad l\u00e4stid\" \/>\n\t<meta name=\"twitter:data1\" content=\"1 minut\" \/>\n<script type=\"application\/ld+json\" class=\"yoast-schema-graph\">{\"@context\":\"https:\\\/\\\/schema.org\",\"@graph\":[{\"@type\":\"WebPage\",\"@id\":\"https:\\\/\\\/shop.axiell.com\\\/sv\\\/produkt\\\/datalogic-rida-dbt6400-portable-scanner\\\/\",\"url\":\"https:\\\/\\\/shop.axiell.com\\\/sv\\\/produkt\\\/datalogic-rida-dbt6400-portable-scanner\\\/\",\"name\":\"Datalogic RIDA DBT6400 Portable Scanner | AxiellDirekt\",\"isPartOf\":{\"@id\":\"https:\\\/\\\/shop.axiell.com\\\/#website\"},\"primaryImageOfPage\":{\"@id\":\"https:\\\/\\\/shop.axiell.com\\\/sv\\\/produkt\\\/datalogic-rida-dbt6400-portable-scanner\\\/#primaryimage\"},\"image\":{\"@id\":\"https:\\\/\\\/shop.axiell.com\\\/sv\\\/produkt\\\/datalogic-rida-dbt6400-portable-scanner\\\/#primaryimage\"},\"thumbnailUrl\":\"https:\\\/\\\/shop.axiell.com\\\/wp-content\\\/uploads\\\/2017\\\/05\\\/PLP-RIDA-LF.jpg\",\"datePublished\":\"2017-05-12T07:03:48+00:00\",\"dateModified\":\"2023-04-21T05:42:32+00:00\",\"breadcrumb\":{\"@id\":\"https:\\\/\\\/shop.axiell.com\\\/sv\\\/produkt\\\/datalogic-rida-dbt6400-portable-scanner\\\/#breadcrumb\"},\"inLanguage\":\"sv-SE\",\"potentialAction\":[{\"@type\":\"ReadAction\",\"target\":[\"https:\\\/\\\/shop.axiell.com\\\/sv\\\/produkt\\\/datalogic-rida-dbt6400-portable-scanner\\\/\"]}]},{\"@type\":\"ImageObject\",\"inLanguage\":\"sv-SE\",\"@id\":\"https:\\\/\\\/shop.axiell.com\\\/sv\\\/produkt\\\/datalogic-rida-dbt6400-portable-scanner\\\/#primaryimage\",\"url\":\"https:\\\/\\\/shop.axiell.com\\\/wp-content\\\/uploads\\\/2017\\\/05\\\/PLP-RIDA-LF.jpg\",\"contentUrl\":\"https:\\\/\\\/shop.axiell.com\\\/wp-content\\\/uploads\\\/2017\\\/05\\\/PLP-RIDA-LF.jpg\",\"width\":450,\"height\":450},{\"@type\":\"BreadcrumbList\",\"@id\":\"https:\\\/\\\/shop.axiell.com\\\/sv\\\/produkt\\\/datalogic-rida-dbt6400-portable-scanner\\\/#breadcrumb\",\"itemListElement\":[{\"@type\":\"ListItem\",\"position\":1,\"name\":\"Home\",\"item\":\"https:\\\/\\\/shop.axiell.com\\\/sv\\\/\"},{\"@type\":\"ListItem\",\"position\":2,\"name\":\"Shop\",\"item\":\"https:\\\/\\\/shop.axiell.com\\\/sv\\\/shop\\\/\"},{\"@type\":\"ListItem\",\"position\":3,\"name\":\"Datalogic RIDA DBT6400 Portable Scanner\"}]},{\"@type\":\"WebSite\",\"@id\":\"https:\\\/\\\/shop.axiell.com\\\/#website\",\"url\":\"https:\\\/\\\/shop.axiell.com\\\/\",\"name\":\"AxiellDirekt\",\"description\":\"Axiell webshop, dedicated to libraries\",\"publisher\":{\"@id\":\"https:\\\/\\\/shop.axiell.com\\\/#organization\"},\"potentialAction\":[{\"@type\":\"SearchAction\",\"target\":{\"@type\":\"EntryPoint\",\"urlTemplate\":\"https:\\\/\\\/shop.axiell.com\\\/?s={search_term_string}\"},\"query-input\":{\"@type\":\"PropertyValueSpecification\",\"valueRequired\":true,\"valueName\":\"search_term_string\"}}],\"inLanguage\":\"sv-SE\"},{\"@type\":\"Organization\",\"@id\":\"https:\\\/\\\/shop.axiell.com\\\/#organization\",\"name\":\"AxiellDirekt\",\"url\":\"https:\\\/\\\/shop.axiell.com\\\/\",\"logo\":{\"@type\":\"ImageObject\",\"inLanguage\":\"sv-SE\",\"@id\":\"https:\\\/\\\/shop.axiell.com\\\/#\\\/schema\\\/logo\\\/image\\\/\",\"url\":\"https:\\\/\\\/shop.axiell.com\\\/wp-content\\\/uploads\\\/2019\\\/05\\\/cropped-axiell-logo@2.png\",\"contentUrl\":\"https:\\\/\\\/shop.axiell.com\\\/wp-content\\\/uploads\\\/2019\\\/05\\\/cropped-axiell-logo@2.png\",\"width\":225,\"height\":60,\"caption\":\"AxiellDirekt\"},\"image\":{\"@id\":\"https:\\\/\\\/shop.axiell.com\\\/#\\\/schema\\\/logo\\\/image\\\/\"}}]}<\/script>\n<!-- \/ Yoast SEO Premium plugin. -->","yoast_head_json":{"title":"Datalogic RIDA DBT6400 Portable Scanner | AxiellDirekt","robots":{"index":"index","follow":"follow","max-snippet":"max-snippet:-1","max-image-preview":"max-image-preview:large","max-video-preview":"max-video-preview:-1"},"canonical":"https:\/\/shop.axiell.com\/sv\/produkt\/datalogic-rida-dbt6400-portable-scanner\/","og_locale":"sv_SE","og_type":"article","og_title":"Datalogic RIDA DBT6400 Portable Scanner","og_description":"Datalogic RIDA \u00e4r en ny kompakt Bluetooth skanner fr\u00e5n Datalogic som l\u00e4ser b\u00e5de traditionella 1D koder men \u00e4ven de nya 2D koderna som QR-kod.","og_url":"https:\/\/shop.axiell.com\/sv\/produkt\/datalogic-rida-dbt6400-portable-scanner\/","og_site_name":"AxiellDirekt","article_modified_time":"2023-04-21T05:42:32+00:00","og_image":[{"width":450,"height":450,"url":"https:\/\/shop.axiell.com\/wp-content\/uploads\/2017\/05\/PLP-RIDA-LF.jpg","type":"image\/jpeg"}],"twitter_card":"summary_large_image","twitter_misc":{"Ber\u00e4knad l\u00e4stid":"1 minut"},"schema":{"@context":"https:\/\/schema.org","@graph":[{"@type":"WebPage","@id":"https:\/\/shop.axiell.com\/sv\/produkt\/datalogic-rida-dbt6400-portable-scanner\/","url":"https:\/\/shop.axiell.com\/sv\/produkt\/datalogic-rida-dbt6400-portable-scanner\/","name":"Datalogic RIDA DBT6400 Portable Scanner | AxiellDirekt","isPartOf":{"@id":"https:\/\/shop.axiell.com\/#website"},"primaryImageOfPage":{"@id":"https:\/\/shop.axiell.com\/sv\/produkt\/datalogic-rida-dbt6400-portable-scanner\/#primaryimage"},"image":{"@id":"https:\/\/shop.axiell.com\/sv\/produkt\/datalogic-rida-dbt6400-portable-scanner\/#primaryimage"},"thumbnailUrl":"https:\/\/shop.axiell.com\/wp-content\/uploads\/2017\/05\/PLP-RIDA-LF.jpg","datePublished":"2017-05-12T07:03:48+00:00","dateModified":"2023-04-21T05:42:32+00:00","breadcrumb":{"@id":"https:\/\/shop.axiell.com\/sv\/produkt\/datalogic-rida-dbt6400-portable-scanner\/#breadcrumb"},"inLanguage":"sv-SE","potentialAction":[{"@type":"ReadAction","target":["https:\/\/shop.axiell.com\/sv\/produkt\/datalogic-rida-dbt6400-portable-scanner\/"]}]},{"@type":"ImageObject","inLanguage":"sv-SE","@id":"https:\/\/shop.axiell.com\/sv\/produkt\/datalogic-rida-dbt6400-portable-scanner\/#primaryimage","url":"https:\/\/shop.axiell.com\/wp-content\/uploads\/2017\/05\/PLP-RIDA-LF.jpg","contentUrl":"https:\/\/shop.axiell.com\/wp-content\/uploads\/2017\/05\/PLP-RIDA-LF.jpg","width":450,"height":450},{"@type":"BreadcrumbList","@id":"https:\/\/shop.axiell.com\/sv\/produkt\/datalogic-rida-dbt6400-portable-scanner\/#breadcrumb","itemListElement":[{"@type":"ListItem","position":1,"name":"Home","item":"https:\/\/shop.axiell.com\/sv\/"},{"@type":"ListItem","position":2,"name":"Shop","item":"https:\/\/shop.axiell.com\/sv\/shop\/"},{"@type":"ListItem","position":3,"name":"Datalogic RIDA DBT6400 Portable Scanner"}]},{"@type":"WebSite","@id":"https:\/\/shop.axiell.com\/#website","url":"https:\/\/shop.axiell.com\/","name":"AxiellDirekt","description":"Axiell webshop, dedicated to libraries","publisher":{"@id":"https:\/\/shop.axiell.com\/#organization"},"potentialAction":[{"@type":"SearchAction","target":{"@type":"EntryPoint","urlTemplate":"https:\/\/shop.axiell.com\/?s={search_term_string}"},"query-input":{"@type":"PropertyValueSpecification","valueRequired":true,"valueName":"search_term_string"}}],"inLanguage":"sv-SE"},{"@type":"Organization","@id":"https:\/\/shop.axiell.com\/#organization","name":"AxiellDirekt","url":"https:\/\/shop.axiell.com\/","logo":{"@type":"ImageObject","inLanguage":"sv-SE","@id":"https:\/\/shop.axiell.com\/#\/schema\/logo\/image\/","url":"https:\/\/shop.axiell.com\/wp-content\/uploads\/2019\/05\/cropped-axiell-logo@2.png","contentUrl":"https:\/\/shop.axiell.com\/wp-content\/uploads\/2019\/05\/cropped-axiell-logo@2.png","width":225,"height":60,"caption":"AxiellDirekt"},"image":{"@id":"https:\/\/shop.axiell.com\/#\/schema\/logo\/image\/"}}]}},"_links":{"self":[{"href":"https:\/\/shop.axiell.com\/sv\/wp-json\/wp\/v2\/product\/1642","targetHints":{"allow":["GET"]}}],"collection":[{"href":"https:\/\/shop.axiell.com\/sv\/wp-json\/wp\/v2\/product"}],"about":[{"href":"https:\/\/shop.axiell.com\/sv\/wp-json\/wp\/v2\/types\/product"}],"wp:featuredmedia":[{"embeddable":true,"href":"https:\/\/shop.axiell.com\/sv\/wp-json\/wp\/v2\/media\/1646"}],"wp:attachment":[{"href":"https:\/\/shop.axiell.com\/sv\/wp-json\/wp\/v2\/media?parent=1642"}],"wp:term":[{"taxonomy":"product_brand","embeddable":true,"href":"https:\/\/shop.axiell.com\/sv\/wp-json\/wp\/v2\/product_brand?post=1642"},{"taxonomy":"product_cat","embeddable":true,"href":"https:\/\/shop.axiell.com\/sv\/wp-json\/wp\/v2\/product_cat?post=1642"},{"taxonomy":"product_tag","embeddable":true,"href":"https:\/\/shop.axiell.com\/sv\/wp-json\/wp\/v2\/product_tag?post=1642"}],"curies":[{"name":"wp","href":"https:\/\/api.w.org\/{rel}","templated":true}]}}