{"id":1639,"date":"2017-05-12T07:38:52","date_gmt":"2017-05-12T07:38:52","guid":{"rendered":"https:\/\/shop.axiell.com\/product\/quickscan-mobile-1d-qm2131\/"},"modified":"2023-03-08T10:13:20","modified_gmt":"2023-03-08T10:13:20","slug":"quickscan-mobile-1d-qm2131","status":"publish","type":"product","link":"https:\/\/shop.axiell.com\/sv\/produkt\/quickscan-mobile-1d-qm2131\/","title":{"rendered":"QuickScan Mobile 1D QM2131"},"content":{"rendered":"<p>Den nya instegsmodellen fr\u00e5n Datalogic \u00e4r den mest kostnadseffektiva l\u00f6sningen f\u00f6r bibliotek som s\u00f6ker en tr\u00e5dl\u00f6s 1D handskanner. (Denna skanner l\u00e4ser ej de nya 2D koderna)<\/p>\n<p>Egenskaper:<\/p>\n<ul>\n<li>Stort l\u00e4savst\u00e5nd<\/li>\n<li>Bred avl\u00e4sningsvinkel<\/li>\n<li>Snabb l\u00e4sprestanda<\/li>\n<li>Bra batterikapacitet<\/li>\n<li>Tr\u00e5dl\u00f6s anslutning p\u00e5 upp till 25 m avst\u00e5nd.<\/li>\n<\/ul>\n<p>Fungerar till bland annat Quria, Welib, BOOK-IT och LIBRA.<\/p>\n","protected":false},"excerpt":{"rendered":"<p>Den nya instegsmodellen fr\u00e5n Datalogic \u00e4r den mest kostnadseffektiva l\u00f6sningen f\u00f6r bibliotek som s\u00f6ker en tr\u00e5dl\u00f6s 1D handskanner.<\/p>\n","protected":false},"featured_media":2535,"template":"","meta":[],"product_brand":[],"product_cat":[279,286],"product_tag":[280],"class_list":{"0":"post-1639","1":"product","2":"type-product","3":"status-publish","4":"has-post-thumbnail","6":"product_cat-scanners-sv","7":"product_cat-wireless-scanner-sv","8":"product_tag-datalogic-sv","10":"first","11":"instock","12":"taxable","13":"shipping-taxable","14":"purchasable","15":"product-type-simple"},"yoast_head":"<!-- This site is optimized with the Yoast SEO Premium plugin v26.5 (Yoast SEO v26.5) - https:\/\/yoast.com\/wordpress\/plugins\/seo\/ -->\n<title>QuickScan Mobile 1D QM2131 | AxiellDirekt<\/title>\n<meta name=\"robots\" content=\"index, follow, max-snippet:-1, max-image-preview:large, max-video-preview:-1\" \/>\n<link rel=\"canonical\" href=\"https:\/\/shop.axiell.com\/sv\/produkt\/quickscan-mobile-1d-qm2131\/\" \/>\n<meta property=\"og:locale\" content=\"sv_SE\" \/>\n<meta property=\"og:type\" content=\"article\" \/>\n<meta property=\"og:title\" content=\"QuickScan Mobile 1D QM2131\" \/>\n<meta property=\"og:description\" content=\"Den nya instegsmodellen fr\u00e5n Datalogic \u00e4r den mest kostnadseffektiva l\u00f6sningen f\u00f6r bibliotek som s\u00f6ker en tr\u00e5dl\u00f6s 1D handskanner.\" \/>\n<meta property=\"og:url\" content=\"https:\/\/shop.axiell.com\/sv\/produkt\/quickscan-mobile-1d-qm2131\/\" \/>\n<meta property=\"og:site_name\" content=\"AxiellDirekt\" \/>\n<meta property=\"article:modified_time\" content=\"2023-03-08T10:13:20+00:00\" \/>\n<meta property=\"og:image\" content=\"https:\/\/shop.axiell.com\/wp-content\/uploads\/2017\/05\/QuickScan-Mobile-1D-QM2131.jpg\" \/>\n\t<meta property=\"og:image:width\" content=\"400\" \/>\n\t<meta property=\"og:image:height\" content=\"400\" \/>\n\t<meta property=\"og:image:type\" content=\"image\/jpeg\" \/>\n<meta name=\"twitter:card\" content=\"summary_large_image\" \/>\n<script type=\"application\/ld+json\" class=\"yoast-schema-graph\">{\"@context\":\"https:\/\/schema.org\",\"@graph\":[{\"@type\":\"WebPage\",\"@id\":\"https:\/\/shop.axiell.com\/sv\/produkt\/quickscan-mobile-1d-qm2131\/\",\"url\":\"https:\/\/shop.axiell.com\/sv\/produkt\/quickscan-mobile-1d-qm2131\/\",\"name\":\"QuickScan Mobile 1D QM2131 | AxiellDirekt\",\"isPartOf\":{\"@id\":\"https:\/\/shop.axiell.com\/#website\"},\"primaryImageOfPage\":{\"@id\":\"https:\/\/shop.axiell.com\/sv\/produkt\/quickscan-mobile-1d-qm2131\/#primaryimage\"},\"image\":{\"@id\":\"https:\/\/shop.axiell.com\/sv\/produkt\/quickscan-mobile-1d-qm2131\/#primaryimage\"},\"thumbnailUrl\":\"https:\/\/shop.axiell.com\/wp-content\/uploads\/2017\/05\/QuickScan-Mobile-1D-QM2131.jpg\",\"datePublished\":\"2017-05-12T07:38:52+00:00\",\"dateModified\":\"2023-03-08T10:13:20+00:00\",\"breadcrumb\":{\"@id\":\"https:\/\/shop.axiell.com\/sv\/produkt\/quickscan-mobile-1d-qm2131\/#breadcrumb\"},\"inLanguage\":\"sv-SE\",\"potentialAction\":[{\"@type\":\"ReadAction\",\"target\":[\"https:\/\/shop.axiell.com\/sv\/produkt\/quickscan-mobile-1d-qm2131\/\"]}]},{\"@type\":\"ImageObject\",\"inLanguage\":\"sv-SE\",\"@id\":\"https:\/\/shop.axiell.com\/sv\/produkt\/quickscan-mobile-1d-qm2131\/#primaryimage\",\"url\":\"https:\/\/shop.axiell.com\/wp-content\/uploads\/2017\/05\/QuickScan-Mobile-1D-QM2131.jpg\",\"contentUrl\":\"https:\/\/shop.axiell.com\/wp-content\/uploads\/2017\/05\/QuickScan-Mobile-1D-QM2131.jpg\",\"width\":400,\"height\":400},{\"@type\":\"BreadcrumbList\",\"@id\":\"https:\/\/shop.axiell.com\/sv\/produkt\/quickscan-mobile-1d-qm2131\/#breadcrumb\",\"itemListElement\":[{\"@type\":\"ListItem\",\"position\":1,\"name\":\"Home\",\"item\":\"https:\/\/shop.axiell.com\/sv\/\"},{\"@type\":\"ListItem\",\"position\":2,\"name\":\"Shop\",\"item\":\"https:\/\/shop.axiell.com\/sv\/shop\/\"},{\"@type\":\"ListItem\",\"position\":3,\"name\":\"QuickScan Mobile 1D QM2131\"}]},{\"@type\":\"WebSite\",\"@id\":\"https:\/\/shop.axiell.com\/#website\",\"url\":\"https:\/\/shop.axiell.com\/\",\"name\":\"AxiellDirekt\",\"description\":\"Axiell webshop, dedicated to libraries\",\"publisher\":{\"@id\":\"https:\/\/shop.axiell.com\/#organization\"},\"potentialAction\":[{\"@type\":\"SearchAction\",\"target\":{\"@type\":\"EntryPoint\",\"urlTemplate\":\"https:\/\/shop.axiell.com\/?s={search_term_string}\"},\"query-input\":{\"@type\":\"PropertyValueSpecification\",\"valueRequired\":true,\"valueName\":\"search_term_string\"}}],\"inLanguage\":\"sv-SE\"},{\"@type\":\"Organization\",\"@id\":\"https:\/\/shop.axiell.com\/#organization\",\"name\":\"AxiellDirekt\",\"url\":\"https:\/\/shop.axiell.com\/\",\"logo\":{\"@type\":\"ImageObject\",\"inLanguage\":\"sv-SE\",\"@id\":\"https:\/\/shop.axiell.com\/#\/schema\/logo\/image\/\",\"url\":\"https:\/\/shop.axiell.com\/wp-content\/uploads\/2019\/05\/cropped-axiell-logo@2.png\",\"contentUrl\":\"https:\/\/shop.axiell.com\/wp-content\/uploads\/2019\/05\/cropped-axiell-logo@2.png\",\"width\":225,\"height\":60,\"caption\":\"AxiellDirekt\"},\"image\":{\"@id\":\"https:\/\/shop.axiell.com\/#\/schema\/logo\/image\/\"}}]}<\/script>\n<!-- \/ Yoast SEO Premium plugin. -->","yoast_head_json":{"title":"QuickScan Mobile 1D QM2131 | AxiellDirekt","robots":{"index":"index","follow":"follow","max-snippet":"max-snippet:-1","max-image-preview":"max-image-preview:large","max-video-preview":"max-video-preview:-1"},"canonical":"https:\/\/shop.axiell.com\/sv\/produkt\/quickscan-mobile-1d-qm2131\/","og_locale":"sv_SE","og_type":"article","og_title":"QuickScan Mobile 1D QM2131","og_description":"Den nya instegsmodellen fr\u00e5n Datalogic \u00e4r den mest kostnadseffektiva l\u00f6sningen f\u00f6r bibliotek som s\u00f6ker en tr\u00e5dl\u00f6s 1D handskanner.","og_url":"https:\/\/shop.axiell.com\/sv\/produkt\/quickscan-mobile-1d-qm2131\/","og_site_name":"AxiellDirekt","article_modified_time":"2023-03-08T10:13:20+00:00","og_image":[{"width":400,"height":400,"url":"https:\/\/shop.axiell.com\/wp-content\/uploads\/2017\/05\/QuickScan-Mobile-1D-QM2131.jpg","type":"image\/jpeg"}],"twitter_card":"summary_large_image","schema":{"@context":"https:\/\/schema.org","@graph":[{"@type":"WebPage","@id":"https:\/\/shop.axiell.com\/sv\/produkt\/quickscan-mobile-1d-qm2131\/","url":"https:\/\/shop.axiell.com\/sv\/produkt\/quickscan-mobile-1d-qm2131\/","name":"QuickScan Mobile 1D QM2131 | AxiellDirekt","isPartOf":{"@id":"https:\/\/shop.axiell.com\/#website"},"primaryImageOfPage":{"@id":"https:\/\/shop.axiell.com\/sv\/produkt\/quickscan-mobile-1d-qm2131\/#primaryimage"},"image":{"@id":"https:\/\/shop.axiell.com\/sv\/produkt\/quickscan-mobile-1d-qm2131\/#primaryimage"},"thumbnailUrl":"https:\/\/shop.axiell.com\/wp-content\/uploads\/2017\/05\/QuickScan-Mobile-1D-QM2131.jpg","datePublished":"2017-05-12T07:38:52+00:00","dateModified":"2023-03-08T10:13:20+00:00","breadcrumb":{"@id":"https:\/\/shop.axiell.com\/sv\/produkt\/quickscan-mobile-1d-qm2131\/#breadcrumb"},"inLanguage":"sv-SE","potentialAction":[{"@type":"ReadAction","target":["https:\/\/shop.axiell.com\/sv\/produkt\/quickscan-mobile-1d-qm2131\/"]}]},{"@type":"ImageObject","inLanguage":"sv-SE","@id":"https:\/\/shop.axiell.com\/sv\/produkt\/quickscan-mobile-1d-qm2131\/#primaryimage","url":"https:\/\/shop.axiell.com\/wp-content\/uploads\/2017\/05\/QuickScan-Mobile-1D-QM2131.jpg","contentUrl":"https:\/\/shop.axiell.com\/wp-content\/uploads\/2017\/05\/QuickScan-Mobile-1D-QM2131.jpg","width":400,"height":400},{"@type":"BreadcrumbList","@id":"https:\/\/shop.axiell.com\/sv\/produkt\/quickscan-mobile-1d-qm2131\/#breadcrumb","itemListElement":[{"@type":"ListItem","position":1,"name":"Home","item":"https:\/\/shop.axiell.com\/sv\/"},{"@type":"ListItem","position":2,"name":"Shop","item":"https:\/\/shop.axiell.com\/sv\/shop\/"},{"@type":"ListItem","position":3,"name":"QuickScan Mobile 1D QM2131"}]},{"@type":"WebSite","@id":"https:\/\/shop.axiell.com\/#website","url":"https:\/\/shop.axiell.com\/","name":"AxiellDirekt","description":"Axiell webshop, dedicated to libraries","publisher":{"@id":"https:\/\/shop.axiell.com\/#organization"},"potentialAction":[{"@type":"SearchAction","target":{"@type":"EntryPoint","urlTemplate":"https:\/\/shop.axiell.com\/?s={search_term_string}"},"query-input":{"@type":"PropertyValueSpecification","valueRequired":true,"valueName":"search_term_string"}}],"inLanguage":"sv-SE"},{"@type":"Organization","@id":"https:\/\/shop.axiell.com\/#organization","name":"AxiellDirekt","url":"https:\/\/shop.axiell.com\/","logo":{"@type":"ImageObject","inLanguage":"sv-SE","@id":"https:\/\/shop.axiell.com\/#\/schema\/logo\/image\/","url":"https:\/\/shop.axiell.com\/wp-content\/uploads\/2019\/05\/cropped-axiell-logo@2.png","contentUrl":"https:\/\/shop.axiell.com\/wp-content\/uploads\/2019\/05\/cropped-axiell-logo@2.png","width":225,"height":60,"caption":"AxiellDirekt"},"image":{"@id":"https:\/\/shop.axiell.com\/#\/schema\/logo\/image\/"}}]}},"_links":{"self":[{"href":"https:\/\/shop.axiell.com\/sv\/wp-json\/wp\/v2\/product\/1639","targetHints":{"allow":["GET"]}}],"collection":[{"href":"https:\/\/shop.axiell.com\/sv\/wp-json\/wp\/v2\/product"}],"about":[{"href":"https:\/\/shop.axiell.com\/sv\/wp-json\/wp\/v2\/types\/product"}],"wp:featuredmedia":[{"embeddable":true,"href":"https:\/\/shop.axiell.com\/sv\/wp-json\/wp\/v2\/media\/2535"}],"wp:attachment":[{"href":"https:\/\/shop.axiell.com\/sv\/wp-json\/wp\/v2\/media?parent=1639"}],"wp:term":[{"taxonomy":"product_brand","embeddable":true,"href":"https:\/\/shop.axiell.com\/sv\/wp-json\/wp\/v2\/product_brand?post=1639"},{"taxonomy":"product_cat","embeddable":true,"href":"https:\/\/shop.axiell.com\/sv\/wp-json\/wp\/v2\/product_cat?post=1639"},{"taxonomy":"product_tag","embeddable":true,"href":"https:\/\/shop.axiell.com\/sv\/wp-json\/wp\/v2\/product_tag?post=1639"}],"curies":[{"name":"wp","href":"https:\/\/api.w.org\/{rel}","templated":true}]}}