{"id":1598,"date":"2017-06-01T08:39:52","date_gmt":"2017-06-01T08:39:52","guid":{"rendered":"https:\/\/shop.axiell.com\/product\/star-micronics-tsp100eco-thermal-printer\/"},"modified":"2021-11-30T15:23:50","modified_gmt":"2021-11-30T15:23:50","slug":"star-micronics-tsp100eco-thermal-printer","status":"publish","type":"product","link":"https:\/\/shop.axiell.com\/sv\/produkt\/star-micronics-tsp100eco-thermal-printer\/","title":{"rendered":"Star Micronics TSP100 Thermal Printer"},"content":{"rendered":"<h1><strong>TSP100 Kvittoskrivare<\/strong><\/h1>\n<p>V\u00e4rldens f\u00f6rsta kvittoskrivare som b\u00e5de sparar pengar och hj\u00e4lper till att motverka klimatf\u00f6r\u00e4ndringar. Den f\u00f6rbrukar\u00a0upp till <em>40 % mindre str\u00f6m<\/em> \u00e4n de flesta konkurrenterna.<\/p>\n<p>STAR TSP100 , som &#8221;direktstyrs&#8221; fr\u00e5n v\u00e4rddatorn, &#8221;sover&#8221; n\u00e4r den inte \u00e4r aktiv och snabbstartar p\u00e5 mindre \u00e4n 0,5 sekunder vid behov. Skrivaren &#8221;imiterar&#8221; datorn genom att inta vilol\u00e4get under perioder av inaktivitet utan att str\u00f6mbrytaren beh\u00f6ver tryckas in och med sparad energi som resultat. F\u00f6rbrukar 0,05 W i vilol\u00e4get n\u00e4r datorn \u00e4r inaktiv. Och f\u00f6rbrukar mycket l\u00e5ga 29,57 W vid utskrift.<\/p>\n<p>Skrivaren har dessutom den l\u00e5ga str\u00f6mf\u00f6rbrukningsniv\u00e5 som\u00a0kr\u00e4vs f\u00f6r Energy Star, en av de f\u00f6rsta POS-skrivarna\u00a0som \u00e5stadkommer detta.<\/p>\n<p>TSP100 \u00e4r kvittoskrivaren som skriver ut snabbt och med h\u00f6g kvalit\u00e9. Anv\u00e4nder sig av samma kvittorulle som v\u00e5ra andra kvittoskrivare. Finns i b\u00e5de svart och benvit. Inkoppling via USB.<\/p>\n<p>Skrivaren levereras komplett med USB- och str\u00f6mkabel. Denna kvittoskrivare fungerar till m\u00e5nga system som t.ex. Quria, BOOK-IT, LIBRA.SE. , Mikromarc.<\/p>\n","protected":false},"excerpt":{"rendered":"<p>V\u00e4rldens f\u00f6rsta kvittoskrivare som b\u00e5de sparar pengar och hj\u00e4lper till att motverka klimatf\u00f6r\u00e4ndringar. Den f\u00f6rbrukar\u00a0upp till <em>40 % mindre str\u00f6m<\/em> \u00e4n de flesta konkurrenterna.<\/p>\n","protected":false},"featured_media":1599,"template":"","meta":[],"product_brand":[],"product_cat":[282,281],"product_tag":[283],"class_list":{"0":"post-1598","1":"product","2":"type-product","3":"status-publish","4":"has-post-thumbnail","6":"product_cat-receipt-printer-sv","7":"product_cat-printer-sv","8":"product_tag-star-micronics-sv","10":"first","11":"instock","12":"featured","13":"taxable","14":"shipping-taxable","15":"purchasable","16":"product-type-variable","17":"has-default-attributes"},"yoast_head":"<!-- This site is optimized with the Yoast SEO Premium plugin v27.5 (Yoast SEO v27.5) - https:\/\/yoast.com\/product\/yoast-seo-premium-wordpress\/ -->\n<title>Star Micronics TSP100 Thermal Printer | AxiellDirekt<\/title>\n<meta name=\"robots\" content=\"index, follow, max-snippet:-1, max-image-preview:large, max-video-preview:-1\" \/>\n<link rel=\"canonical\" href=\"https:\/\/shop.axiell.com\/sv\/produkt\/star-micronics-tsp100eco-thermal-printer\/\" \/>\n<meta property=\"og:locale\" content=\"sv_SE\" \/>\n<meta property=\"og:type\" content=\"article\" \/>\n<meta property=\"og:title\" content=\"Star Micronics TSP100 Thermal Printer\" \/>\n<meta property=\"og:description\" content=\"V\u00e4rldens f\u00f6rsta kvittoskrivare som b\u00e5de sparar pengar och hj\u00e4lper till att motverka klimatf\u00f6r\u00e4ndringar. Den f\u00f6rbrukar\u00a0upp till 40 % mindre str\u00f6m \u00e4n de flesta konkurrenterna.\" \/>\n<meta property=\"og:url\" content=\"https:\/\/shop.axiell.com\/sv\/produkt\/star-micronics-tsp100eco-thermal-printer\/\" \/>\n<meta property=\"og:site_name\" content=\"AxiellDirekt\" \/>\n<meta property=\"article:modified_time\" content=\"2021-11-30T15:23:50+00:00\" \/>\n<meta property=\"og:image\" content=\"https:\/\/shop.axiell.com\/wp-content\/uploads\/2017\/06\/Star-Micronics-TSP100ECO-Thermal-Printer-1.jpg\" \/>\n\t<meta property=\"og:image:width\" content=\"400\" \/>\n\t<meta property=\"og:image:height\" content=\"400\" \/>\n\t<meta property=\"og:image:type\" content=\"image\/jpeg\" \/>\n<meta name=\"twitter:card\" content=\"summary_large_image\" \/>\n<meta name=\"twitter:label1\" content=\"Ber\u00e4knad l\u00e4stid\" \/>\n\t<meta name=\"twitter:data1\" content=\"1 minut\" \/>\n<script type=\"application\/ld+json\" class=\"yoast-schema-graph\">{\"@context\":\"https:\\\/\\\/schema.org\",\"@graph\":[{\"@type\":\"WebPage\",\"@id\":\"https:\\\/\\\/shop.axiell.com\\\/sv\\\/produkt\\\/star-micronics-tsp100eco-thermal-printer\\\/\",\"url\":\"https:\\\/\\\/shop.axiell.com\\\/sv\\\/produkt\\\/star-micronics-tsp100eco-thermal-printer\\\/\",\"name\":\"Star Micronics TSP100 Thermal Printer | AxiellDirekt\",\"isPartOf\":{\"@id\":\"https:\\\/\\\/shop.axiell.com\\\/#website\"},\"primaryImageOfPage\":{\"@id\":\"https:\\\/\\\/shop.axiell.com\\\/sv\\\/produkt\\\/star-micronics-tsp100eco-thermal-printer\\\/#primaryimage\"},\"image\":{\"@id\":\"https:\\\/\\\/shop.axiell.com\\\/sv\\\/produkt\\\/star-micronics-tsp100eco-thermal-printer\\\/#primaryimage\"},\"thumbnailUrl\":\"https:\\\/\\\/shop.axiell.com\\\/wp-content\\\/uploads\\\/2017\\\/06\\\/Star-Micronics-TSP100ECO-Thermal-Printer-1.jpg\",\"datePublished\":\"2017-06-01T08:39:52+00:00\",\"dateModified\":\"2021-11-30T15:23:50+00:00\",\"breadcrumb\":{\"@id\":\"https:\\\/\\\/shop.axiell.com\\\/sv\\\/produkt\\\/star-micronics-tsp100eco-thermal-printer\\\/#breadcrumb\"},\"inLanguage\":\"sv-SE\",\"potentialAction\":[{\"@type\":\"ReadAction\",\"target\":[\"https:\\\/\\\/shop.axiell.com\\\/sv\\\/produkt\\\/star-micronics-tsp100eco-thermal-printer\\\/\"]}]},{\"@type\":\"ImageObject\",\"inLanguage\":\"sv-SE\",\"@id\":\"https:\\\/\\\/shop.axiell.com\\\/sv\\\/produkt\\\/star-micronics-tsp100eco-thermal-printer\\\/#primaryimage\",\"url\":\"https:\\\/\\\/shop.axiell.com\\\/wp-content\\\/uploads\\\/2017\\\/06\\\/Star-Micronics-TSP100ECO-Thermal-Printer-1.jpg\",\"contentUrl\":\"https:\\\/\\\/shop.axiell.com\\\/wp-content\\\/uploads\\\/2017\\\/06\\\/Star-Micronics-TSP100ECO-Thermal-Printer-1.jpg\",\"width\":400,\"height\":400,\"caption\":\"Star Micronics TSP100ECO Thermal Printer\"},{\"@type\":\"BreadcrumbList\",\"@id\":\"https:\\\/\\\/shop.axiell.com\\\/sv\\\/produkt\\\/star-micronics-tsp100eco-thermal-printer\\\/#breadcrumb\",\"itemListElement\":[{\"@type\":\"ListItem\",\"position\":1,\"name\":\"Home\",\"item\":\"https:\\\/\\\/shop.axiell.com\\\/sv\\\/\"},{\"@type\":\"ListItem\",\"position\":2,\"name\":\"Shop\",\"item\":\"https:\\\/\\\/shop.axiell.com\\\/sv\\\/shop\\\/\"},{\"@type\":\"ListItem\",\"position\":3,\"name\":\"Star Micronics TSP100 Thermal Printer\"}]},{\"@type\":\"WebSite\",\"@id\":\"https:\\\/\\\/shop.axiell.com\\\/#website\",\"url\":\"https:\\\/\\\/shop.axiell.com\\\/\",\"name\":\"AxiellDirekt\",\"description\":\"Axiell webshop, dedicated to libraries\",\"publisher\":{\"@id\":\"https:\\\/\\\/shop.axiell.com\\\/#organization\"},\"potentialAction\":[{\"@type\":\"SearchAction\",\"target\":{\"@type\":\"EntryPoint\",\"urlTemplate\":\"https:\\\/\\\/shop.axiell.com\\\/?s={search_term_string}\"},\"query-input\":{\"@type\":\"PropertyValueSpecification\",\"valueRequired\":true,\"valueName\":\"search_term_string\"}}],\"inLanguage\":\"sv-SE\"},{\"@type\":\"Organization\",\"@id\":\"https:\\\/\\\/shop.axiell.com\\\/#organization\",\"name\":\"AxiellDirekt\",\"url\":\"https:\\\/\\\/shop.axiell.com\\\/\",\"logo\":{\"@type\":\"ImageObject\",\"inLanguage\":\"sv-SE\",\"@id\":\"https:\\\/\\\/shop.axiell.com\\\/#\\\/schema\\\/logo\\\/image\\\/\",\"url\":\"https:\\\/\\\/shop.axiell.com\\\/wp-content\\\/uploads\\\/2019\\\/05\\\/cropped-axiell-logo@2.png\",\"contentUrl\":\"https:\\\/\\\/shop.axiell.com\\\/wp-content\\\/uploads\\\/2019\\\/05\\\/cropped-axiell-logo@2.png\",\"width\":225,\"height\":60,\"caption\":\"AxiellDirekt\"},\"image\":{\"@id\":\"https:\\\/\\\/shop.axiell.com\\\/#\\\/schema\\\/logo\\\/image\\\/\"}}]}<\/script>\n<!-- \/ Yoast SEO Premium plugin. -->","yoast_head_json":{"title":"Star Micronics TSP100 Thermal Printer | AxiellDirekt","robots":{"index":"index","follow":"follow","max-snippet":"max-snippet:-1","max-image-preview":"max-image-preview:large","max-video-preview":"max-video-preview:-1"},"canonical":"https:\/\/shop.axiell.com\/sv\/produkt\/star-micronics-tsp100eco-thermal-printer\/","og_locale":"sv_SE","og_type":"article","og_title":"Star Micronics TSP100 Thermal Printer","og_description":"V\u00e4rldens f\u00f6rsta kvittoskrivare som b\u00e5de sparar pengar och hj\u00e4lper till att motverka klimatf\u00f6r\u00e4ndringar. Den f\u00f6rbrukar\u00a0upp till 40 % mindre str\u00f6m \u00e4n de flesta konkurrenterna.","og_url":"https:\/\/shop.axiell.com\/sv\/produkt\/star-micronics-tsp100eco-thermal-printer\/","og_site_name":"AxiellDirekt","article_modified_time":"2021-11-30T15:23:50+00:00","og_image":[{"width":400,"height":400,"url":"https:\/\/shop.axiell.com\/wp-content\/uploads\/2017\/06\/Star-Micronics-TSP100ECO-Thermal-Printer-1.jpg","type":"image\/jpeg"}],"twitter_card":"summary_large_image","twitter_misc":{"Ber\u00e4knad l\u00e4stid":"1 minut"},"schema":{"@context":"https:\/\/schema.org","@graph":[{"@type":"WebPage","@id":"https:\/\/shop.axiell.com\/sv\/produkt\/star-micronics-tsp100eco-thermal-printer\/","url":"https:\/\/shop.axiell.com\/sv\/produkt\/star-micronics-tsp100eco-thermal-printer\/","name":"Star Micronics TSP100 Thermal Printer | AxiellDirekt","isPartOf":{"@id":"https:\/\/shop.axiell.com\/#website"},"primaryImageOfPage":{"@id":"https:\/\/shop.axiell.com\/sv\/produkt\/star-micronics-tsp100eco-thermal-printer\/#primaryimage"},"image":{"@id":"https:\/\/shop.axiell.com\/sv\/produkt\/star-micronics-tsp100eco-thermal-printer\/#primaryimage"},"thumbnailUrl":"https:\/\/shop.axiell.com\/wp-content\/uploads\/2017\/06\/Star-Micronics-TSP100ECO-Thermal-Printer-1.jpg","datePublished":"2017-06-01T08:39:52+00:00","dateModified":"2021-11-30T15:23:50+00:00","breadcrumb":{"@id":"https:\/\/shop.axiell.com\/sv\/produkt\/star-micronics-tsp100eco-thermal-printer\/#breadcrumb"},"inLanguage":"sv-SE","potentialAction":[{"@type":"ReadAction","target":["https:\/\/shop.axiell.com\/sv\/produkt\/star-micronics-tsp100eco-thermal-printer\/"]}]},{"@type":"ImageObject","inLanguage":"sv-SE","@id":"https:\/\/shop.axiell.com\/sv\/produkt\/star-micronics-tsp100eco-thermal-printer\/#primaryimage","url":"https:\/\/shop.axiell.com\/wp-content\/uploads\/2017\/06\/Star-Micronics-TSP100ECO-Thermal-Printer-1.jpg","contentUrl":"https:\/\/shop.axiell.com\/wp-content\/uploads\/2017\/06\/Star-Micronics-TSP100ECO-Thermal-Printer-1.jpg","width":400,"height":400,"caption":"Star Micronics TSP100ECO Thermal Printer"},{"@type":"BreadcrumbList","@id":"https:\/\/shop.axiell.com\/sv\/produkt\/star-micronics-tsp100eco-thermal-printer\/#breadcrumb","itemListElement":[{"@type":"ListItem","position":1,"name":"Home","item":"https:\/\/shop.axiell.com\/sv\/"},{"@type":"ListItem","position":2,"name":"Shop","item":"https:\/\/shop.axiell.com\/sv\/shop\/"},{"@type":"ListItem","position":3,"name":"Star Micronics TSP100 Thermal Printer"}]},{"@type":"WebSite","@id":"https:\/\/shop.axiell.com\/#website","url":"https:\/\/shop.axiell.com\/","name":"AxiellDirekt","description":"Axiell webshop, dedicated to libraries","publisher":{"@id":"https:\/\/shop.axiell.com\/#organization"},"potentialAction":[{"@type":"SearchAction","target":{"@type":"EntryPoint","urlTemplate":"https:\/\/shop.axiell.com\/?s={search_term_string}"},"query-input":{"@type":"PropertyValueSpecification","valueRequired":true,"valueName":"search_term_string"}}],"inLanguage":"sv-SE"},{"@type":"Organization","@id":"https:\/\/shop.axiell.com\/#organization","name":"AxiellDirekt","url":"https:\/\/shop.axiell.com\/","logo":{"@type":"ImageObject","inLanguage":"sv-SE","@id":"https:\/\/shop.axiell.com\/#\/schema\/logo\/image\/","url":"https:\/\/shop.axiell.com\/wp-content\/uploads\/2019\/05\/cropped-axiell-logo@2.png","contentUrl":"https:\/\/shop.axiell.com\/wp-content\/uploads\/2019\/05\/cropped-axiell-logo@2.png","width":225,"height":60,"caption":"AxiellDirekt"},"image":{"@id":"https:\/\/shop.axiell.com\/#\/schema\/logo\/image\/"}}]}},"_links":{"self":[{"href":"https:\/\/shop.axiell.com\/sv\/wp-json\/wp\/v2\/product\/1598","targetHints":{"allow":["GET"]}}],"collection":[{"href":"https:\/\/shop.axiell.com\/sv\/wp-json\/wp\/v2\/product"}],"about":[{"href":"https:\/\/shop.axiell.com\/sv\/wp-json\/wp\/v2\/types\/product"}],"wp:featuredmedia":[{"embeddable":true,"href":"https:\/\/shop.axiell.com\/sv\/wp-json\/wp\/v2\/media\/1599"}],"wp:attachment":[{"href":"https:\/\/shop.axiell.com\/sv\/wp-json\/wp\/v2\/media?parent=1598"}],"wp:term":[{"taxonomy":"product_brand","embeddable":true,"href":"https:\/\/shop.axiell.com\/sv\/wp-json\/wp\/v2\/product_brand?post=1598"},{"taxonomy":"product_cat","embeddable":true,"href":"https:\/\/shop.axiell.com\/sv\/wp-json\/wp\/v2\/product_cat?post=1598"},{"taxonomy":"product_tag","embeddable":true,"href":"https:\/\/shop.axiell.com\/sv\/wp-json\/wp\/v2\/product_tag?post=1598"}],"curies":[{"name":"wp","href":"https:\/\/api.w.org\/{rel}","templated":true}]}}