{"id":1590,"date":"2017-06-05T07:46:48","date_gmt":"2017-06-05T07:46:48","guid":{"rendered":"https:\/\/shop.axiell.com\/product\/datalogic-gryphon-gd4130\/"},"modified":"2024-02-07T12:33:20","modified_gmt":"2024-02-07T12:33:20","slug":"datalogic-gryphon-gd4130","status":"publish","type":"product","link":"https:\/\/shop.axiell.com\/sv\/produkt\/datalogic-gryphon-gd4130\/","title":{"rendered":"Datalogic Gryphon GD4220"},"content":{"rendered":"<p>Nu kommer en helt ny skanner fr\u00e5n Datalogic. I j\u00e4mf\u00f6relse med sina f\u00f6reg\u00e5ngare s\u00e5 kan GD4220 l\u00e4sa med en hastighet p\u00e5 325 l\u00e4sningar per sekund. Den l\u00e4ser vanliga linj\u00e4ra streckkoder ( 1-D) p\u00e5 avst\u00e5nd mellan 0 &#8211; 20 cm.<\/p>\n<p>Skannern l\u00e4ser snabbt och korrekt redan vid f\u00f6rsta avl\u00e4sningsf\u00f6rs\u00f6ket. GD4220 kan sj\u00e4lvklart programmeras f\u00f6r alla de vanligaste streckkoderna som finns p\u00e5 marknaden. Den \u00e4r f\u00f6rsedd med Datalogics patenterade &#8221;gr\u00f6na punkt&#8221; f\u00f6r \u00e5terkoppling vid godk\u00e4nd l\u00e4sning, d\u00e4r anv\u00e4ndaren b\u00e5de ser och h\u00f6r att koden har avl\u00e4sts.<\/p>\n<p>K\u00f6p till ett handsfreest\u00e4ll s\u00e5 beh\u00f6ver du inte ens lyfta upp skannern f\u00f6r att l\u00e4sa av en streckkod.<\/p>\n<p>Placera bara koden under ljusstr\u00e5len fr\u00e5n skannern f\u00f6r avl\u00e4sning.<br \/>\nLevereras programmerad med USB-kablage.<\/p>\n<p>Fungerar som exempel till bland annat QURIA, BOOK-IT, LIBRA men \u00e4ven andra bibliotekssystem.<\/p>\n<p>Denna skanner ers\u00e4tter den popul\u00e4ra GD4130 \/ GD4132<\/p>\n","protected":false},"excerpt":{"rendered":"<p>Nu kommer en helt ny skanner fr\u00e5n Datalogic. I j\u00e4mf\u00f6relse med sina f\u00f6reg\u00e5ngare s\u00e5 kan GD4220 l\u00e4sa med en hastighet p\u00e5 325 l\u00e4sningar per sekund. Den l\u00e4ser vanliga linj\u00e4ra streckkoder ( 1D) p\u00e5 avst\u00e5nd mellan 0 &#8211; 20 cm.<\/p>\n","protected":false},"featured_media":1591,"template":"","meta":[],"product_brand":[],"product_cat":[278,279],"product_tag":[280],"class_list":{"0":"post-1590","1":"product","2":"type-product","3":"status-publish","4":"has-post-thumbnail","6":"product_cat-hand-scanner-sv","7":"product_cat-scanners-sv","8":"product_tag-datalogic-sv","10":"first","11":"instock","12":"featured","13":"taxable","14":"shipping-taxable","15":"purchasable","16":"product-type-simple"},"yoast_head":"<!-- This site is optimized with the Yoast SEO Premium plugin v27.5 (Yoast SEO v27.5) - https:\/\/yoast.com\/product\/yoast-seo-premium-wordpress\/ -->\n<title>Datalogic Gryphon GD4220 | AxiellDirekt<\/title>\n<meta name=\"robots\" content=\"index, follow, max-snippet:-1, max-image-preview:large, max-video-preview:-1\" \/>\n<link rel=\"canonical\" href=\"https:\/\/shop.axiell.com\/sv\/produkt\/datalogic-gryphon-gd4130\/\" \/>\n<meta property=\"og:locale\" content=\"sv_SE\" \/>\n<meta property=\"og:type\" content=\"article\" \/>\n<meta property=\"og:title\" content=\"Datalogic Gryphon GD4220\" \/>\n<meta property=\"og:description\" content=\"Nu kommer en helt ny skanner fr\u00e5n Datalogic. I j\u00e4mf\u00f6relse med sina f\u00f6reg\u00e5ngare s\u00e5 kan GD4220 l\u00e4sa med en hastighet p\u00e5 325 l\u00e4sningar per sekund. Den l\u00e4ser vanliga linj\u00e4ra streckkoder ( 1D) p\u00e5 avst\u00e5nd mellan 0 - 20 cm.\" \/>\n<meta property=\"og:url\" content=\"https:\/\/shop.axiell.com\/sv\/produkt\/datalogic-gryphon-gd4130\/\" \/>\n<meta property=\"og:site_name\" content=\"AxiellDirekt\" \/>\n<meta property=\"article:modified_time\" content=\"2024-02-07T12:33:20+00:00\" \/>\n<meta property=\"og:image\" content=\"https:\/\/shop.axiell.com\/wp-content\/uploads\/2017\/06\/Datalogic-Gryphon-GD4130.jpg\" \/>\n\t<meta property=\"og:image:width\" content=\"400\" \/>\n\t<meta property=\"og:image:height\" content=\"400\" \/>\n\t<meta property=\"og:image:type\" content=\"image\/jpeg\" \/>\n<meta name=\"twitter:card\" content=\"summary_large_image\" \/>\n<meta name=\"twitter:label1\" content=\"Ber\u00e4knad l\u00e4stid\" \/>\n\t<meta name=\"twitter:data1\" content=\"1 minut\" \/>\n<script type=\"application\/ld+json\" class=\"yoast-schema-graph\">{\"@context\":\"https:\\\/\\\/schema.org\",\"@graph\":[{\"@type\":\"WebPage\",\"@id\":\"https:\\\/\\\/shop.axiell.com\\\/sv\\\/produkt\\\/datalogic-gryphon-gd4130\\\/\",\"url\":\"https:\\\/\\\/shop.axiell.com\\\/sv\\\/produkt\\\/datalogic-gryphon-gd4130\\\/\",\"name\":\"Datalogic Gryphon GD4220 | AxiellDirekt\",\"isPartOf\":{\"@id\":\"https:\\\/\\\/shop.axiell.com\\\/#website\"},\"primaryImageOfPage\":{\"@id\":\"https:\\\/\\\/shop.axiell.com\\\/sv\\\/produkt\\\/datalogic-gryphon-gd4130\\\/#primaryimage\"},\"image\":{\"@id\":\"https:\\\/\\\/shop.axiell.com\\\/sv\\\/produkt\\\/datalogic-gryphon-gd4130\\\/#primaryimage\"},\"thumbnailUrl\":\"https:\\\/\\\/shop.axiell.com\\\/wp-content\\\/uploads\\\/2017\\\/06\\\/Datalogic-Gryphon-GD4130.jpg\",\"datePublished\":\"2017-06-05T07:46:48+00:00\",\"dateModified\":\"2024-02-07T12:33:20+00:00\",\"breadcrumb\":{\"@id\":\"https:\\\/\\\/shop.axiell.com\\\/sv\\\/produkt\\\/datalogic-gryphon-gd4130\\\/#breadcrumb\"},\"inLanguage\":\"sv-SE\",\"potentialAction\":[{\"@type\":\"ReadAction\",\"target\":[\"https:\\\/\\\/shop.axiell.com\\\/sv\\\/produkt\\\/datalogic-gryphon-gd4130\\\/\"]}]},{\"@type\":\"ImageObject\",\"inLanguage\":\"sv-SE\",\"@id\":\"https:\\\/\\\/shop.axiell.com\\\/sv\\\/produkt\\\/datalogic-gryphon-gd4130\\\/#primaryimage\",\"url\":\"https:\\\/\\\/shop.axiell.com\\\/wp-content\\\/uploads\\\/2017\\\/06\\\/Datalogic-Gryphon-GD4130.jpg\",\"contentUrl\":\"https:\\\/\\\/shop.axiell.com\\\/wp-content\\\/uploads\\\/2017\\\/06\\\/Datalogic-Gryphon-GD4130.jpg\",\"width\":400,\"height\":400,\"caption\":\"Datalogic Gryphon GD4130\"},{\"@type\":\"BreadcrumbList\",\"@id\":\"https:\\\/\\\/shop.axiell.com\\\/sv\\\/produkt\\\/datalogic-gryphon-gd4130\\\/#breadcrumb\",\"itemListElement\":[{\"@type\":\"ListItem\",\"position\":1,\"name\":\"Home\",\"item\":\"https:\\\/\\\/shop.axiell.com\\\/sv\\\/\"},{\"@type\":\"ListItem\",\"position\":2,\"name\":\"Shop\",\"item\":\"https:\\\/\\\/shop.axiell.com\\\/sv\\\/shop\\\/\"},{\"@type\":\"ListItem\",\"position\":3,\"name\":\"Datalogic Gryphon GD4220\"}]},{\"@type\":\"WebSite\",\"@id\":\"https:\\\/\\\/shop.axiell.com\\\/#website\",\"url\":\"https:\\\/\\\/shop.axiell.com\\\/\",\"name\":\"AxiellDirekt\",\"description\":\"Axiell webshop, dedicated to libraries\",\"publisher\":{\"@id\":\"https:\\\/\\\/shop.axiell.com\\\/#organization\"},\"potentialAction\":[{\"@type\":\"SearchAction\",\"target\":{\"@type\":\"EntryPoint\",\"urlTemplate\":\"https:\\\/\\\/shop.axiell.com\\\/?s={search_term_string}\"},\"query-input\":{\"@type\":\"PropertyValueSpecification\",\"valueRequired\":true,\"valueName\":\"search_term_string\"}}],\"inLanguage\":\"sv-SE\"},{\"@type\":\"Organization\",\"@id\":\"https:\\\/\\\/shop.axiell.com\\\/#organization\",\"name\":\"AxiellDirekt\",\"url\":\"https:\\\/\\\/shop.axiell.com\\\/\",\"logo\":{\"@type\":\"ImageObject\",\"inLanguage\":\"sv-SE\",\"@id\":\"https:\\\/\\\/shop.axiell.com\\\/#\\\/schema\\\/logo\\\/image\\\/\",\"url\":\"https:\\\/\\\/shop.axiell.com\\\/wp-content\\\/uploads\\\/2019\\\/05\\\/cropped-axiell-logo@2.png\",\"contentUrl\":\"https:\\\/\\\/shop.axiell.com\\\/wp-content\\\/uploads\\\/2019\\\/05\\\/cropped-axiell-logo@2.png\",\"width\":225,\"height\":60,\"caption\":\"AxiellDirekt\"},\"image\":{\"@id\":\"https:\\\/\\\/shop.axiell.com\\\/#\\\/schema\\\/logo\\\/image\\\/\"}}]}<\/script>\n<!-- \/ Yoast SEO Premium plugin. -->","yoast_head_json":{"title":"Datalogic Gryphon GD4220 | AxiellDirekt","robots":{"index":"index","follow":"follow","max-snippet":"max-snippet:-1","max-image-preview":"max-image-preview:large","max-video-preview":"max-video-preview:-1"},"canonical":"https:\/\/shop.axiell.com\/sv\/produkt\/datalogic-gryphon-gd4130\/","og_locale":"sv_SE","og_type":"article","og_title":"Datalogic Gryphon GD4220","og_description":"Nu kommer en helt ny skanner fr\u00e5n Datalogic. I j\u00e4mf\u00f6relse med sina f\u00f6reg\u00e5ngare s\u00e5 kan GD4220 l\u00e4sa med en hastighet p\u00e5 325 l\u00e4sningar per sekund. Den l\u00e4ser vanliga linj\u00e4ra streckkoder ( 1D) p\u00e5 avst\u00e5nd mellan 0 - 20 cm.","og_url":"https:\/\/shop.axiell.com\/sv\/produkt\/datalogic-gryphon-gd4130\/","og_site_name":"AxiellDirekt","article_modified_time":"2024-02-07T12:33:20+00:00","og_image":[{"width":400,"height":400,"url":"https:\/\/shop.axiell.com\/wp-content\/uploads\/2017\/06\/Datalogic-Gryphon-GD4130.jpg","type":"image\/jpeg"}],"twitter_card":"summary_large_image","twitter_misc":{"Ber\u00e4knad l\u00e4stid":"1 minut"},"schema":{"@context":"https:\/\/schema.org","@graph":[{"@type":"WebPage","@id":"https:\/\/shop.axiell.com\/sv\/produkt\/datalogic-gryphon-gd4130\/","url":"https:\/\/shop.axiell.com\/sv\/produkt\/datalogic-gryphon-gd4130\/","name":"Datalogic Gryphon GD4220 | AxiellDirekt","isPartOf":{"@id":"https:\/\/shop.axiell.com\/#website"},"primaryImageOfPage":{"@id":"https:\/\/shop.axiell.com\/sv\/produkt\/datalogic-gryphon-gd4130\/#primaryimage"},"image":{"@id":"https:\/\/shop.axiell.com\/sv\/produkt\/datalogic-gryphon-gd4130\/#primaryimage"},"thumbnailUrl":"https:\/\/shop.axiell.com\/wp-content\/uploads\/2017\/06\/Datalogic-Gryphon-GD4130.jpg","datePublished":"2017-06-05T07:46:48+00:00","dateModified":"2024-02-07T12:33:20+00:00","breadcrumb":{"@id":"https:\/\/shop.axiell.com\/sv\/produkt\/datalogic-gryphon-gd4130\/#breadcrumb"},"inLanguage":"sv-SE","potentialAction":[{"@type":"ReadAction","target":["https:\/\/shop.axiell.com\/sv\/produkt\/datalogic-gryphon-gd4130\/"]}]},{"@type":"ImageObject","inLanguage":"sv-SE","@id":"https:\/\/shop.axiell.com\/sv\/produkt\/datalogic-gryphon-gd4130\/#primaryimage","url":"https:\/\/shop.axiell.com\/wp-content\/uploads\/2017\/06\/Datalogic-Gryphon-GD4130.jpg","contentUrl":"https:\/\/shop.axiell.com\/wp-content\/uploads\/2017\/06\/Datalogic-Gryphon-GD4130.jpg","width":400,"height":400,"caption":"Datalogic Gryphon GD4130"},{"@type":"BreadcrumbList","@id":"https:\/\/shop.axiell.com\/sv\/produkt\/datalogic-gryphon-gd4130\/#breadcrumb","itemListElement":[{"@type":"ListItem","position":1,"name":"Home","item":"https:\/\/shop.axiell.com\/sv\/"},{"@type":"ListItem","position":2,"name":"Shop","item":"https:\/\/shop.axiell.com\/sv\/shop\/"},{"@type":"ListItem","position":3,"name":"Datalogic Gryphon GD4220"}]},{"@type":"WebSite","@id":"https:\/\/shop.axiell.com\/#website","url":"https:\/\/shop.axiell.com\/","name":"AxiellDirekt","description":"Axiell webshop, dedicated to libraries","publisher":{"@id":"https:\/\/shop.axiell.com\/#organization"},"potentialAction":[{"@type":"SearchAction","target":{"@type":"EntryPoint","urlTemplate":"https:\/\/shop.axiell.com\/?s={search_term_string}"},"query-input":{"@type":"PropertyValueSpecification","valueRequired":true,"valueName":"search_term_string"}}],"inLanguage":"sv-SE"},{"@type":"Organization","@id":"https:\/\/shop.axiell.com\/#organization","name":"AxiellDirekt","url":"https:\/\/shop.axiell.com\/","logo":{"@type":"ImageObject","inLanguage":"sv-SE","@id":"https:\/\/shop.axiell.com\/#\/schema\/logo\/image\/","url":"https:\/\/shop.axiell.com\/wp-content\/uploads\/2019\/05\/cropped-axiell-logo@2.png","contentUrl":"https:\/\/shop.axiell.com\/wp-content\/uploads\/2019\/05\/cropped-axiell-logo@2.png","width":225,"height":60,"caption":"AxiellDirekt"},"image":{"@id":"https:\/\/shop.axiell.com\/#\/schema\/logo\/image\/"}}]}},"_links":{"self":[{"href":"https:\/\/shop.axiell.com\/sv\/wp-json\/wp\/v2\/product\/1590","targetHints":{"allow":["GET"]}}],"collection":[{"href":"https:\/\/shop.axiell.com\/sv\/wp-json\/wp\/v2\/product"}],"about":[{"href":"https:\/\/shop.axiell.com\/sv\/wp-json\/wp\/v2\/types\/product"}],"wp:featuredmedia":[{"embeddable":true,"href":"https:\/\/shop.axiell.com\/sv\/wp-json\/wp\/v2\/media\/1591"}],"wp:attachment":[{"href":"https:\/\/shop.axiell.com\/sv\/wp-json\/wp\/v2\/media?parent=1590"}],"wp:term":[{"taxonomy":"product_brand","embeddable":true,"href":"https:\/\/shop.axiell.com\/sv\/wp-json\/wp\/v2\/product_brand?post=1590"},{"taxonomy":"product_cat","embeddable":true,"href":"https:\/\/shop.axiell.com\/sv\/wp-json\/wp\/v2\/product_cat?post=1590"},{"taxonomy":"product_tag","embeddable":true,"href":"https:\/\/shop.axiell.com\/sv\/wp-json\/wp\/v2\/product_tag?post=1590"}],"curies":[{"name":"wp","href":"https:\/\/api.w.org\/{rel}","templated":true}]}}