{"id":9988,"date":"2022-11-09T13:52:36","date_gmt":"2022-11-09T13:52:36","guid":{"rendered":"https:\/\/shop.axiell.com\/product\/barcode-labels-kopia-kopia\/"},"modified":"2024-03-13T13:04:09","modified_gmt":"2024-03-13T13:04:09","slug":"barcode-labels-kopia-kopia","status":"publish","type":"product","link":"https:\/\/shop.axiell.com\/fi\/tuote\/barcode-labels-kopia-kopia\/","title":{"rendered":"Viivakooditarra neutral Code128 -800"},"content":{"rendered":"<table width=\"675\">\n<tbody>\n<tr>\n<td><strong>Viivakooditarra &#8211; neutral Code128<\/strong><\/td>\n<\/tr>\n<tr>\n<td>N\u00e4m\u00e4 ovat kirjan takakanteen liimattavia viivakooditarroja eli niin sanottuja sokkotarroja.<\/p>\n<p>Kussakin tarrassa on yksil\u00f6llinen juokseva numero, joka alkaa numerolla 8.<\/p>\n<p><strong>Koodityyppi on Code128.<\/strong><\/p>\n<p>N\u00e4m\u00e4 tarrat toimitetaan rullassa.<\/p>\n<p>Minimitilausm\u00e4\u00e4r\u00e4 on\u00a0 1000 tarraa eli 1 rulla.<\/p>\n<p>&nbsp;<\/td>\n<\/tr>\n<\/tbody>\n<\/table>\n","protected":false},"excerpt":{"rendered":"<p>T\u00e4m\u00e4 on niin sanottu sokkotarra, joka liimataan kirjan takakanteen.<br \/>\nKoodityyppi on Code128. T\u00e4m\u00e4 tarratyyppi sopii WeLib-asiakkaillemme.<br \/>\nTarrat toimitetaan rullana.<br \/>\nMinimitilausm\u00e4\u00e4r\u00e4 on 1000 tarraa eli yksi rulla.<\/p>\n<p>&nbsp;<\/p>\n","protected":false},"featured_media":8242,"template":"","meta":[],"product_brand":[],"product_cat":[1396,135,1395],"product_tag":[],"class_list":{"0":"post-9988","1":"product","2":"type-product","3":"status-publish","4":"has-post-thumbnail","6":"product_cat-koulun-kirjasto","7":"product_cat-lisatarvikkeet","8":"product_cat-tarrat","10":"first","11":"instock","12":"taxable","13":"shipping-taxable","14":"purchasable","15":"product-type-variable"},"yoast_head":"<!-- This site is optimized with the Yoast SEO Premium plugin v27.5 (Yoast SEO v27.5) - https:\/\/yoast.com\/product\/yoast-seo-premium-wordpress\/ -->\n<title>Viivakooditarra neutral Code128 -800 | AxiellDirekt<\/title>\n<meta name=\"robots\" content=\"index, follow, max-snippet:-1, max-image-preview:large, max-video-preview:-1\" \/>\n<link rel=\"canonical\" href=\"https:\/\/shop.axiell.com\/fi\/tuote\/barcode-labels-kopia-kopia\/\" \/>\n<meta property=\"og:locale\" content=\"fi_FI\" \/>\n<meta property=\"og:type\" content=\"article\" \/>\n<meta property=\"og:title\" content=\"Viivakooditarra neutral Code128 -800\" \/>\n<meta property=\"og:description\" content=\"T\u00e4m\u00e4 on niin sanottu sokkotarra, joka liimataan kirjan takakanteen. Koodityyppi on Code128. T\u00e4m\u00e4 tarratyyppi sopii WeLib-asiakkaillemme. Tarrat toimitetaan rullana. Minimitilausm\u00e4\u00e4r\u00e4 on 1000 tarraa eli yksi rulla.  &nbsp;\" \/>\n<meta property=\"og:url\" content=\"https:\/\/shop.axiell.com\/fi\/tuote\/barcode-labels-kopia-kopia\/\" \/>\n<meta property=\"og:site_name\" content=\"AxiellDirekt\" \/>\n<meta property=\"article:modified_time\" content=\"2024-03-13T13:04:09+00:00\" \/>\n<meta property=\"og:image\" content=\"https:\/\/shop.axiell.com\/wp-content\/uploads\/2022\/11\/2680.jpg\" \/>\n\t<meta property=\"og:image:width\" content=\"222\" \/>\n\t<meta property=\"og:image:height\" content=\"72\" \/>\n\t<meta property=\"og:image:type\" content=\"image\/jpeg\" \/>\n<meta name=\"twitter:card\" content=\"summary_large_image\" \/>\n<script type=\"application\/ld+json\" class=\"yoast-schema-graph\">{\"@context\":\"https:\\\/\\\/schema.org\",\"@graph\":[{\"@type\":\"WebPage\",\"@id\":\"https:\\\/\\\/shop.axiell.com\\\/fi\\\/tuote\\\/barcode-labels-kopia-kopia\\\/\",\"url\":\"https:\\\/\\\/shop.axiell.com\\\/fi\\\/tuote\\\/barcode-labels-kopia-kopia\\\/\",\"name\":\"Viivakooditarra neutral Code128 -800 | AxiellDirekt\",\"isPartOf\":{\"@id\":\"https:\\\/\\\/shop.axiell.com\\\/#website\"},\"primaryImageOfPage\":{\"@id\":\"https:\\\/\\\/shop.axiell.com\\\/fi\\\/tuote\\\/barcode-labels-kopia-kopia\\\/#primaryimage\"},\"image\":{\"@id\":\"https:\\\/\\\/shop.axiell.com\\\/fi\\\/tuote\\\/barcode-labels-kopia-kopia\\\/#primaryimage\"},\"thumbnailUrl\":\"https:\\\/\\\/shop.axiell.com\\\/wp-content\\\/uploads\\\/2022\\\/11\\\/2680.jpg\",\"datePublished\":\"2022-11-09T13:52:36+00:00\",\"dateModified\":\"2024-03-13T13:04:09+00:00\",\"breadcrumb\":{\"@id\":\"https:\\\/\\\/shop.axiell.com\\\/fi\\\/tuote\\\/barcode-labels-kopia-kopia\\\/#breadcrumb\"},\"inLanguage\":\"fi\",\"potentialAction\":[{\"@type\":\"ReadAction\",\"target\":[\"https:\\\/\\\/shop.axiell.com\\\/fi\\\/tuote\\\/barcode-labels-kopia-kopia\\\/\"]}]},{\"@type\":\"ImageObject\",\"inLanguage\":\"fi\",\"@id\":\"https:\\\/\\\/shop.axiell.com\\\/fi\\\/tuote\\\/barcode-labels-kopia-kopia\\\/#primaryimage\",\"url\":\"https:\\\/\\\/shop.axiell.com\\\/wp-content\\\/uploads\\\/2022\\\/11\\\/2680.jpg\",\"contentUrl\":\"https:\\\/\\\/shop.axiell.com\\\/wp-content\\\/uploads\\\/2022\\\/11\\\/2680.jpg\",\"width\":222,\"height\":72},{\"@type\":\"BreadcrumbList\",\"@id\":\"https:\\\/\\\/shop.axiell.com\\\/fi\\\/tuote\\\/barcode-labels-kopia-kopia\\\/#breadcrumb\",\"itemListElement\":[{\"@type\":\"ListItem\",\"position\":1,\"name\":\"Home\",\"item\":\"https:\\\/\\\/shop.axiell.com\\\/fi\\\/\"},{\"@type\":\"ListItem\",\"position\":2,\"name\":\"Verkkokauppa\",\"item\":\"https:\\\/\\\/shop.axiell.com\\\/fi\\\/verkkokauppa\\\/\"},{\"@type\":\"ListItem\",\"position\":3,\"name\":\"Viivakooditarra neutral Code128 -800\"}]},{\"@type\":\"WebSite\",\"@id\":\"https:\\\/\\\/shop.axiell.com\\\/#website\",\"url\":\"https:\\\/\\\/shop.axiell.com\\\/\",\"name\":\"AxiellDirekt\",\"description\":\"Axiell webshop, dedicated to libraries\",\"publisher\":{\"@id\":\"https:\\\/\\\/shop.axiell.com\\\/#organization\"},\"potentialAction\":[{\"@type\":\"SearchAction\",\"target\":{\"@type\":\"EntryPoint\",\"urlTemplate\":\"https:\\\/\\\/shop.axiell.com\\\/?s={search_term_string}\"},\"query-input\":{\"@type\":\"PropertyValueSpecification\",\"valueRequired\":true,\"valueName\":\"search_term_string\"}}],\"inLanguage\":\"fi\"},{\"@type\":\"Organization\",\"@id\":\"https:\\\/\\\/shop.axiell.com\\\/#organization\",\"name\":\"AxiellDirekt\",\"url\":\"https:\\\/\\\/shop.axiell.com\\\/\",\"logo\":{\"@type\":\"ImageObject\",\"inLanguage\":\"fi\",\"@id\":\"https:\\\/\\\/shop.axiell.com\\\/#\\\/schema\\\/logo\\\/image\\\/\",\"url\":\"https:\\\/\\\/shop.axiell.com\\\/wp-content\\\/uploads\\\/2019\\\/05\\\/cropped-axiell-logo@2.png\",\"contentUrl\":\"https:\\\/\\\/shop.axiell.com\\\/wp-content\\\/uploads\\\/2019\\\/05\\\/cropped-axiell-logo@2.png\",\"width\":225,\"height\":60,\"caption\":\"AxiellDirekt\"},\"image\":{\"@id\":\"https:\\\/\\\/shop.axiell.com\\\/#\\\/schema\\\/logo\\\/image\\\/\"}}]}<\/script>\n<!-- \/ Yoast SEO Premium plugin. -->","yoast_head_json":{"title":"Viivakooditarra neutral Code128 -800 | AxiellDirekt","robots":{"index":"index","follow":"follow","max-snippet":"max-snippet:-1","max-image-preview":"max-image-preview:large","max-video-preview":"max-video-preview:-1"},"canonical":"https:\/\/shop.axiell.com\/fi\/tuote\/barcode-labels-kopia-kopia\/","og_locale":"fi_FI","og_type":"article","og_title":"Viivakooditarra neutral Code128 -800","og_description":"T\u00e4m\u00e4 on niin sanottu sokkotarra, joka liimataan kirjan takakanteen. Koodityyppi on Code128. T\u00e4m\u00e4 tarratyyppi sopii WeLib-asiakkaillemme. Tarrat toimitetaan rullana. Minimitilausm\u00e4\u00e4r\u00e4 on 1000 tarraa eli yksi rulla.  &nbsp;","og_url":"https:\/\/shop.axiell.com\/fi\/tuote\/barcode-labels-kopia-kopia\/","og_site_name":"AxiellDirekt","article_modified_time":"2024-03-13T13:04:09+00:00","og_image":[{"width":222,"height":72,"url":"https:\/\/shop.axiell.com\/wp-content\/uploads\/2022\/11\/2680.jpg","type":"image\/jpeg"}],"twitter_card":"summary_large_image","schema":{"@context":"https:\/\/schema.org","@graph":[{"@type":"WebPage","@id":"https:\/\/shop.axiell.com\/fi\/tuote\/barcode-labels-kopia-kopia\/","url":"https:\/\/shop.axiell.com\/fi\/tuote\/barcode-labels-kopia-kopia\/","name":"Viivakooditarra neutral Code128 -800 | AxiellDirekt","isPartOf":{"@id":"https:\/\/shop.axiell.com\/#website"},"primaryImageOfPage":{"@id":"https:\/\/shop.axiell.com\/fi\/tuote\/barcode-labels-kopia-kopia\/#primaryimage"},"image":{"@id":"https:\/\/shop.axiell.com\/fi\/tuote\/barcode-labels-kopia-kopia\/#primaryimage"},"thumbnailUrl":"https:\/\/shop.axiell.com\/wp-content\/uploads\/2022\/11\/2680.jpg","datePublished":"2022-11-09T13:52:36+00:00","dateModified":"2024-03-13T13:04:09+00:00","breadcrumb":{"@id":"https:\/\/shop.axiell.com\/fi\/tuote\/barcode-labels-kopia-kopia\/#breadcrumb"},"inLanguage":"fi","potentialAction":[{"@type":"ReadAction","target":["https:\/\/shop.axiell.com\/fi\/tuote\/barcode-labels-kopia-kopia\/"]}]},{"@type":"ImageObject","inLanguage":"fi","@id":"https:\/\/shop.axiell.com\/fi\/tuote\/barcode-labels-kopia-kopia\/#primaryimage","url":"https:\/\/shop.axiell.com\/wp-content\/uploads\/2022\/11\/2680.jpg","contentUrl":"https:\/\/shop.axiell.com\/wp-content\/uploads\/2022\/11\/2680.jpg","width":222,"height":72},{"@type":"BreadcrumbList","@id":"https:\/\/shop.axiell.com\/fi\/tuote\/barcode-labels-kopia-kopia\/#breadcrumb","itemListElement":[{"@type":"ListItem","position":1,"name":"Home","item":"https:\/\/shop.axiell.com\/fi\/"},{"@type":"ListItem","position":2,"name":"Verkkokauppa","item":"https:\/\/shop.axiell.com\/fi\/verkkokauppa\/"},{"@type":"ListItem","position":3,"name":"Viivakooditarra neutral Code128 -800"}]},{"@type":"WebSite","@id":"https:\/\/shop.axiell.com\/#website","url":"https:\/\/shop.axiell.com\/","name":"AxiellDirekt","description":"Axiell webshop, dedicated to libraries","publisher":{"@id":"https:\/\/shop.axiell.com\/#organization"},"potentialAction":[{"@type":"SearchAction","target":{"@type":"EntryPoint","urlTemplate":"https:\/\/shop.axiell.com\/?s={search_term_string}"},"query-input":{"@type":"PropertyValueSpecification","valueRequired":true,"valueName":"search_term_string"}}],"inLanguage":"fi"},{"@type":"Organization","@id":"https:\/\/shop.axiell.com\/#organization","name":"AxiellDirekt","url":"https:\/\/shop.axiell.com\/","logo":{"@type":"ImageObject","inLanguage":"fi","@id":"https:\/\/shop.axiell.com\/#\/schema\/logo\/image\/","url":"https:\/\/shop.axiell.com\/wp-content\/uploads\/2019\/05\/cropped-axiell-logo@2.png","contentUrl":"https:\/\/shop.axiell.com\/wp-content\/uploads\/2019\/05\/cropped-axiell-logo@2.png","width":225,"height":60,"caption":"AxiellDirekt"},"image":{"@id":"https:\/\/shop.axiell.com\/#\/schema\/logo\/image\/"}}]}},"_links":{"self":[{"href":"https:\/\/shop.axiell.com\/fi\/wp-json\/wp\/v2\/product\/9988","targetHints":{"allow":["GET"]}}],"collection":[{"href":"https:\/\/shop.axiell.com\/fi\/wp-json\/wp\/v2\/product"}],"about":[{"href":"https:\/\/shop.axiell.com\/fi\/wp-json\/wp\/v2\/types\/product"}],"wp:featuredmedia":[{"embeddable":true,"href":"https:\/\/shop.axiell.com\/fi\/wp-json\/wp\/v2\/media\/8242"}],"wp:attachment":[{"href":"https:\/\/shop.axiell.com\/fi\/wp-json\/wp\/v2\/media?parent=9988"}],"wp:term":[{"taxonomy":"product_brand","embeddable":true,"href":"https:\/\/shop.axiell.com\/fi\/wp-json\/wp\/v2\/product_brand?post=9988"},{"taxonomy":"product_cat","embeddable":true,"href":"https:\/\/shop.axiell.com\/fi\/wp-json\/wp\/v2\/product_cat?post=9988"},{"taxonomy":"product_tag","embeddable":true,"href":"https:\/\/shop.axiell.com\/fi\/wp-json\/wp\/v2\/product_tag?post=9988"}],"curies":[{"name":"wp","href":"https:\/\/api.w.org\/{rel}","templated":true}]}}