{"id":9960,"date":"2017-10-19T07:22:34","date_gmt":"2017-10-19T07:22:34","guid":{"rendered":"https:\/\/shop.axiell.com\/product\/zebra-gk420t-tarratulostin\/"},"modified":"2024-03-13T12:27:33","modified_gmt":"2024-03-13T12:27:33","slug":"zebra-gk420t-tarratulostin","status":"publish","type":"product","link":"https:\/\/shop.axiell.com\/fi\/tuote\/zebra-gk420t-tarratulostin\/","title":{"rendered":"ZEBRA ZD421 -tarratulostin"},"content":{"rendered":"<p>ZD421 &#8211; paras suorituskyky edulliseen hintaan.<\/p>\n<p>ZD421 on jotain tavallisuudesta poikkeavaa. Vaikka kyseess\u00e4 on Zebran G-sarjan halvempi versio, ZD421-tarratulostin tarjoaa uskomattoman suorituskyvyn. T\u00e4ss\u00e4 puhutaan todella p\u00f6yt\u00e4tarratulostimien seuraavasta sukupolvesta.<\/p>\n<p>T\u00e4m\u00e4 suoral\u00e4mp\u00f6kirjoitin on helppo liitt\u00e4\u00e4 USB- tai verkkoyhteyden kautta.<\/p>\n<p>Tulostin on niin helppok\u00e4ytt\u00f6inen, ett\u00e4 jopa aloittelijat p\u00e4\u00e4sev\u00e4t nopeasti aloittamaan tarrojen tulostamisen.<\/p>\n<p>Huomioithan, ett\u00e4 tulostintilaus ei sis\u00e4ll\u00e4 v\u00e4rinauhoja eik\u00e4 tarroja, jotka on tilattava erikseen. T\u00e4h\u00e4n tulostimeen sopii verkkokauppamme Zebra-v\u00e4rinauha. Katso kirjoittimen kanssa yhteensopivat v\u00e4rinauhat ja tarrat.<\/p>\n<p>Art.nro: 5072<\/p>\n<p>&nbsp;<\/p>\n","protected":false},"excerpt":{"rendered":"<p>Tulostin on suunniteltu niin helppok\u00e4ytt\u00f6iseksi, ett\u00e4 jopa aloittelijat p\u00e4\u00e4sev\u00e4t nopeasti aloittamaan tarrojen tulostamisen.<br \/>\nKuittikirjoitin on yhteensopiva esimerkiksi Quria-j\u00e4rjestelm\u00e4n kanssa.<\/p>\n","protected":false},"featured_media":2551,"template":"","meta":[],"product_brand":[],"product_cat":[1391,37],"product_tag":[1392],"class_list":{"0":"post-9960","1":"product","2":"type-product","3":"status-publish","4":"has-post-thumbnail","6":"product_cat-tarratulostimet","7":"product_cat-tulostimet","8":"product_tag-zebra-fi","10":"first","11":"instock","12":"taxable","13":"shipping-taxable","14":"purchasable","15":"product-type-simple"},"yoast_head":"<!-- This site is optimized with the Yoast SEO Premium plugin v27.5 (Yoast SEO v27.5) - https:\/\/yoast.com\/product\/yoast-seo-premium-wordpress\/ -->\n<title>ZEBRA ZD421 -tarratulostin | AxiellDirekt<\/title>\n<meta name=\"robots\" content=\"index, follow, max-snippet:-1, max-image-preview:large, max-video-preview:-1\" \/>\n<link rel=\"canonical\" href=\"https:\/\/shop.axiell.com\/fi\/tuote\/zebra-gk420t-tarratulostin\/\" \/>\n<meta property=\"og:locale\" content=\"fi_FI\" \/>\n<meta property=\"og:type\" content=\"article\" \/>\n<meta property=\"og:title\" content=\"ZEBRA ZD421 -tarratulostin\" \/>\n<meta property=\"og:description\" content=\"Tulostin on suunniteltu niin helppok\u00e4ytt\u00f6iseksi, ett\u00e4 jopa aloittelijat p\u00e4\u00e4sev\u00e4t nopeasti aloittamaan tarrojen tulostamisen. Kuittikirjoitin on yhteensopiva esimerkiksi Quria-j\u00e4rjestelm\u00e4n kanssa.\" \/>\n<meta property=\"og:url\" content=\"https:\/\/shop.axiell.com\/fi\/tuote\/zebra-gk420t-tarratulostin\/\" \/>\n<meta property=\"og:site_name\" content=\"AxiellDirekt\" \/>\n<meta property=\"article:modified_time\" content=\"2024-03-13T12:27:33+00:00\" \/>\n<meta property=\"og:image\" content=\"https:\/\/shop.axiell.com\/wp-content\/uploads\/2017\/10\/gk420t-2.jpg\" \/>\n\t<meta property=\"og:image:width\" content=\"400\" \/>\n\t<meta property=\"og:image:height\" content=\"400\" \/>\n\t<meta property=\"og:image:type\" content=\"image\/jpeg\" \/>\n<meta name=\"twitter:card\" content=\"summary_large_image\" \/>\n<script type=\"application\/ld+json\" class=\"yoast-schema-graph\">{\"@context\":\"https:\\\/\\\/schema.org\",\"@graph\":[{\"@type\":\"WebPage\",\"@id\":\"https:\\\/\\\/shop.axiell.com\\\/fi\\\/tuote\\\/zebra-gk420t-tarratulostin\\\/\",\"url\":\"https:\\\/\\\/shop.axiell.com\\\/fi\\\/tuote\\\/zebra-gk420t-tarratulostin\\\/\",\"name\":\"ZEBRA ZD421 -tarratulostin | AxiellDirekt\",\"isPartOf\":{\"@id\":\"https:\\\/\\\/shop.axiell.com\\\/#website\"},\"primaryImageOfPage\":{\"@id\":\"https:\\\/\\\/shop.axiell.com\\\/fi\\\/tuote\\\/zebra-gk420t-tarratulostin\\\/#primaryimage\"},\"image\":{\"@id\":\"https:\\\/\\\/shop.axiell.com\\\/fi\\\/tuote\\\/zebra-gk420t-tarratulostin\\\/#primaryimage\"},\"thumbnailUrl\":\"https:\\\/\\\/shop.axiell.com\\\/wp-content\\\/uploads\\\/2017\\\/10\\\/gk420t-2.jpg\",\"datePublished\":\"2017-10-19T07:22:34+00:00\",\"dateModified\":\"2024-03-13T12:27:33+00:00\",\"breadcrumb\":{\"@id\":\"https:\\\/\\\/shop.axiell.com\\\/fi\\\/tuote\\\/zebra-gk420t-tarratulostin\\\/#breadcrumb\"},\"inLanguage\":\"fi\",\"potentialAction\":[{\"@type\":\"ReadAction\",\"target\":[\"https:\\\/\\\/shop.axiell.com\\\/fi\\\/tuote\\\/zebra-gk420t-tarratulostin\\\/\"]}]},{\"@type\":\"ImageObject\",\"inLanguage\":\"fi\",\"@id\":\"https:\\\/\\\/shop.axiell.com\\\/fi\\\/tuote\\\/zebra-gk420t-tarratulostin\\\/#primaryimage\",\"url\":\"https:\\\/\\\/shop.axiell.com\\\/wp-content\\\/uploads\\\/2017\\\/10\\\/gk420t-2.jpg\",\"contentUrl\":\"https:\\\/\\\/shop.axiell.com\\\/wp-content\\\/uploads\\\/2017\\\/10\\\/gk420t-2.jpg\",\"width\":400,\"height\":400},{\"@type\":\"BreadcrumbList\",\"@id\":\"https:\\\/\\\/shop.axiell.com\\\/fi\\\/tuote\\\/zebra-gk420t-tarratulostin\\\/#breadcrumb\",\"itemListElement\":[{\"@type\":\"ListItem\",\"position\":1,\"name\":\"Home\",\"item\":\"https:\\\/\\\/shop.axiell.com\\\/fi\\\/\"},{\"@type\":\"ListItem\",\"position\":2,\"name\":\"Verkkokauppa\",\"item\":\"https:\\\/\\\/shop.axiell.com\\\/fi\\\/verkkokauppa\\\/\"},{\"@type\":\"ListItem\",\"position\":3,\"name\":\"ZEBRA ZD421 -tarratulostin\"}]},{\"@type\":\"WebSite\",\"@id\":\"https:\\\/\\\/shop.axiell.com\\\/#website\",\"url\":\"https:\\\/\\\/shop.axiell.com\\\/\",\"name\":\"AxiellDirekt\",\"description\":\"Axiell webshop, dedicated to libraries\",\"publisher\":{\"@id\":\"https:\\\/\\\/shop.axiell.com\\\/#organization\"},\"potentialAction\":[{\"@type\":\"SearchAction\",\"target\":{\"@type\":\"EntryPoint\",\"urlTemplate\":\"https:\\\/\\\/shop.axiell.com\\\/?s={search_term_string}\"},\"query-input\":{\"@type\":\"PropertyValueSpecification\",\"valueRequired\":true,\"valueName\":\"search_term_string\"}}],\"inLanguage\":\"fi\"},{\"@type\":\"Organization\",\"@id\":\"https:\\\/\\\/shop.axiell.com\\\/#organization\",\"name\":\"AxiellDirekt\",\"url\":\"https:\\\/\\\/shop.axiell.com\\\/\",\"logo\":{\"@type\":\"ImageObject\",\"inLanguage\":\"fi\",\"@id\":\"https:\\\/\\\/shop.axiell.com\\\/#\\\/schema\\\/logo\\\/image\\\/\",\"url\":\"https:\\\/\\\/shop.axiell.com\\\/wp-content\\\/uploads\\\/2019\\\/05\\\/cropped-axiell-logo@2.png\",\"contentUrl\":\"https:\\\/\\\/shop.axiell.com\\\/wp-content\\\/uploads\\\/2019\\\/05\\\/cropped-axiell-logo@2.png\",\"width\":225,\"height\":60,\"caption\":\"AxiellDirekt\"},\"image\":{\"@id\":\"https:\\\/\\\/shop.axiell.com\\\/#\\\/schema\\\/logo\\\/image\\\/\"}}]}<\/script>\n<!-- \/ Yoast SEO Premium plugin. -->","yoast_head_json":{"title":"ZEBRA ZD421 -tarratulostin | AxiellDirekt","robots":{"index":"index","follow":"follow","max-snippet":"max-snippet:-1","max-image-preview":"max-image-preview:large","max-video-preview":"max-video-preview:-1"},"canonical":"https:\/\/shop.axiell.com\/fi\/tuote\/zebra-gk420t-tarratulostin\/","og_locale":"fi_FI","og_type":"article","og_title":"ZEBRA ZD421 -tarratulostin","og_description":"Tulostin on suunniteltu niin helppok\u00e4ytt\u00f6iseksi, ett\u00e4 jopa aloittelijat p\u00e4\u00e4sev\u00e4t nopeasti aloittamaan tarrojen tulostamisen. Kuittikirjoitin on yhteensopiva esimerkiksi Quria-j\u00e4rjestelm\u00e4n kanssa.","og_url":"https:\/\/shop.axiell.com\/fi\/tuote\/zebra-gk420t-tarratulostin\/","og_site_name":"AxiellDirekt","article_modified_time":"2024-03-13T12:27:33+00:00","og_image":[{"width":400,"height":400,"url":"https:\/\/shop.axiell.com\/wp-content\/uploads\/2017\/10\/gk420t-2.jpg","type":"image\/jpeg"}],"twitter_card":"summary_large_image","schema":{"@context":"https:\/\/schema.org","@graph":[{"@type":"WebPage","@id":"https:\/\/shop.axiell.com\/fi\/tuote\/zebra-gk420t-tarratulostin\/","url":"https:\/\/shop.axiell.com\/fi\/tuote\/zebra-gk420t-tarratulostin\/","name":"ZEBRA ZD421 -tarratulostin | AxiellDirekt","isPartOf":{"@id":"https:\/\/shop.axiell.com\/#website"},"primaryImageOfPage":{"@id":"https:\/\/shop.axiell.com\/fi\/tuote\/zebra-gk420t-tarratulostin\/#primaryimage"},"image":{"@id":"https:\/\/shop.axiell.com\/fi\/tuote\/zebra-gk420t-tarratulostin\/#primaryimage"},"thumbnailUrl":"https:\/\/shop.axiell.com\/wp-content\/uploads\/2017\/10\/gk420t-2.jpg","datePublished":"2017-10-19T07:22:34+00:00","dateModified":"2024-03-13T12:27:33+00:00","breadcrumb":{"@id":"https:\/\/shop.axiell.com\/fi\/tuote\/zebra-gk420t-tarratulostin\/#breadcrumb"},"inLanguage":"fi","potentialAction":[{"@type":"ReadAction","target":["https:\/\/shop.axiell.com\/fi\/tuote\/zebra-gk420t-tarratulostin\/"]}]},{"@type":"ImageObject","inLanguage":"fi","@id":"https:\/\/shop.axiell.com\/fi\/tuote\/zebra-gk420t-tarratulostin\/#primaryimage","url":"https:\/\/shop.axiell.com\/wp-content\/uploads\/2017\/10\/gk420t-2.jpg","contentUrl":"https:\/\/shop.axiell.com\/wp-content\/uploads\/2017\/10\/gk420t-2.jpg","width":400,"height":400},{"@type":"BreadcrumbList","@id":"https:\/\/shop.axiell.com\/fi\/tuote\/zebra-gk420t-tarratulostin\/#breadcrumb","itemListElement":[{"@type":"ListItem","position":1,"name":"Home","item":"https:\/\/shop.axiell.com\/fi\/"},{"@type":"ListItem","position":2,"name":"Verkkokauppa","item":"https:\/\/shop.axiell.com\/fi\/verkkokauppa\/"},{"@type":"ListItem","position":3,"name":"ZEBRA ZD421 -tarratulostin"}]},{"@type":"WebSite","@id":"https:\/\/shop.axiell.com\/#website","url":"https:\/\/shop.axiell.com\/","name":"AxiellDirekt","description":"Axiell webshop, dedicated to libraries","publisher":{"@id":"https:\/\/shop.axiell.com\/#organization"},"potentialAction":[{"@type":"SearchAction","target":{"@type":"EntryPoint","urlTemplate":"https:\/\/shop.axiell.com\/?s={search_term_string}"},"query-input":{"@type":"PropertyValueSpecification","valueRequired":true,"valueName":"search_term_string"}}],"inLanguage":"fi"},{"@type":"Organization","@id":"https:\/\/shop.axiell.com\/#organization","name":"AxiellDirekt","url":"https:\/\/shop.axiell.com\/","logo":{"@type":"ImageObject","inLanguage":"fi","@id":"https:\/\/shop.axiell.com\/#\/schema\/logo\/image\/","url":"https:\/\/shop.axiell.com\/wp-content\/uploads\/2019\/05\/cropped-axiell-logo@2.png","contentUrl":"https:\/\/shop.axiell.com\/wp-content\/uploads\/2019\/05\/cropped-axiell-logo@2.png","width":225,"height":60,"caption":"AxiellDirekt"},"image":{"@id":"https:\/\/shop.axiell.com\/#\/schema\/logo\/image\/"}}]}},"_links":{"self":[{"href":"https:\/\/shop.axiell.com\/fi\/wp-json\/wp\/v2\/product\/9960","targetHints":{"allow":["GET"]}}],"collection":[{"href":"https:\/\/shop.axiell.com\/fi\/wp-json\/wp\/v2\/product"}],"about":[{"href":"https:\/\/shop.axiell.com\/fi\/wp-json\/wp\/v2\/types\/product"}],"wp:featuredmedia":[{"embeddable":true,"href":"https:\/\/shop.axiell.com\/fi\/wp-json\/wp\/v2\/media\/2551"}],"wp:attachment":[{"href":"https:\/\/shop.axiell.com\/fi\/wp-json\/wp\/v2\/media?parent=9960"}],"wp:term":[{"taxonomy":"product_brand","embeddable":true,"href":"https:\/\/shop.axiell.com\/fi\/wp-json\/wp\/v2\/product_brand?post=9960"},{"taxonomy":"product_cat","embeddable":true,"href":"https:\/\/shop.axiell.com\/fi\/wp-json\/wp\/v2\/product_cat?post=9960"},{"taxonomy":"product_tag","embeddable":true,"href":"https:\/\/shop.axiell.com\/fi\/wp-json\/wp\/v2\/product_tag?post=9960"}],"curies":[{"name":"wp","href":"https:\/\/api.w.org\/{rel}","templated":true}]}}