{"id":882,"date":"2017-06-05T07:46:48","date_gmt":"2017-06-05T07:46:48","guid":{"rendered":"\/product\/datalogic-gryphon-gd4130\/"},"modified":"2021-11-30T10:30:45","modified_gmt":"2021-11-30T10:30:45","slug":"datalogic-gryphon-gd4130","status":"publish","type":"product","link":"https:\/\/shop.axiell.com\/fi\/tuote\/datalogic-gryphon-gd4130\/","title":{"rendered":"Datalogic Gryphon GD4220"},"content":{"rendered":"<p>Datalogicin GD4220 lukee tavallisia lineaarisia viivakoodeja 0\u201320 cm et\u00e4isyydelt\u00e4.<\/p>\n<p>Lukee koodin nopeasti ja oikein jo ensimm\u00e4isell\u00e4 lukukerralla. GD4220 voidaan ohjelmoida lukemaan kaikkia markkinoiden tavallisimpia viivakoodeja. Lukijassa on Datalogicin patentoitu \u201dvihre\u00e4 piste\u201d, joka antaa palautteen onnistuneesta lukutapahtumasta. K\u00e4ytt\u00e4j\u00e4 sek\u00e4 n\u00e4kee ett\u00e4 kuulee, kun koodi on luettu.<\/p>\n<p>P\u00f6yt\u00e4telineen kanssa k\u00e4ytettyn\u00e4 sinun ei tarvitse edes ottaa lukijaa k\u00e4teen viivakoodin lukemista varten. Sinun tarvitsee vain asettaa viivakoodi lukijan valos\u00e4teen alle.<\/p>\n<p>Toimitetaan ohjelmoituna, mukana USB-johto. P\u00f6yt\u00e4teline kuuluu hintaan.<\/p>\n<p>Toimii esimerkiksi Aurora-kirjastoj\u00e4rjestelm\u00e4n kanssa.<\/p>\n<p>Takuu 5 vuotta.<\/p>\n","protected":false},"excerpt":{"rendered":"<p>Axiellin verkkokaupan suosituin malli! Datalogic GD4220 lukee tavallisia lineaarisia viivakoodeja 0\u201320 cm et\u00e4isyydelt\u00e4.<\/p>\n<p>&nbsp;<\/p>\n","protected":false},"featured_media":881,"template":"","meta":[],"product_brand":[],"product_cat":[42,41],"product_tag":[35],"class_list":{"0":"post-882","1":"product","2":"type-product","3":"status-publish","4":"has-post-thumbnail","6":"product_cat-kasilukijat","7":"product_cat-lukijat","8":"product_tag-datalogic-fi","10":"first","11":"instock","12":"featured","13":"taxable","14":"shipping-taxable","15":"purchasable","16":"product-type-simple"},"yoast_head":"<!-- This site is optimized with the Yoast SEO Premium plugin v27.5 (Yoast SEO v27.5) - https:\/\/yoast.com\/product\/yoast-seo-premium-wordpress\/ -->\n<title>Datalogic Gryphon GD4220 | AxiellDirekt<\/title>\n<meta name=\"robots\" content=\"index, follow, max-snippet:-1, max-image-preview:large, max-video-preview:-1\" \/>\n<link rel=\"canonical\" href=\"https:\/\/shop.axiell.com\/fi\/tuote\/datalogic-gryphon-gd4130\/\" \/>\n<meta property=\"og:locale\" content=\"fi_FI\" \/>\n<meta property=\"og:type\" content=\"article\" \/>\n<meta property=\"og:title\" content=\"Datalogic Gryphon GD4220\" \/>\n<meta property=\"og:description\" content=\"Axiellin verkkokaupan suosituin malli! Datalogic GD4220 lukee tavallisia lineaarisia viivakoodeja 0\u201320 cm et\u00e4isyydelt\u00e4.  &nbsp;\" \/>\n<meta property=\"og:url\" content=\"https:\/\/shop.axiell.com\/fi\/tuote\/datalogic-gryphon-gd4130\/\" \/>\n<meta property=\"og:site_name\" content=\"AxiellDirekt\" \/>\n<meta property=\"article:modified_time\" content=\"2021-11-30T10:30:45+00:00\" \/>\n<meta property=\"og:image\" content=\"https:\/\/shop.axiell.com\/wp-content\/uploads\/2017\/06\/Datalogic-Gryphon-GD4130.jpg\" \/>\n\t<meta property=\"og:image:width\" content=\"400\" \/>\n\t<meta property=\"og:image:height\" content=\"400\" \/>\n\t<meta property=\"og:image:type\" content=\"image\/jpeg\" \/>\n<meta name=\"twitter:card\" content=\"summary_large_image\" \/>\n<script type=\"application\/ld+json\" class=\"yoast-schema-graph\">{\"@context\":\"https:\\\/\\\/schema.org\",\"@graph\":[{\"@type\":\"WebPage\",\"@id\":\"https:\\\/\\\/shop.axiell.com\\\/fi\\\/tuote\\\/datalogic-gryphon-gd4130\\\/\",\"url\":\"https:\\\/\\\/shop.axiell.com\\\/fi\\\/tuote\\\/datalogic-gryphon-gd4130\\\/\",\"name\":\"Datalogic Gryphon GD4220 | AxiellDirekt\",\"isPartOf\":{\"@id\":\"https:\\\/\\\/shop.axiell.com\\\/#website\"},\"primaryImageOfPage\":{\"@id\":\"https:\\\/\\\/shop.axiell.com\\\/fi\\\/tuote\\\/datalogic-gryphon-gd4130\\\/#primaryimage\"},\"image\":{\"@id\":\"https:\\\/\\\/shop.axiell.com\\\/fi\\\/tuote\\\/datalogic-gryphon-gd4130\\\/#primaryimage\"},\"thumbnailUrl\":\"https:\\\/\\\/shop.axiell.com\\\/wp-content\\\/uploads\\\/2017\\\/06\\\/Datalogic-Gryphon-GD4130.jpg\",\"datePublished\":\"2017-06-05T07:46:48+00:00\",\"dateModified\":\"2021-11-30T10:30:45+00:00\",\"breadcrumb\":{\"@id\":\"https:\\\/\\\/shop.axiell.com\\\/fi\\\/tuote\\\/datalogic-gryphon-gd4130\\\/#breadcrumb\"},\"inLanguage\":\"fi\",\"potentialAction\":[{\"@type\":\"ReadAction\",\"target\":[\"https:\\\/\\\/shop.axiell.com\\\/fi\\\/tuote\\\/datalogic-gryphon-gd4130\\\/\"]}]},{\"@type\":\"ImageObject\",\"inLanguage\":\"fi\",\"@id\":\"https:\\\/\\\/shop.axiell.com\\\/fi\\\/tuote\\\/datalogic-gryphon-gd4130\\\/#primaryimage\",\"url\":\"https:\\\/\\\/shop.axiell.com\\\/wp-content\\\/uploads\\\/2017\\\/06\\\/Datalogic-Gryphon-GD4130.jpg\",\"contentUrl\":\"https:\\\/\\\/shop.axiell.com\\\/wp-content\\\/uploads\\\/2017\\\/06\\\/Datalogic-Gryphon-GD4130.jpg\",\"width\":400,\"height\":400,\"caption\":\"Datalogic Gryphon GD4130\"},{\"@type\":\"BreadcrumbList\",\"@id\":\"https:\\\/\\\/shop.axiell.com\\\/fi\\\/tuote\\\/datalogic-gryphon-gd4130\\\/#breadcrumb\",\"itemListElement\":[{\"@type\":\"ListItem\",\"position\":1,\"name\":\"Home\",\"item\":\"https:\\\/\\\/shop.axiell.com\\\/fi\\\/\"},{\"@type\":\"ListItem\",\"position\":2,\"name\":\"Verkkokauppa\",\"item\":\"https:\\\/\\\/shop.axiell.com\\\/fi\\\/verkkokauppa\\\/\"},{\"@type\":\"ListItem\",\"position\":3,\"name\":\"Datalogic Gryphon GD4220\"}]},{\"@type\":\"WebSite\",\"@id\":\"https:\\\/\\\/shop.axiell.com\\\/#website\",\"url\":\"https:\\\/\\\/shop.axiell.com\\\/\",\"name\":\"AxiellDirekt\",\"description\":\"Axiell webshop, dedicated to libraries\",\"publisher\":{\"@id\":\"https:\\\/\\\/shop.axiell.com\\\/#organization\"},\"potentialAction\":[{\"@type\":\"SearchAction\",\"target\":{\"@type\":\"EntryPoint\",\"urlTemplate\":\"https:\\\/\\\/shop.axiell.com\\\/?s={search_term_string}\"},\"query-input\":{\"@type\":\"PropertyValueSpecification\",\"valueRequired\":true,\"valueName\":\"search_term_string\"}}],\"inLanguage\":\"fi\"},{\"@type\":\"Organization\",\"@id\":\"https:\\\/\\\/shop.axiell.com\\\/#organization\",\"name\":\"AxiellDirekt\",\"url\":\"https:\\\/\\\/shop.axiell.com\\\/\",\"logo\":{\"@type\":\"ImageObject\",\"inLanguage\":\"fi\",\"@id\":\"https:\\\/\\\/shop.axiell.com\\\/#\\\/schema\\\/logo\\\/image\\\/\",\"url\":\"https:\\\/\\\/shop.axiell.com\\\/wp-content\\\/uploads\\\/2019\\\/05\\\/cropped-axiell-logo@2.png\",\"contentUrl\":\"https:\\\/\\\/shop.axiell.com\\\/wp-content\\\/uploads\\\/2019\\\/05\\\/cropped-axiell-logo@2.png\",\"width\":225,\"height\":60,\"caption\":\"AxiellDirekt\"},\"image\":{\"@id\":\"https:\\\/\\\/shop.axiell.com\\\/#\\\/schema\\\/logo\\\/image\\\/\"}}]}<\/script>\n<!-- \/ Yoast SEO Premium plugin. -->","yoast_head_json":{"title":"Datalogic Gryphon GD4220 | AxiellDirekt","robots":{"index":"index","follow":"follow","max-snippet":"max-snippet:-1","max-image-preview":"max-image-preview:large","max-video-preview":"max-video-preview:-1"},"canonical":"https:\/\/shop.axiell.com\/fi\/tuote\/datalogic-gryphon-gd4130\/","og_locale":"fi_FI","og_type":"article","og_title":"Datalogic Gryphon GD4220","og_description":"Axiellin verkkokaupan suosituin malli! Datalogic GD4220 lukee tavallisia lineaarisia viivakoodeja 0\u201320 cm et\u00e4isyydelt\u00e4.  &nbsp;","og_url":"https:\/\/shop.axiell.com\/fi\/tuote\/datalogic-gryphon-gd4130\/","og_site_name":"AxiellDirekt","article_modified_time":"2021-11-30T10:30:45+00:00","og_image":[{"width":400,"height":400,"url":"https:\/\/shop.axiell.com\/wp-content\/uploads\/2017\/06\/Datalogic-Gryphon-GD4130.jpg","type":"image\/jpeg"}],"twitter_card":"summary_large_image","schema":{"@context":"https:\/\/schema.org","@graph":[{"@type":"WebPage","@id":"https:\/\/shop.axiell.com\/fi\/tuote\/datalogic-gryphon-gd4130\/","url":"https:\/\/shop.axiell.com\/fi\/tuote\/datalogic-gryphon-gd4130\/","name":"Datalogic Gryphon GD4220 | AxiellDirekt","isPartOf":{"@id":"https:\/\/shop.axiell.com\/#website"},"primaryImageOfPage":{"@id":"https:\/\/shop.axiell.com\/fi\/tuote\/datalogic-gryphon-gd4130\/#primaryimage"},"image":{"@id":"https:\/\/shop.axiell.com\/fi\/tuote\/datalogic-gryphon-gd4130\/#primaryimage"},"thumbnailUrl":"https:\/\/shop.axiell.com\/wp-content\/uploads\/2017\/06\/Datalogic-Gryphon-GD4130.jpg","datePublished":"2017-06-05T07:46:48+00:00","dateModified":"2021-11-30T10:30:45+00:00","breadcrumb":{"@id":"https:\/\/shop.axiell.com\/fi\/tuote\/datalogic-gryphon-gd4130\/#breadcrumb"},"inLanguage":"fi","potentialAction":[{"@type":"ReadAction","target":["https:\/\/shop.axiell.com\/fi\/tuote\/datalogic-gryphon-gd4130\/"]}]},{"@type":"ImageObject","inLanguage":"fi","@id":"https:\/\/shop.axiell.com\/fi\/tuote\/datalogic-gryphon-gd4130\/#primaryimage","url":"https:\/\/shop.axiell.com\/wp-content\/uploads\/2017\/06\/Datalogic-Gryphon-GD4130.jpg","contentUrl":"https:\/\/shop.axiell.com\/wp-content\/uploads\/2017\/06\/Datalogic-Gryphon-GD4130.jpg","width":400,"height":400,"caption":"Datalogic Gryphon GD4130"},{"@type":"BreadcrumbList","@id":"https:\/\/shop.axiell.com\/fi\/tuote\/datalogic-gryphon-gd4130\/#breadcrumb","itemListElement":[{"@type":"ListItem","position":1,"name":"Home","item":"https:\/\/shop.axiell.com\/fi\/"},{"@type":"ListItem","position":2,"name":"Verkkokauppa","item":"https:\/\/shop.axiell.com\/fi\/verkkokauppa\/"},{"@type":"ListItem","position":3,"name":"Datalogic Gryphon GD4220"}]},{"@type":"WebSite","@id":"https:\/\/shop.axiell.com\/#website","url":"https:\/\/shop.axiell.com\/","name":"AxiellDirekt","description":"Axiell webshop, dedicated to libraries","publisher":{"@id":"https:\/\/shop.axiell.com\/#organization"},"potentialAction":[{"@type":"SearchAction","target":{"@type":"EntryPoint","urlTemplate":"https:\/\/shop.axiell.com\/?s={search_term_string}"},"query-input":{"@type":"PropertyValueSpecification","valueRequired":true,"valueName":"search_term_string"}}],"inLanguage":"fi"},{"@type":"Organization","@id":"https:\/\/shop.axiell.com\/#organization","name":"AxiellDirekt","url":"https:\/\/shop.axiell.com\/","logo":{"@type":"ImageObject","inLanguage":"fi","@id":"https:\/\/shop.axiell.com\/#\/schema\/logo\/image\/","url":"https:\/\/shop.axiell.com\/wp-content\/uploads\/2019\/05\/cropped-axiell-logo@2.png","contentUrl":"https:\/\/shop.axiell.com\/wp-content\/uploads\/2019\/05\/cropped-axiell-logo@2.png","width":225,"height":60,"caption":"AxiellDirekt"},"image":{"@id":"https:\/\/shop.axiell.com\/#\/schema\/logo\/image\/"}}]}},"_links":{"self":[{"href":"https:\/\/shop.axiell.com\/fi\/wp-json\/wp\/v2\/product\/882","targetHints":{"allow":["GET"]}}],"collection":[{"href":"https:\/\/shop.axiell.com\/fi\/wp-json\/wp\/v2\/product"}],"about":[{"href":"https:\/\/shop.axiell.com\/fi\/wp-json\/wp\/v2\/types\/product"}],"wp:featuredmedia":[{"embeddable":true,"href":"https:\/\/shop.axiell.com\/fi\/wp-json\/wp\/v2\/media\/881"}],"wp:attachment":[{"href":"https:\/\/shop.axiell.com\/fi\/wp-json\/wp\/v2\/media?parent=882"}],"wp:term":[{"taxonomy":"product_brand","embeddable":true,"href":"https:\/\/shop.axiell.com\/fi\/wp-json\/wp\/v2\/product_brand?post=882"},{"taxonomy":"product_cat","embeddable":true,"href":"https:\/\/shop.axiell.com\/fi\/wp-json\/wp\/v2\/product_cat?post=882"},{"taxonomy":"product_tag","embeddable":true,"href":"https:\/\/shop.axiell.com\/fi\/wp-json\/wp\/v2\/product_tag?post=882"}],"curies":[{"name":"wp","href":"https:\/\/api.w.org\/{rel}","templated":true}]}}