{"id":847,"date":"2017-05-15T11:23:02","date_gmt":"2017-05-15T11:23:02","guid":{"rendered":"\/product\/quickscan-qd2400\/"},"modified":"2017-10-20T07:32:09","modified_gmt":"2017-10-20T07:32:09","slug":"quickscan-bt2400","status":"publish","type":"product","link":"https:\/\/shop.axiell.com\/fi\/tuote\/quickscan-bt2400\/","title":{"rendered":"QuickScan BT2400"},"content":{"rendered":"<p>Lukija toimii Bluetooth HID yhteyden avulla kaikissa kannettavissa laitteissa (\u00e4lypuhelimet ja tabletit), joissa on Windows-, Android- tai iOS-k\u00e4ytt\u00f6j\u00e4rjestelm\u00e4. Quickscan BT 2400 lukijan kantama on jopa 25 metri\u00e4.<\/p>\n<ul>\n<li>Litiumioniakku, jolla on pitk\u00e4 toiminta-aika.<\/li>\n<li>Akun lataaminen USB-\/micro-USB-johdolla.<\/li>\n<li>Datalogicin vihre\u00e4n pisteen teknologia lukutapahtuman vahvistamista varten.<\/li>\n<li>Kest\u00e4\u00e4 putoamisen 1,5 metrist\u00e4.<\/li>\n<li>IP42-luokiteltu.<\/li>\n<li>Takuu 3 vuotta (akku 6 kk).<\/li>\n<\/ul>\n<p>Toimitussis\u00e4lt\u00f6\u00f6n kuuluu latausta varten USB-johto. Lataus hoituu johdon avulla, mutta halutessasi voit hankkia lis\u00e4varusteena my\u00f6s latausaseman. Kysy lis\u00e4tietoa ja hintaa asiakaspalvelusta.<\/p>\n<p>Lukija toimii esimerkiksi Aurora-kirjastoj\u00e4rjestelm\u00e4n kanssa.<\/p>\n","protected":false},"excerpt":{"rendered":"<p>Lukija toimii Bluetooth HID \u2011yhteyden avulla kaikissa kannettavissa laitteissa (\u00e4lypuhelimet ja tabletit), joissa on Windows-, Android- tai iOS-k\u00e4ytt\u00f6j\u00e4rjestelm\u00e4. Quickscan BT 2400 \u2011lukijan kantama on jopa 25 metri\u00e4.<\/p>\n","protected":false},"featured_media":140,"template":"","meta":[],"product_brand":[],"product_cat":[38,41],"product_tag":[452,35],"class_list":{"0":"post-847","1":"product","2":"type-product","3":"status-publish","4":"has-post-thumbnail","6":"product_cat-langattomat-lukijat","7":"product_cat-lukijat","8":"product_tag-bluetooth-fi","9":"product_tag-datalogic-fi","11":"first","12":"instock","13":"taxable","14":"shipping-taxable","15":"purchasable","16":"product-type-simple"},"yoast_head":"<!-- This site is optimized with the Yoast SEO Premium plugin v27.3 (Yoast SEO v27.3) - https:\/\/yoast.com\/product\/yoast-seo-premium-wordpress\/ -->\n<title>QuickScan BT2400 | AxiellDirekt<\/title>\n<meta name=\"robots\" content=\"index, follow, max-snippet:-1, max-image-preview:large, max-video-preview:-1\" \/>\n<link rel=\"canonical\" href=\"https:\/\/shop.axiell.com\/fi\/tuote\/quickscan-bt2400\/\" \/>\n<meta property=\"og:locale\" content=\"fi_FI\" \/>\n<meta property=\"og:type\" content=\"article\" \/>\n<meta property=\"og:title\" content=\"QuickScan BT2400\" \/>\n<meta property=\"og:description\" content=\"Lukija toimii Bluetooth HID \u2011yhteyden avulla kaikissa kannettavissa laitteissa (\u00e4lypuhelimet ja tabletit), joissa on Windows-, Android- tai iOS-k\u00e4ytt\u00f6j\u00e4rjestelm\u00e4. Quickscan BT 2400 \u2011lukijan kantama on jopa 25 metri\u00e4.\" \/>\n<meta property=\"og:url\" content=\"https:\/\/shop.axiell.com\/fi\/tuote\/quickscan-bt2400\/\" \/>\n<meta property=\"og:site_name\" content=\"AxiellDirekt\" \/>\n<meta property=\"article:modified_time\" content=\"2017-10-20T07:32:09+00:00\" \/>\n<meta property=\"og:image\" content=\"https:\/\/shop.axiell.com\/wp-content\/uploads\/2017\/05\/DATALOGIC-QSI.png\" \/>\n\t<meta property=\"og:image:width\" content=\"228\" \/>\n\t<meta property=\"og:image:height\" content=\"228\" \/>\n\t<meta property=\"og:image:type\" content=\"image\/png\" \/>\n<meta name=\"twitter:card\" content=\"summary_large_image\" \/>\n<script type=\"application\/ld+json\" class=\"yoast-schema-graph\">{\"@context\":\"https:\\\/\\\/schema.org\",\"@graph\":[{\"@type\":\"WebPage\",\"@id\":\"https:\\\/\\\/shop.axiell.com\\\/fi\\\/tuote\\\/quickscan-bt2400\\\/\",\"url\":\"https:\\\/\\\/shop.axiell.com\\\/fi\\\/tuote\\\/quickscan-bt2400\\\/\",\"name\":\"QuickScan BT2400 | AxiellDirekt\",\"isPartOf\":{\"@id\":\"https:\\\/\\\/shop.axiell.com\\\/#website\"},\"primaryImageOfPage\":{\"@id\":\"https:\\\/\\\/shop.axiell.com\\\/fi\\\/tuote\\\/quickscan-bt2400\\\/#primaryimage\"},\"image\":{\"@id\":\"https:\\\/\\\/shop.axiell.com\\\/fi\\\/tuote\\\/quickscan-bt2400\\\/#primaryimage\"},\"thumbnailUrl\":\"https:\\\/\\\/shop.axiell.com\\\/wp-content\\\/uploads\\\/2017\\\/05\\\/DATALOGIC-QSI.png\",\"datePublished\":\"2017-05-15T11:23:02+00:00\",\"dateModified\":\"2017-10-20T07:32:09+00:00\",\"breadcrumb\":{\"@id\":\"https:\\\/\\\/shop.axiell.com\\\/fi\\\/tuote\\\/quickscan-bt2400\\\/#breadcrumb\"},\"inLanguage\":\"fi\",\"potentialAction\":[{\"@type\":\"ReadAction\",\"target\":[\"https:\\\/\\\/shop.axiell.com\\\/fi\\\/tuote\\\/quickscan-bt2400\\\/\"]}]},{\"@type\":\"ImageObject\",\"inLanguage\":\"fi\",\"@id\":\"https:\\\/\\\/shop.axiell.com\\\/fi\\\/tuote\\\/quickscan-bt2400\\\/#primaryimage\",\"url\":\"https:\\\/\\\/shop.axiell.com\\\/wp-content\\\/uploads\\\/2017\\\/05\\\/DATALOGIC-QSI.png\",\"contentUrl\":\"https:\\\/\\\/shop.axiell.com\\\/wp-content\\\/uploads\\\/2017\\\/05\\\/DATALOGIC-QSI.png\",\"width\":228,\"height\":228},{\"@type\":\"BreadcrumbList\",\"@id\":\"https:\\\/\\\/shop.axiell.com\\\/fi\\\/tuote\\\/quickscan-bt2400\\\/#breadcrumb\",\"itemListElement\":[{\"@type\":\"ListItem\",\"position\":1,\"name\":\"Home\",\"item\":\"https:\\\/\\\/shop.axiell.com\\\/fi\\\/\"},{\"@type\":\"ListItem\",\"position\":2,\"name\":\"Verkkokauppa\",\"item\":\"https:\\\/\\\/shop.axiell.com\\\/fi\\\/verkkokauppa\\\/\"},{\"@type\":\"ListItem\",\"position\":3,\"name\":\"QuickScan BT2400\"}]},{\"@type\":\"WebSite\",\"@id\":\"https:\\\/\\\/shop.axiell.com\\\/#website\",\"url\":\"https:\\\/\\\/shop.axiell.com\\\/\",\"name\":\"AxiellDirekt\",\"description\":\"Axiell webshop, dedicated to libraries\",\"publisher\":{\"@id\":\"https:\\\/\\\/shop.axiell.com\\\/#organization\"},\"potentialAction\":[{\"@type\":\"SearchAction\",\"target\":{\"@type\":\"EntryPoint\",\"urlTemplate\":\"https:\\\/\\\/shop.axiell.com\\\/?s={search_term_string}\"},\"query-input\":{\"@type\":\"PropertyValueSpecification\",\"valueRequired\":true,\"valueName\":\"search_term_string\"}}],\"inLanguage\":\"fi\"},{\"@type\":\"Organization\",\"@id\":\"https:\\\/\\\/shop.axiell.com\\\/#organization\",\"name\":\"AxiellDirekt\",\"url\":\"https:\\\/\\\/shop.axiell.com\\\/\",\"logo\":{\"@type\":\"ImageObject\",\"inLanguage\":\"fi\",\"@id\":\"https:\\\/\\\/shop.axiell.com\\\/#\\\/schema\\\/logo\\\/image\\\/\",\"url\":\"https:\\\/\\\/shop.axiell.com\\\/wp-content\\\/uploads\\\/2019\\\/05\\\/cropped-axiell-logo@2.png\",\"contentUrl\":\"https:\\\/\\\/shop.axiell.com\\\/wp-content\\\/uploads\\\/2019\\\/05\\\/cropped-axiell-logo@2.png\",\"width\":225,\"height\":60,\"caption\":\"AxiellDirekt\"},\"image\":{\"@id\":\"https:\\\/\\\/shop.axiell.com\\\/#\\\/schema\\\/logo\\\/image\\\/\"}}]}<\/script>\n<!-- \/ Yoast SEO Premium plugin. -->","yoast_head_json":{"title":"QuickScan BT2400 | AxiellDirekt","robots":{"index":"index","follow":"follow","max-snippet":"max-snippet:-1","max-image-preview":"max-image-preview:large","max-video-preview":"max-video-preview:-1"},"canonical":"https:\/\/shop.axiell.com\/fi\/tuote\/quickscan-bt2400\/","og_locale":"fi_FI","og_type":"article","og_title":"QuickScan BT2400","og_description":"Lukija toimii Bluetooth HID \u2011yhteyden avulla kaikissa kannettavissa laitteissa (\u00e4lypuhelimet ja tabletit), joissa on Windows-, Android- tai iOS-k\u00e4ytt\u00f6j\u00e4rjestelm\u00e4. Quickscan BT 2400 \u2011lukijan kantama on jopa 25 metri\u00e4.","og_url":"https:\/\/shop.axiell.com\/fi\/tuote\/quickscan-bt2400\/","og_site_name":"AxiellDirekt","article_modified_time":"2017-10-20T07:32:09+00:00","og_image":[{"width":228,"height":228,"url":"https:\/\/shop.axiell.com\/wp-content\/uploads\/2017\/05\/DATALOGIC-QSI.png","type":"image\/png"}],"twitter_card":"summary_large_image","schema":{"@context":"https:\/\/schema.org","@graph":[{"@type":"WebPage","@id":"https:\/\/shop.axiell.com\/fi\/tuote\/quickscan-bt2400\/","url":"https:\/\/shop.axiell.com\/fi\/tuote\/quickscan-bt2400\/","name":"QuickScan BT2400 | AxiellDirekt","isPartOf":{"@id":"https:\/\/shop.axiell.com\/#website"},"primaryImageOfPage":{"@id":"https:\/\/shop.axiell.com\/fi\/tuote\/quickscan-bt2400\/#primaryimage"},"image":{"@id":"https:\/\/shop.axiell.com\/fi\/tuote\/quickscan-bt2400\/#primaryimage"},"thumbnailUrl":"https:\/\/shop.axiell.com\/wp-content\/uploads\/2017\/05\/DATALOGIC-QSI.png","datePublished":"2017-05-15T11:23:02+00:00","dateModified":"2017-10-20T07:32:09+00:00","breadcrumb":{"@id":"https:\/\/shop.axiell.com\/fi\/tuote\/quickscan-bt2400\/#breadcrumb"},"inLanguage":"fi","potentialAction":[{"@type":"ReadAction","target":["https:\/\/shop.axiell.com\/fi\/tuote\/quickscan-bt2400\/"]}]},{"@type":"ImageObject","inLanguage":"fi","@id":"https:\/\/shop.axiell.com\/fi\/tuote\/quickscan-bt2400\/#primaryimage","url":"https:\/\/shop.axiell.com\/wp-content\/uploads\/2017\/05\/DATALOGIC-QSI.png","contentUrl":"https:\/\/shop.axiell.com\/wp-content\/uploads\/2017\/05\/DATALOGIC-QSI.png","width":228,"height":228},{"@type":"BreadcrumbList","@id":"https:\/\/shop.axiell.com\/fi\/tuote\/quickscan-bt2400\/#breadcrumb","itemListElement":[{"@type":"ListItem","position":1,"name":"Home","item":"https:\/\/shop.axiell.com\/fi\/"},{"@type":"ListItem","position":2,"name":"Verkkokauppa","item":"https:\/\/shop.axiell.com\/fi\/verkkokauppa\/"},{"@type":"ListItem","position":3,"name":"QuickScan BT2400"}]},{"@type":"WebSite","@id":"https:\/\/shop.axiell.com\/#website","url":"https:\/\/shop.axiell.com\/","name":"AxiellDirekt","description":"Axiell webshop, dedicated to libraries","publisher":{"@id":"https:\/\/shop.axiell.com\/#organization"},"potentialAction":[{"@type":"SearchAction","target":{"@type":"EntryPoint","urlTemplate":"https:\/\/shop.axiell.com\/?s={search_term_string}"},"query-input":{"@type":"PropertyValueSpecification","valueRequired":true,"valueName":"search_term_string"}}],"inLanguage":"fi"},{"@type":"Organization","@id":"https:\/\/shop.axiell.com\/#organization","name":"AxiellDirekt","url":"https:\/\/shop.axiell.com\/","logo":{"@type":"ImageObject","inLanguage":"fi","@id":"https:\/\/shop.axiell.com\/#\/schema\/logo\/image\/","url":"https:\/\/shop.axiell.com\/wp-content\/uploads\/2019\/05\/cropped-axiell-logo@2.png","contentUrl":"https:\/\/shop.axiell.com\/wp-content\/uploads\/2019\/05\/cropped-axiell-logo@2.png","width":225,"height":60,"caption":"AxiellDirekt"},"image":{"@id":"https:\/\/shop.axiell.com\/#\/schema\/logo\/image\/"}}]}},"_links":{"self":[{"href":"https:\/\/shop.axiell.com\/fi\/wp-json\/wp\/v2\/product\/847","targetHints":{"allow":["GET"]}}],"collection":[{"href":"https:\/\/shop.axiell.com\/fi\/wp-json\/wp\/v2\/product"}],"about":[{"href":"https:\/\/shop.axiell.com\/fi\/wp-json\/wp\/v2\/types\/product"}],"wp:featuredmedia":[{"embeddable":true,"href":"https:\/\/shop.axiell.com\/fi\/wp-json\/wp\/v2\/media\/140"}],"wp:attachment":[{"href":"https:\/\/shop.axiell.com\/fi\/wp-json\/wp\/v2\/media?parent=847"}],"wp:term":[{"taxonomy":"product_brand","embeddable":true,"href":"https:\/\/shop.axiell.com\/fi\/wp-json\/wp\/v2\/product_brand?post=847"},{"taxonomy":"product_cat","embeddable":true,"href":"https:\/\/shop.axiell.com\/fi\/wp-json\/wp\/v2\/product_cat?post=847"},{"taxonomy":"product_tag","embeddable":true,"href":"https:\/\/shop.axiell.com\/fi\/wp-json\/wp\/v2\/product_tag?post=847"}],"curies":[{"name":"wp","href":"https:\/\/api.w.org\/{rel}","templated":true}]}}