{"id":167,"date":"2017-05-15T09:02:04","date_gmt":"2017-05-15T09:02:04","guid":{"rendered":"\/product\/datalogic-heron-hd3130\/"},"modified":"2017-06-21T10:40:54","modified_gmt":"2017-06-21T10:40:54","slug":"datalogic-heron-hd3130","status":"publish","type":"product","link":"https:\/\/shop.axiell.com\/fi\/tuote\/datalogic-heron-hd3130\/","title":{"rendered":"Datalogic Heron HD3130"},"content":{"rendered":"<p>Heron Black on k\u00e4sik\u00e4ytt\u00f6isen viivakoodinlukijan ja p\u00f6yt\u00e4lukijan yhdistelm\u00e4. Se lukee koodeja 0\u201320 cm:n et\u00e4isyydelt\u00e4 ja tunnistaa yleisimm\u00e4t lineaariset viivakoodit.<\/p>\n<p>Heron Black lukee nopeasti ja tarkasti jo ensimm\u00e4isell\u00e4 lukukerralla. Viivakoodinukijassa on Datalogicin patentoitu \u201dvihre\u00e4 piste\u201d, joka antaa palautteen onnistuneesta lukutapahtumasta. K\u00e4ytt\u00e4j\u00e4 sek\u00e4 n\u00e4kee ett\u00e4 kuulee, kun koodi on luettu.<\/p>\n<p>Heron Black lukijaa voidaan k\u00e4ytt\u00e4\u00e4 my\u00f6s k\u00e4yt\u00e4nn\u00f6llisen p\u00f6yt\u00e4telineen avulla. Kun lukija on sijoitettu oikein, kuuluu pieni \u00e4\u00e4nimerkki ja lukija siirtyy automaattisesti handsfree-tilaan. Vihre\u00e4 piste loistaa aina ja osoittaa k\u00e4ytt\u00e4j\u00e4lle, mihin viivakoodi sijoitetaan nopeaa lukemista varten. Heron Black on normaalisti lepotilassa. Lukija aktivoituu, kun sen eteen asetetaan viivakoodi.<\/p>\n<p>Lukija toimii esimerkiksi Aurora-j\u00e4rjestelm\u00e4n kanssa.<\/p>\n<p>Toimitetaan ohjelmoituna, mukana USB-johto.\u00a0P\u00f6yt\u00e4teline kuuluu hintaan.<\/p>\n<p>Takuu 5 vuotta.<\/p>\n","protected":false},"excerpt":{"rendered":"<p>Heron Black on k\u00e4sik\u00e4ytt\u00f6isen viivakoodinlukijan ja p\u00f6yt\u00e4lukijan yhdistelm\u00e4. Se lukee koodeja 0\u201320 cm:n et\u00e4isyydelt\u00e4 ja tunnistaa yleisimm\u00e4t lineaariset viivakoodit.<\/p>\n","protected":false},"featured_media":10175,"template":"","meta":[],"product_brand":[],"product_cat":[42,41],"product_tag":[35],"class_list":{"0":"post-167","1":"product","2":"type-product","3":"status-publish","4":"has-post-thumbnail","6":"product_cat-kasilukijat","7":"product_cat-lukijat","8":"product_tag-datalogic-fi","10":"first","11":"instock","12":"featured","13":"taxable","14":"shipping-taxable","15":"purchasable","16":"product-type-simple"},"yoast_head":"<!-- This site is optimized with the Yoast SEO Premium plugin v27.3 (Yoast SEO v27.3) - https:\/\/yoast.com\/product\/yoast-seo-premium-wordpress\/ -->\n<title>Datalogic Heron HD3130 | AxiellDirekt<\/title>\n<meta name=\"robots\" content=\"index, follow, max-snippet:-1, max-image-preview:large, max-video-preview:-1\" \/>\n<link rel=\"canonical\" href=\"https:\/\/shop.axiell.com\/fi\/tuote\/datalogic-heron-hd3130\/\" \/>\n<meta property=\"og:locale\" content=\"fi_FI\" \/>\n<meta property=\"og:type\" content=\"article\" \/>\n<meta property=\"og:title\" content=\"Datalogic Heron HD3130\" \/>\n<meta property=\"og:description\" content=\"Heron Black on k\u00e4sik\u00e4ytt\u00f6isen viivakoodinlukijan ja p\u00f6yt\u00e4lukijan yhdistelm\u00e4. Se lukee koodeja 0\u201320 cm:n et\u00e4isyydelt\u00e4 ja tunnistaa yleisimm\u00e4t lineaariset viivakoodit.\" \/>\n<meta property=\"og:url\" content=\"https:\/\/shop.axiell.com\/fi\/tuote\/datalogic-heron-hd3130\/\" \/>\n<meta property=\"og:site_name\" content=\"AxiellDirekt\" \/>\n<meta property=\"article:modified_time\" content=\"2017-06-21T10:40:54+00:00\" \/>\n<meta property=\"og:image\" content=\"https:\/\/shop.axiell.com\/wp-content\/uploads\/2017\/05\/Nya-HD3130-Stand-flex-scaled.jpg\" \/>\n\t<meta property=\"og:image:width\" content=\"768\" \/>\n\t<meta property=\"og:image:height\" content=\"1024\" \/>\n\t<meta property=\"og:image:type\" content=\"image\/jpeg\" \/>\n<meta name=\"twitter:card\" content=\"summary_large_image\" \/>\n<meta name=\"twitter:label1\" content=\"Arvioitu lukuaika\" \/>\n\t<meta name=\"twitter:data1\" content=\"1 minuutti\" \/>\n<script type=\"application\/ld+json\" class=\"yoast-schema-graph\">{\"@context\":\"https:\\\/\\\/schema.org\",\"@graph\":[{\"@type\":\"WebPage\",\"@id\":\"https:\\\/\\\/shop.axiell.com\\\/fi\\\/tuote\\\/datalogic-heron-hd3130\\\/\",\"url\":\"https:\\\/\\\/shop.axiell.com\\\/fi\\\/tuote\\\/datalogic-heron-hd3130\\\/\",\"name\":\"Datalogic Heron HD3130 | AxiellDirekt\",\"isPartOf\":{\"@id\":\"https:\\\/\\\/shop.axiell.com\\\/#website\"},\"primaryImageOfPage\":{\"@id\":\"https:\\\/\\\/shop.axiell.com\\\/fi\\\/tuote\\\/datalogic-heron-hd3130\\\/#primaryimage\"},\"image\":{\"@id\":\"https:\\\/\\\/shop.axiell.com\\\/fi\\\/tuote\\\/datalogic-heron-hd3130\\\/#primaryimage\"},\"thumbnailUrl\":\"https:\\\/\\\/shop.axiell.com\\\/wp-content\\\/uploads\\\/2017\\\/05\\\/Nya-HD3130-Stand-flex-scaled.jpg\",\"datePublished\":\"2017-05-15T09:02:04+00:00\",\"dateModified\":\"2017-06-21T10:40:54+00:00\",\"breadcrumb\":{\"@id\":\"https:\\\/\\\/shop.axiell.com\\\/fi\\\/tuote\\\/datalogic-heron-hd3130\\\/#breadcrumb\"},\"inLanguage\":\"fi\",\"potentialAction\":[{\"@type\":\"ReadAction\",\"target\":[\"https:\\\/\\\/shop.axiell.com\\\/fi\\\/tuote\\\/datalogic-heron-hd3130\\\/\"]}]},{\"@type\":\"ImageObject\",\"inLanguage\":\"fi\",\"@id\":\"https:\\\/\\\/shop.axiell.com\\\/fi\\\/tuote\\\/datalogic-heron-hd3130\\\/#primaryimage\",\"url\":\"https:\\\/\\\/shop.axiell.com\\\/wp-content\\\/uploads\\\/2017\\\/05\\\/Nya-HD3130-Stand-flex-scaled.jpg\",\"contentUrl\":\"https:\\\/\\\/shop.axiell.com\\\/wp-content\\\/uploads\\\/2017\\\/05\\\/Nya-HD3130-Stand-flex-scaled.jpg\",\"width\":768,\"height\":1024},{\"@type\":\"BreadcrumbList\",\"@id\":\"https:\\\/\\\/shop.axiell.com\\\/fi\\\/tuote\\\/datalogic-heron-hd3130\\\/#breadcrumb\",\"itemListElement\":[{\"@type\":\"ListItem\",\"position\":1,\"name\":\"Home\",\"item\":\"https:\\\/\\\/shop.axiell.com\\\/fi\\\/\"},{\"@type\":\"ListItem\",\"position\":2,\"name\":\"Verkkokauppa\",\"item\":\"https:\\\/\\\/shop.axiell.com\\\/fi\\\/verkkokauppa\\\/\"},{\"@type\":\"ListItem\",\"position\":3,\"name\":\"Datalogic Heron HD3130\"}]},{\"@type\":\"WebSite\",\"@id\":\"https:\\\/\\\/shop.axiell.com\\\/#website\",\"url\":\"https:\\\/\\\/shop.axiell.com\\\/\",\"name\":\"AxiellDirekt\",\"description\":\"Axiell webshop, dedicated to libraries\",\"publisher\":{\"@id\":\"https:\\\/\\\/shop.axiell.com\\\/#organization\"},\"potentialAction\":[{\"@type\":\"SearchAction\",\"target\":{\"@type\":\"EntryPoint\",\"urlTemplate\":\"https:\\\/\\\/shop.axiell.com\\\/?s={search_term_string}\"},\"query-input\":{\"@type\":\"PropertyValueSpecification\",\"valueRequired\":true,\"valueName\":\"search_term_string\"}}],\"inLanguage\":\"fi\"},{\"@type\":\"Organization\",\"@id\":\"https:\\\/\\\/shop.axiell.com\\\/#organization\",\"name\":\"AxiellDirekt\",\"url\":\"https:\\\/\\\/shop.axiell.com\\\/\",\"logo\":{\"@type\":\"ImageObject\",\"inLanguage\":\"fi\",\"@id\":\"https:\\\/\\\/shop.axiell.com\\\/#\\\/schema\\\/logo\\\/image\\\/\",\"url\":\"https:\\\/\\\/shop.axiell.com\\\/wp-content\\\/uploads\\\/2019\\\/05\\\/cropped-axiell-logo@2.png\",\"contentUrl\":\"https:\\\/\\\/shop.axiell.com\\\/wp-content\\\/uploads\\\/2019\\\/05\\\/cropped-axiell-logo@2.png\",\"width\":225,\"height\":60,\"caption\":\"AxiellDirekt\"},\"image\":{\"@id\":\"https:\\\/\\\/shop.axiell.com\\\/#\\\/schema\\\/logo\\\/image\\\/\"}}]}<\/script>\n<!-- \/ Yoast SEO Premium plugin. -->","yoast_head_json":{"title":"Datalogic Heron HD3130 | AxiellDirekt","robots":{"index":"index","follow":"follow","max-snippet":"max-snippet:-1","max-image-preview":"max-image-preview:large","max-video-preview":"max-video-preview:-1"},"canonical":"https:\/\/shop.axiell.com\/fi\/tuote\/datalogic-heron-hd3130\/","og_locale":"fi_FI","og_type":"article","og_title":"Datalogic Heron HD3130","og_description":"Heron Black on k\u00e4sik\u00e4ytt\u00f6isen viivakoodinlukijan ja p\u00f6yt\u00e4lukijan yhdistelm\u00e4. Se lukee koodeja 0\u201320 cm:n et\u00e4isyydelt\u00e4 ja tunnistaa yleisimm\u00e4t lineaariset viivakoodit.","og_url":"https:\/\/shop.axiell.com\/fi\/tuote\/datalogic-heron-hd3130\/","og_site_name":"AxiellDirekt","article_modified_time":"2017-06-21T10:40:54+00:00","og_image":[{"width":768,"height":1024,"url":"https:\/\/shop.axiell.com\/wp-content\/uploads\/2017\/05\/Nya-HD3130-Stand-flex-scaled.jpg","type":"image\/jpeg"}],"twitter_card":"summary_large_image","twitter_misc":{"Arvioitu lukuaika":"1 minuutti"},"schema":{"@context":"https:\/\/schema.org","@graph":[{"@type":"WebPage","@id":"https:\/\/shop.axiell.com\/fi\/tuote\/datalogic-heron-hd3130\/","url":"https:\/\/shop.axiell.com\/fi\/tuote\/datalogic-heron-hd3130\/","name":"Datalogic Heron HD3130 | AxiellDirekt","isPartOf":{"@id":"https:\/\/shop.axiell.com\/#website"},"primaryImageOfPage":{"@id":"https:\/\/shop.axiell.com\/fi\/tuote\/datalogic-heron-hd3130\/#primaryimage"},"image":{"@id":"https:\/\/shop.axiell.com\/fi\/tuote\/datalogic-heron-hd3130\/#primaryimage"},"thumbnailUrl":"https:\/\/shop.axiell.com\/wp-content\/uploads\/2017\/05\/Nya-HD3130-Stand-flex-scaled.jpg","datePublished":"2017-05-15T09:02:04+00:00","dateModified":"2017-06-21T10:40:54+00:00","breadcrumb":{"@id":"https:\/\/shop.axiell.com\/fi\/tuote\/datalogic-heron-hd3130\/#breadcrumb"},"inLanguage":"fi","potentialAction":[{"@type":"ReadAction","target":["https:\/\/shop.axiell.com\/fi\/tuote\/datalogic-heron-hd3130\/"]}]},{"@type":"ImageObject","inLanguage":"fi","@id":"https:\/\/shop.axiell.com\/fi\/tuote\/datalogic-heron-hd3130\/#primaryimage","url":"https:\/\/shop.axiell.com\/wp-content\/uploads\/2017\/05\/Nya-HD3130-Stand-flex-scaled.jpg","contentUrl":"https:\/\/shop.axiell.com\/wp-content\/uploads\/2017\/05\/Nya-HD3130-Stand-flex-scaled.jpg","width":768,"height":1024},{"@type":"BreadcrumbList","@id":"https:\/\/shop.axiell.com\/fi\/tuote\/datalogic-heron-hd3130\/#breadcrumb","itemListElement":[{"@type":"ListItem","position":1,"name":"Home","item":"https:\/\/shop.axiell.com\/fi\/"},{"@type":"ListItem","position":2,"name":"Verkkokauppa","item":"https:\/\/shop.axiell.com\/fi\/verkkokauppa\/"},{"@type":"ListItem","position":3,"name":"Datalogic Heron HD3130"}]},{"@type":"WebSite","@id":"https:\/\/shop.axiell.com\/#website","url":"https:\/\/shop.axiell.com\/","name":"AxiellDirekt","description":"Axiell webshop, dedicated to libraries","publisher":{"@id":"https:\/\/shop.axiell.com\/#organization"},"potentialAction":[{"@type":"SearchAction","target":{"@type":"EntryPoint","urlTemplate":"https:\/\/shop.axiell.com\/?s={search_term_string}"},"query-input":{"@type":"PropertyValueSpecification","valueRequired":true,"valueName":"search_term_string"}}],"inLanguage":"fi"},{"@type":"Organization","@id":"https:\/\/shop.axiell.com\/#organization","name":"AxiellDirekt","url":"https:\/\/shop.axiell.com\/","logo":{"@type":"ImageObject","inLanguage":"fi","@id":"https:\/\/shop.axiell.com\/#\/schema\/logo\/image\/","url":"https:\/\/shop.axiell.com\/wp-content\/uploads\/2019\/05\/cropped-axiell-logo@2.png","contentUrl":"https:\/\/shop.axiell.com\/wp-content\/uploads\/2019\/05\/cropped-axiell-logo@2.png","width":225,"height":60,"caption":"AxiellDirekt"},"image":{"@id":"https:\/\/shop.axiell.com\/#\/schema\/logo\/image\/"}}]}},"_links":{"self":[{"href":"https:\/\/shop.axiell.com\/fi\/wp-json\/wp\/v2\/product\/167","targetHints":{"allow":["GET"]}}],"collection":[{"href":"https:\/\/shop.axiell.com\/fi\/wp-json\/wp\/v2\/product"}],"about":[{"href":"https:\/\/shop.axiell.com\/fi\/wp-json\/wp\/v2\/types\/product"}],"wp:featuredmedia":[{"embeddable":true,"href":"https:\/\/shop.axiell.com\/fi\/wp-json\/wp\/v2\/media\/10175"}],"wp:attachment":[{"href":"https:\/\/shop.axiell.com\/fi\/wp-json\/wp\/v2\/media?parent=167"}],"wp:term":[{"taxonomy":"product_brand","embeddable":true,"href":"https:\/\/shop.axiell.com\/fi\/wp-json\/wp\/v2\/product_brand?post=167"},{"taxonomy":"product_cat","embeddable":true,"href":"https:\/\/shop.axiell.com\/fi\/wp-json\/wp\/v2\/product_cat?post=167"},{"taxonomy":"product_tag","embeddable":true,"href":"https:\/\/shop.axiell.com\/fi\/wp-json\/wp\/v2\/product_tag?post=167"}],"curies":[{"name":"wp","href":"https:\/\/api.w.org\/{rel}","templated":true}]}}