{"id":319,"date":"2017-05-23T12:45:37","date_gmt":"2017-05-23T12:45:37","guid":{"rendered":"\/asiakaspalvelu\/"},"modified":"2024-03-14T08:21:28","modified_gmt":"2024-03-14T08:21:28","slug":"asiakaspalvelu","status":"publish","type":"page","link":"https:\/\/shop.axiell.com\/fi\/asiakaspalvelu\/","title":{"rendered":"Asiakaspalvelu"},"content":{"rendered":"\t\t<div data-elementor-type=\"wp-post\" data-elementor-id=\"319\" class=\"elementor elementor-319 elementor-160\">\n\t\t\t\t\t\t<section class=\"elementor-section elementor-top-section elementor-element elementor-element-5d0dc45 elementor-section-boxed elementor-section-height-default elementor-section-height-default\" data-id=\"5d0dc45\" data-element_type=\"section\" data-e-type=\"section\">\n\t\t\t\t\t\t<div class=\"elementor-container elementor-column-gap-default\">\n\t\t\t\t\t<div class=\"elementor-column elementor-col-100 elementor-top-column elementor-element elementor-element-650e14d\" data-id=\"650e14d\" data-element_type=\"column\" data-e-type=\"column\">\n\t\t\t<div class=\"elementor-widget-wrap elementor-element-populated\">\n\t\t\t\t\t\t<div class=\"elementor-element elementor-element-dc5a22e elementor-widget elementor-widget-spacer\" data-id=\"dc5a22e\" data-element_type=\"widget\" data-e-type=\"widget\" data-widget_type=\"spacer.default\">\n\t\t\t\t<div class=\"elementor-widget-container\">\n\t\t\t\t\t\t\t<div class=\"elementor-spacer\">\n\t\t\t<div class=\"elementor-spacer-inner\"><\/div>\n\t\t<\/div>\n\t\t\t\t\t\t<\/div>\n\t\t\t\t<\/div>\n\t\t\t\t<div class=\"elementor-element elementor-element-769a10f elementor-widget elementor-widget-heading\" data-id=\"769a10f\" data-element_type=\"widget\" data-e-type=\"widget\" data-widget_type=\"heading.default\">\n\t\t\t\t<div class=\"elementor-widget-container\">\n\t\t\t\t\t<h1 class=\"elementor-heading-title elementor-size-default\">AxiellDirekt Asiakaspalvelu<\/h1>\t\t\t\t<\/div>\n\t\t\t\t<\/div>\n\t\t\t\t<div class=\"elementor-element elementor-element-ee687d0 elementor-widget elementor-widget-spacer\" data-id=\"ee687d0\" data-element_type=\"widget\" data-e-type=\"widget\" data-widget_type=\"spacer.default\">\n\t\t\t\t<div class=\"elementor-widget-container\">\n\t\t\t\t\t\t\t<div class=\"elementor-spacer\">\n\t\t\t<div class=\"elementor-spacer-inner\"><\/div>\n\t\t<\/div>\n\t\t\t\t\t\t<\/div>\n\t\t\t\t<\/div>\n\t\t\t\t\t<\/div>\n\t\t<\/div>\n\t\t\t\t\t<\/div>\n\t\t<\/section>\n\t\t\t\t<section class=\"elementor-section elementor-top-section elementor-element elementor-element-ad49ce9 elementor-section-stretched elementor-section-boxed elementor-section-height-default elementor-section-height-default\" data-id=\"ad49ce9\" data-element_type=\"section\" data-e-type=\"section\" data-settings=\"{&quot;stretch_section&quot;:&quot;section-stretched&quot;,&quot;background_background&quot;:&quot;classic&quot;}\">\n\t\t\t\t\t\t<div class=\"elementor-container elementor-column-gap-wide\">\n\t\t\t\t\t<div class=\"elementor-column elementor-col-50 elementor-top-column elementor-element elementor-element-6a3eb28\" data-id=\"6a3eb28\" data-element_type=\"column\" data-e-type=\"column\">\n\t\t\t<div class=\"elementor-widget-wrap elementor-element-populated\">\n\t\t\t\t\t\t<div class=\"elementor-element elementor-element-026c048 elementor-widget elementor-widget-spacer\" data-id=\"026c048\" data-element_type=\"widget\" data-e-type=\"widget\" data-widget_type=\"spacer.default\">\n\t\t\t\t<div class=\"elementor-widget-container\">\n\t\t\t\t\t\t\t<div class=\"elementor-spacer\">\n\t\t\t<div class=\"elementor-spacer-inner\"><\/div>\n\t\t<\/div>\n\t\t\t\t\t\t<\/div>\n\t\t\t\t<\/div>\n\t\t\t\t<div class=\"elementor-element elementor-element-950175b elementor-widget elementor-widget-heading\" data-id=\"950175b\" data-element_type=\"widget\" data-e-type=\"widget\" data-widget_type=\"heading.default\">\n\t\t\t\t<div class=\"elementor-widget-container\">\n\t\t\t\t\t<h2 class=\"elementor-heading-title elementor-size-default\">Asiakaspalvelu<\/h2>\t\t\t\t<\/div>\n\t\t\t\t<\/div>\n\t\t\t\t<div class=\"elementor-element elementor-element-56fa036 elementor-widget-divider--view-line elementor-widget elementor-widget-divider\" data-id=\"56fa036\" data-element_type=\"widget\" data-e-type=\"widget\" data-widget_type=\"divider.default\">\n\t\t\t\t<div class=\"elementor-widget-container\">\n\t\t\t\t\t\t\t<div class=\"elementor-divider\">\n\t\t\t<span class=\"elementor-divider-separator\">\n\t\t\t\t\t\t<\/span>\n\t\t<\/div>\n\t\t\t\t\t\t<\/div>\n\t\t\t\t<\/div>\n\t\t\t\t<div class=\"elementor-element elementor-element-5b201e0 elementor-widget elementor-widget-text-editor\" data-id=\"5b201e0\" data-element_type=\"widget\" data-e-type=\"widget\" data-widget_type=\"text-editor.default\">\n\t\t\t\t<div class=\"elementor-widget-container\">\n\t\t\t\t\t\t\t\t\t<h3 style=\"text-align: center\">Tuotteiden palautusehdot<\/h3>\n<p style=\"text-align: center\">Tarjoamme tuotteillemme ta\u0308yden vaihto- ja palautusoikeuden, mika\u0308li et ole tyytyva\u0308inen tilaamaasi tuotteeseen. Olethan meihin yhteydessa\u0308 puhelimitse ennen tuotteen palautusta: 029 000 9500, arkisin klo 8-16.<\/p>\n<h3 style=\"text-align: center\">Palautusosoite<\/h3>\n<p style=\"text-align: center\">Axiell Sverige AB<br>Lager\/AxiellDirekt<br>Mobilv\u00e4gen 4<br>223 62 Lund, Sverige<\/p>\n<h3 style=\"text-align: center\">Tuotetuki<\/h3>\n<p style=\"text-align: center\">Annamme tukea Axiellin kautta ostetuille tuotteille. Tuotetukea antaa kirjastotuki puhelimitse: 0800 189 566 tai sa\u0308hko\u0308postilla: <a href=\"mailto:support-fi@axiell.com\">support-fi@axiell.com<\/a>, arkisin klo 8-16<\/p>\t\t\t\t\t\t\t\t<\/div>\n\t\t\t\t<\/div>\n\t\t\t\t<div class=\"elementor-element elementor-element-4ae3529 elementor-align-center elementor-widget elementor-widget-button\" data-id=\"4ae3529\" data-element_type=\"widget\" data-e-type=\"widget\" data-widget_type=\"button.default\">\n\t\t\t\t<div class=\"elementor-widget-container\">\n\t\t\t\t\t\t\t\t\t<div class=\"elementor-button-wrapper\">\n\t\t\t\t\t<a class=\"elementor-button elementor-button-link elementor-size-md\" href=\"https:\/\/customer.hornbill.com\/axiell\/\">\n\t\t\t\t\t\t<span class=\"elementor-button-content-wrapper\">\n\t\t\t\t\t\t\t\t\t<span class=\"elementor-button-text\">Asiakaspalveluportaali<\/span>\n\t\t\t\t\t<\/span>\n\t\t\t\t\t<\/a>\n\t\t\t\t<\/div>\n\t\t\t\t\t\t\t\t<\/div>\n\t\t\t\t<\/div>\n\t\t\t\t<div class=\"elementor-element elementor-element-3bc17ad elementor-widget elementor-widget-text-editor\" data-id=\"3bc17ad\" data-element_type=\"widget\" data-e-type=\"widget\" data-widget_type=\"text-editor.default\">\n\t\t\t\t<div class=\"elementor-widget-container\">\n\t\t\t\t\t\t\t\t\t<h3 style=\"text-align: center\">\nTietoa tuotteista<\/h3>\n<p style=\"text-align: center\">Kysy lisa\u0308a\u0308 tuotteista palautuslomakkeen avulla tai puhelimitse: 029 000 9500, arkisin klo 8-16.<\/p>\n<h3 style=\"text-align: center\">Henkilo\u0308kohtainen palvelu<\/h3>\n<p style=\"text-align: center\">Tarvitsetko apua tilauksen tekemisessa\u0308? Ota yhteytta\u0308 soittamalla numeroon 029 000 9500 tai la\u0308hetta\u0308ma\u0308lla\u0308 sa\u0308hko\u0308postia osoitteeseen <a href=\"mailto:support-fi@axiell.com\">support-fi@axiell.com<\/a>. Tukemme on paikalla arkisin klo 8 \u2013 16.<\/p>\n\t\t\t\t\t\t\t\t<\/div>\n\t\t\t\t<\/div>\n\t\t\t\t<div class=\"elementor-element elementor-element-39496a9 elementor-widget elementor-widget-spacer\" data-id=\"39496a9\" data-element_type=\"widget\" data-e-type=\"widget\" data-widget_type=\"spacer.default\">\n\t\t\t\t<div class=\"elementor-widget-container\">\n\t\t\t\t\t\t\t<div class=\"elementor-spacer\">\n\t\t\t<div class=\"elementor-spacer-inner\"><\/div>\n\t\t<\/div>\n\t\t\t\t\t\t<\/div>\n\t\t\t\t<\/div>\n\t\t\t\t\t<\/div>\n\t\t<\/div>\n\t\t\t\t<div class=\"elementor-column elementor-col-50 elementor-top-column elementor-element elementor-element-f167493\" data-id=\"f167493\" data-element_type=\"column\" data-e-type=\"column\">\n\t\t\t<div class=\"elementor-widget-wrap elementor-element-populated\">\n\t\t\t\t\t\t<div class=\"elementor-element elementor-element-7ada34d elementor-widget elementor-widget-spacer\" data-id=\"7ada34d\" data-element_type=\"widget\" data-e-type=\"widget\" data-widget_type=\"spacer.default\">\n\t\t\t\t<div class=\"elementor-widget-container\">\n\t\t\t\t\t\t\t<div class=\"elementor-spacer\">\n\t\t\t<div class=\"elementor-spacer-inner\"><\/div>\n\t\t<\/div>\n\t\t\t\t\t\t<\/div>\n\t\t\t\t<\/div>\n\t\t\t\t<div class=\"elementor-element elementor-element-2eafb8b elementor-widget elementor-widget-heading\" data-id=\"2eafb8b\" data-element_type=\"widget\" data-e-type=\"widget\" data-widget_type=\"heading.default\">\n\t\t\t\t<div class=\"elementor-widget-container\">\n\t\t\t\t\t<h2 class=\"elementor-heading-title elementor-size-default\">Yleiset sopimusehdot<\/h2>\t\t\t\t<\/div>\n\t\t\t\t<\/div>\n\t\t\t\t<div class=\"elementor-element elementor-element-6be7340 elementor-widget-divider--view-line elementor-widget elementor-widget-divider\" data-id=\"6be7340\" data-element_type=\"widget\" data-e-type=\"widget\" data-widget_type=\"divider.default\">\n\t\t\t\t<div class=\"elementor-widget-container\">\n\t\t\t\t\t\t\t<div class=\"elementor-divider\">\n\t\t\t<span class=\"elementor-divider-separator\">\n\t\t\t\t\t\t<\/span>\n\t\t<\/div>\n\t\t\t\t\t\t<\/div>\n\t\t\t\t<\/div>\n\t\t\t\t<div class=\"elementor-element elementor-element-ed720bf elementor-widget elementor-widget-text-editor\" data-id=\"ed720bf\" data-element_type=\"widget\" data-e-type=\"widget\" data-widget_type=\"text-editor.default\">\n\t\t\t\t<div class=\"elementor-widget-container\">\n\t\t\t\t\t\t\t\t\t<h3 style=\"text-align: center\">Hinnat<\/h3>\n<p style=\"text-align: center\">Hinnat ilmoitetaan euroissa (Alv 0 %). Laskutuksessa ka\u0308yto\u0308ssa\u0308 ka\u0308a\u0308nnetty arvonlisa\u0308verovelvollisuus, jolloin ostaja vastaa arvonlisa\u0308veron maksusta. Mika\u0308li ette ole arvonlisa\u0308verovelvollisia Suomessa, niin lisa\u0308a\u0308mme hintoihin arvonlisa\u0308veroa 25 %.<\/p>\n<h3 style=\"text-align: center\">Toimitus<\/h3>\n<p style=\"text-align: center\">Kiintea\u0308 toimitusmaksu on 30 \u20ac (euroa) riippumatta tuotteiden ma\u0308a\u0308ra\u0308sta\u0308. Pyrimme la\u0308hetta\u0308ma\u0308a\u0308n tilatut tuotteet muutaman pa\u0308iva\u0308n sisa\u0308lla\u0308 tilauksesta. Muussa tapauksessa ilmoitamme viiva\u0308styksesta\u0308.<br>Vientimyynniss\u00e4 EU:n ulkopuolelle lis\u00e4t\u00e4\u00e4n kulut.<br><\/p>\n<h3 style=\"text-align: center\">Maksutavat<\/h3>\n<p style=\"text-align: center\">Tuotteet maksetaan laskulla, jossa on 30:n pa\u0308iva\u0308n maksuaika. Laskuttaja on Axiell Sverige AB. Yliaikakorko on voimassaolevan korkolain mukainen. Pida\u0308ta\u0308mme oikeuden tarkistaa asiakkaan luottotiedot.<\/p>\n<h3 style=\"text-align: center\">Takuu<\/h3>\n<p style=\"text-align: center\">Useimilla tuotteilla on 12 kuukauden takuuaika. Joillekin tuotteille myo\u0308nna\u0308mme pidemma\u0308n takuuajan, jolloin se on mainittu tuotetiedoissa.<\/p>\n<h3 style=\"text-align: center\">Mainostaminen ja markkinointi<\/h3>\n<p style=\"text-align: center\">Pida\u0308ta\u0308mme oikeuden tallentaa verkkokauppaamme rekistero\u0308ityjen ihmisten yhteystiedot ja la\u0308hetta\u0308a\u0308 heille mainos- ja markkinointimateriaalia.<br><a href=\"https:\/\/shop.axiell.com\/fi\/toimitusehdot\/\">https:\/\/shop.axiell.com\/fi\/toimitusehdot\/<\/a><\/p>\t\t\t\t\t\t\t\t<\/div>\n\t\t\t\t<\/div>\n\t\t\t\t<div class=\"elementor-element elementor-element-49cbe7d elementor-widget elementor-widget-spacer\" data-id=\"49cbe7d\" data-element_type=\"widget\" data-e-type=\"widget\" data-widget_type=\"spacer.default\">\n\t\t\t\t<div class=\"elementor-widget-container\">\n\t\t\t\t\t\t\t<div class=\"elementor-spacer\">\n\t\t\t<div class=\"elementor-spacer-inner\"><\/div>\n\t\t<\/div>\n\t\t\t\t\t\t<\/div>\n\t\t\t\t<\/div>\n\t\t\t\t\t<\/div>\n\t\t<\/div>\n\t\t\t\t\t<\/div>\n\t\t<\/section>\n\t\t\t\t<\/div>\n\t\t","protected":false},"excerpt":{"rendered":"<p>AxiellDirekt Asiakaspalvelu Asiakaspalvelu Tuotteiden palautusehdot Tarjoamme tuotteillemme ta\u0308yden vaihto- ja palautusoikeuden, mika\u0308li et ole tyytyva\u0308inen tilaamaasi tuotteeseen. Olethan meihin yhteydessa\u0308 puhelimitse ennen tuotteen palautusta: 029 000 9500, arkisin klo 8-16. Palautusosoite Axiell Sverige ABLager\/AxiellDirektMobilv\u00e4gen 4223 62 Lund, Sverige Tuotetuki Annamme tukea Axiellin kautta ostetuille tuotteille. Tuotetukea antaa kirjastotuki puhelimitse: 0800 189 566 tai sa\u0308hko\u0308postilla: support-fi@axiell.com, [&hellip;]<\/p>\n","protected":false},"author":0,"featured_media":0,"parent":0,"menu_order":0,"comment_status":"closed","ping_status":"closed","template":"template-fullwidth.php","meta":{"footnotes":""},"class_list":["post-319","page","type-page","status-publish","hentry"],"yoast_head":"<!-- This site is optimized with the Yoast SEO Premium plugin v27.3 (Yoast SEO v27.3) - https:\/\/yoast.com\/product\/yoast-seo-premium-wordpress\/ -->\n<title>Asiakaspalvelu | AxiellDirekt<\/title>\n<meta name=\"robots\" content=\"index, follow, max-snippet:-1, max-image-preview:large, max-video-preview:-1\" \/>\n<link rel=\"canonical\" href=\"https:\/\/shop.axiell.com\/fi\/asiakaspalvelu\/\" \/>\n<meta property=\"og:locale\" content=\"fi_FI\" \/>\n<meta property=\"og:type\" content=\"article\" \/>\n<meta property=\"og:title\" content=\"Asiakaspalvelu\" \/>\n<meta property=\"og:description\" content=\"AxiellDirekt Asiakaspalvelu Asiakaspalvelu Tuotteiden palautusehdot Tarjoamme tuotteillemme ta\u0308yden vaihto- ja palautusoikeuden, mika\u0308li et ole tyytyva\u0308inen tilaamaasi tuotteeseen. Olethan meihin yhteydessa\u0308 puhelimitse ennen tuotteen palautusta: 029 000 9500, arkisin klo 8-16. Palautusosoite Axiell Sverige ABLager\/AxiellDirektMobilv\u00e4gen 4223 62 Lund, Sverige Tuotetuki Annamme tukea Axiellin kautta ostetuille tuotteille. Tuotetukea antaa kirjastotuki puhelimitse: 0800 189 566 tai sa\u0308hko\u0308postilla: support-fi@axiell.com, [&hellip;]\" \/>\n<meta property=\"og:url\" content=\"https:\/\/shop.axiell.com\/fi\/asiakaspalvelu\/\" \/>\n<meta property=\"og:site_name\" content=\"AxiellDirekt\" \/>\n<meta property=\"article:modified_time\" content=\"2024-03-14T08:21:28+00:00\" \/>\n<meta name=\"twitter:card\" content=\"summary_large_image\" \/>\n<meta name=\"twitter:label1\" content=\"Arvioitu lukuaika\" \/>\n\t<meta name=\"twitter:data1\" content=\"1 minuutti\" \/>\n<script type=\"application\/ld+json\" class=\"yoast-schema-graph\">{\"@context\":\"https:\\\/\\\/schema.org\",\"@graph\":[{\"@type\":\"WebPage\",\"@id\":\"https:\\\/\\\/shop.axiell.com\\\/fi\\\/asiakaspalvelu\\\/\",\"url\":\"https:\\\/\\\/shop.axiell.com\\\/fi\\\/asiakaspalvelu\\\/\",\"name\":\"Asiakaspalvelu | AxiellDirekt\",\"isPartOf\":{\"@id\":\"https:\\\/\\\/shop.axiell.com\\\/#website\"},\"datePublished\":\"2017-05-23T12:45:37+00:00\",\"dateModified\":\"2024-03-14T08:21:28+00:00\",\"breadcrumb\":{\"@id\":\"https:\\\/\\\/shop.axiell.com\\\/fi\\\/asiakaspalvelu\\\/#breadcrumb\"},\"inLanguage\":\"fi\",\"potentialAction\":[{\"@type\":\"ReadAction\",\"target\":[\"https:\\\/\\\/shop.axiell.com\\\/fi\\\/asiakaspalvelu\\\/\"]}]},{\"@type\":\"BreadcrumbList\",\"@id\":\"https:\\\/\\\/shop.axiell.com\\\/fi\\\/asiakaspalvelu\\\/#breadcrumb\",\"itemListElement\":[{\"@type\":\"ListItem\",\"position\":1,\"name\":\"Home\",\"item\":\"https:\\\/\\\/shop.axiell.com\\\/fi\\\/\"},{\"@type\":\"ListItem\",\"position\":2,\"name\":\"Asiakaspalvelu\"}]},{\"@type\":\"WebSite\",\"@id\":\"https:\\\/\\\/shop.axiell.com\\\/#website\",\"url\":\"https:\\\/\\\/shop.axiell.com\\\/\",\"name\":\"AxiellDirekt\",\"description\":\"Axiell webshop, dedicated to libraries\",\"publisher\":{\"@id\":\"https:\\\/\\\/shop.axiell.com\\\/#organization\"},\"potentialAction\":[{\"@type\":\"SearchAction\",\"target\":{\"@type\":\"EntryPoint\",\"urlTemplate\":\"https:\\\/\\\/shop.axiell.com\\\/?s={search_term_string}\"},\"query-input\":{\"@type\":\"PropertyValueSpecification\",\"valueRequired\":true,\"valueName\":\"search_term_string\"}}],\"inLanguage\":\"fi\"},{\"@type\":\"Organization\",\"@id\":\"https:\\\/\\\/shop.axiell.com\\\/#organization\",\"name\":\"AxiellDirekt\",\"url\":\"https:\\\/\\\/shop.axiell.com\\\/\",\"logo\":{\"@type\":\"ImageObject\",\"inLanguage\":\"fi\",\"@id\":\"https:\\\/\\\/shop.axiell.com\\\/#\\\/schema\\\/logo\\\/image\\\/\",\"url\":\"https:\\\/\\\/shop.axiell.com\\\/wp-content\\\/uploads\\\/2019\\\/05\\\/cropped-axiell-logo@2.png\",\"contentUrl\":\"https:\\\/\\\/shop.axiell.com\\\/wp-content\\\/uploads\\\/2019\\\/05\\\/cropped-axiell-logo@2.png\",\"width\":225,\"height\":60,\"caption\":\"AxiellDirekt\"},\"image\":{\"@id\":\"https:\\\/\\\/shop.axiell.com\\\/#\\\/schema\\\/logo\\\/image\\\/\"}}]}<\/script>\n<!-- \/ Yoast SEO Premium plugin. -->","yoast_head_json":{"title":"Asiakaspalvelu | AxiellDirekt","robots":{"index":"index","follow":"follow","max-snippet":"max-snippet:-1","max-image-preview":"max-image-preview:large","max-video-preview":"max-video-preview:-1"},"canonical":"https:\/\/shop.axiell.com\/fi\/asiakaspalvelu\/","og_locale":"fi_FI","og_type":"article","og_title":"Asiakaspalvelu","og_description":"AxiellDirekt Asiakaspalvelu Asiakaspalvelu Tuotteiden palautusehdot Tarjoamme tuotteillemme ta\u0308yden vaihto- ja palautusoikeuden, mika\u0308li et ole tyytyva\u0308inen tilaamaasi tuotteeseen. Olethan meihin yhteydessa\u0308 puhelimitse ennen tuotteen palautusta: 029 000 9500, arkisin klo 8-16. Palautusosoite Axiell Sverige ABLager\/AxiellDirektMobilv\u00e4gen 4223 62 Lund, Sverige Tuotetuki Annamme tukea Axiellin kautta ostetuille tuotteille. Tuotetukea antaa kirjastotuki puhelimitse: 0800 189 566 tai sa\u0308hko\u0308postilla: support-fi@axiell.com, [&hellip;]","og_url":"https:\/\/shop.axiell.com\/fi\/asiakaspalvelu\/","og_site_name":"AxiellDirekt","article_modified_time":"2024-03-14T08:21:28+00:00","twitter_card":"summary_large_image","twitter_misc":{"Arvioitu lukuaika":"1 minuutti"},"schema":{"@context":"https:\/\/schema.org","@graph":[{"@type":"WebPage","@id":"https:\/\/shop.axiell.com\/fi\/asiakaspalvelu\/","url":"https:\/\/shop.axiell.com\/fi\/asiakaspalvelu\/","name":"Asiakaspalvelu | AxiellDirekt","isPartOf":{"@id":"https:\/\/shop.axiell.com\/#website"},"datePublished":"2017-05-23T12:45:37+00:00","dateModified":"2024-03-14T08:21:28+00:00","breadcrumb":{"@id":"https:\/\/shop.axiell.com\/fi\/asiakaspalvelu\/#breadcrumb"},"inLanguage":"fi","potentialAction":[{"@type":"ReadAction","target":["https:\/\/shop.axiell.com\/fi\/asiakaspalvelu\/"]}]},{"@type":"BreadcrumbList","@id":"https:\/\/shop.axiell.com\/fi\/asiakaspalvelu\/#breadcrumb","itemListElement":[{"@type":"ListItem","position":1,"name":"Home","item":"https:\/\/shop.axiell.com\/fi\/"},{"@type":"ListItem","position":2,"name":"Asiakaspalvelu"}]},{"@type":"WebSite","@id":"https:\/\/shop.axiell.com\/#website","url":"https:\/\/shop.axiell.com\/","name":"AxiellDirekt","description":"Axiell webshop, dedicated to libraries","publisher":{"@id":"https:\/\/shop.axiell.com\/#organization"},"potentialAction":[{"@type":"SearchAction","target":{"@type":"EntryPoint","urlTemplate":"https:\/\/shop.axiell.com\/?s={search_term_string}"},"query-input":{"@type":"PropertyValueSpecification","valueRequired":true,"valueName":"search_term_string"}}],"inLanguage":"fi"},{"@type":"Organization","@id":"https:\/\/shop.axiell.com\/#organization","name":"AxiellDirekt","url":"https:\/\/shop.axiell.com\/","logo":{"@type":"ImageObject","inLanguage":"fi","@id":"https:\/\/shop.axiell.com\/#\/schema\/logo\/image\/","url":"https:\/\/shop.axiell.com\/wp-content\/uploads\/2019\/05\/cropped-axiell-logo@2.png","contentUrl":"https:\/\/shop.axiell.com\/wp-content\/uploads\/2019\/05\/cropped-axiell-logo@2.png","width":225,"height":60,"caption":"AxiellDirekt"},"image":{"@id":"https:\/\/shop.axiell.com\/#\/schema\/logo\/image\/"}}]}},"_links":{"self":[{"href":"https:\/\/shop.axiell.com\/fi\/wp-json\/wp\/v2\/pages\/319","targetHints":{"allow":["GET"]}}],"collection":[{"href":"https:\/\/shop.axiell.com\/fi\/wp-json\/wp\/v2\/pages"}],"about":[{"href":"https:\/\/shop.axiell.com\/fi\/wp-json\/wp\/v2\/types\/page"}],"replies":[{"embeddable":true,"href":"https:\/\/shop.axiell.com\/fi\/wp-json\/wp\/v2\/comments?post=319"}],"version-history":[{"count":64,"href":"https:\/\/shop.axiell.com\/fi\/wp-json\/wp\/v2\/pages\/319\/revisions"}],"predecessor-version":[{"id":10000,"href":"https:\/\/shop.axiell.com\/fi\/wp-json\/wp\/v2\/pages\/319\/revisions\/10000"}],"wp:attachment":[{"href":"https:\/\/shop.axiell.com\/fi\/wp-json\/wp\/v2\/media?parent=319"}],"curies":[{"name":"wp","href":"https:\/\/api.w.org\/{rel}","templated":true}]}}